{"id":7268,"date":"2025-08-26T09:16:08","date_gmt":"2025-08-26T07:16:08","guid":{"rendered":"https:\/\/ofertacular.com\/index.php\/producto\/clarks-zapatillas-2\/"},"modified":"2025-08-26T09:16:08","modified_gmt":"2025-08-26T07:16:08","slug":"clarks-zapatillas-2","status":"publish","type":"product","link":"https:\/\/ofertacular.com\/index.php\/producto\/clarks-zapatillas-2\/","title":{"rendered":"Clarks Zapatillas"},"content":{"rendered":"<div class=\"oferta-container\">\n<p>\ud83d\udfe5 <b>AHORRA AQU\u00cd<\/b> \ud83d\udfe5 #Publicidad #Amazon #16<\/p>\n<p>\ud83d\udd34 <b>Zapatillas Clarks <\/b><\/p>\n<p>\u2705 <b>AHORA 33.98 \u20ac<\/b> \u2714\ufe0f\ud83d\udfe1<\/p>\n<p>\u274c Antes 69.95 \u20ac<\/p>\n<p>\ud83d\uded2: <a href=\"https:\/\/btz.es\/4UXHbBg\" target=\"_blank\" rel=\"nofollow noopener\">https:\/\/btz.es\/4UXHbBg<\/a><\/p>\n<p>Descubre las Zapatillas Clarks, el calzado perfecto que combina estilo y confort para el d\u00eda a d\u00eda. Clarks es una marca reconocida mundialmente por su compromiso con la calidad y el dise\u00f1o ergon\u00f3mico, ofreciendo zapatillas que se adaptan perfectamente a tu pie, brindando m\u00e1xima comodidad incluso en largas jornadas. Estas zapatillas cuentan con suelas resistentes y materiales de alta durabilidad, ideales para cualquier tipo de uso, desde actividades urbanas hasta paseos casuales. Adem\u00e1s, su dise\u00f1o moderno y sofisticado las convierte en un accesorio imprescindible para cualquier outfit, aportando un toque elegante y desenfadado a tu estilo personal. La transpirabilidad y el soporte que proporcionan las zapatillas Clarks garantizan un bienestar \u00f3ptimo para tus pies, previniendo molestias y fatiga. Ideal para personas que buscan un equilibrio entre moda y funcionalidad, este calzado es vers\u00e1til y se adapta f\u00e1cilmente a diferentes contextos, ya sea trabajo, ocio o deporte ligero. No pierdas la oportunidad de renovar tu colecci\u00f3n con las Zapatillas Clarks, que combinan tecnolog\u00eda avanzada en calzado con una est\u00e9tica atemporal, dise\u00f1adas para quienes valoran la calidad y el buen gusto. Elige zapatillas que protejan, estilicen y acompa\u00f1en cada paso que das, elige Clarks, l\u00edder en innovaci\u00f3n y confort en el mundo del calzado.<\/p>\n<\/p><\/div>\n","protected":false},"excerpt":{"rendered":"<p>\ud83d\udfe5 AHORRA AQU\u00cd \ud83d\udfe5 #Publicidad #Amazon #16 \ud83d\udd34 Zapatillas Clarks \u2705 AHORA 33.98 \u20ac \u2714\ufe0f\ud83d\udfe1 \u274c Antes 69.95 \u20ac \ud83d\uded2: https:\/\/btz.es\/4UXHbBg Descubre las Zapatillas Clarks, el calzado perfecto que combina estilo y confort para el d\u00eda a d\u00eda. Clarks es una marca reconocida mundialmente por su compromiso con la calidad y el dise\u00f1o ergon\u00f3mico, ofreciendo [&hellip;]<\/p>\n","protected":false},"featured_media":7267,"template":"","meta":{"_gspb_post_css":""},"store":[],"product_brand":[],"product_cat":[16],"product_tag":[],"class_list":{"0":"post-7268","1":"product","2":"type-product","3":"status-publish","4":"has-post-thumbnail","6":"product_cat-sin-categorizar","8":"first","9":"instock","10":"sale","11":"shipping-taxable","12":"product-type-external"},"jetpack_sharing_enabled":true,"_links":{"self":[{"href":"https:\/\/ofertacular.com\/index.php\/wp-json\/wp\/v2\/product\/7268","targetHints":{"allow":["GET"]}}],"collection":[{"href":"https:\/\/ofertacular.com\/index.php\/wp-json\/wp\/v2\/product"}],"about":[{"href":"https:\/\/ofertacular.com\/index.php\/wp-json\/wp\/v2\/types\/product"}],"wp:featuredmedia":[{"embeddable":true,"href":"https:\/\/ofertacular.com\/index.php\/wp-json\/wp\/v2\/media\/7267"}],"wp:attachment":[{"href":"https:\/\/ofertacular.com\/index.php\/wp-json\/wp\/v2\/media?parent=7268"}],"wp:term":[{"taxonomy":"store","embeddable":true,"href":"https:\/\/ofertacular.com\/index.php\/wp-json\/wp\/v2\/store?post=7268"},{"taxonomy":"product_brand","embeddable":true,"href":"https:\/\/ofertacular.com\/index.php\/wp-json\/wp\/v2\/product_brand?post=7268"},{"taxonomy":"product_cat","embeddable":true,"href":"https:\/\/ofertacular.com\/index.php\/wp-json\/wp\/v2\/product_cat?post=7268"},{"taxonomy":"product_tag","embeddable":true,"href":"https:\/\/ofertacular.com\/index.php\/wp-json\/wp\/v2\/product_tag?post=7268"}],"curies":[{"name":"wp","href":"https:\/\/api.w.org\/{rel}","templated":true}]}}