{"id":7276,"date":"2025-08-26T09:29:57","date_gmt":"2025-08-26T07:29:57","guid":{"rendered":"https:\/\/ofertacular.com\/index.php\/producto\/adidas-backpack\/"},"modified":"2025-08-26T09:29:57","modified_gmt":"2025-08-26T07:29:57","slug":"adidas-backpack","status":"publish","type":"product","link":"https:\/\/ofertacular.com\/index.php\/producto\/adidas-backpack\/","title":{"rendered":"adidas Backpack"},"content":{"rendered":"<div class=\"oferta-container\">\n<p>\ud83d\udfe5 <b>EXCLUSIVO<\/b> \ud83d\udfe5 #Publicidad #Amazon #16<\/p>\n<p>\ud83d\udd34 <b>Mochila Adidas <\/b><\/p>\n<p>\u2705 <b>AHORA 19.99 \u20ac<\/b> \u2714\ufe0f\ud83d\udfe1<\/p>\n<p>\u274c Antes 22.39 \u20ac<\/p>\n<p>\ud83d\uded2: <a href=\"https:\/\/btz.es\/4UXK4ZZ\" target=\"_blank\" rel=\"nofollow noopener\">https:\/\/btz.es\/4UXK4ZZ<\/a><\/p>\n<p>La mochila Adidas es la elecci\u00f3n ideal para quienes buscan combinar estilo, funcionalidad y durabilidad en un solo accesorio. Fabricada con materiales de alta calidad, esta mochila est\u00e1 dise\u00f1ada para soportar el uso diario, ideal para estudiantes, deportistas y profesionales que necesitan llevar sus pertenencias de manera organizada y segura. Con un dise\u00f1o moderno y elegante, la mochila Adidas proporciona m\u00faltiples compartimentos que permiten almacenar desde libros y laptops hasta ropa deportiva y objetos personales, facilitando un acceso r\u00e1pido y c\u00f3modo. Su construcci\u00f3n ergon\u00f3mica incluye correas ajustables y acolchadas que garantizan una distribuci\u00f3n uniforme del peso, reduciendo la fatiga en los hombros y la espalda, haci\u00e9ndola perfecta para largos trayectos o d\u00edas de uso intensivo. La marca Adidas no solo asegura una est\u00e9tica reconocida mundialmente sino tambi\u00e9n un rendimiento excepcional que acompa\u00f1a a sus usuarios en todas sus actividades diarias. Caracter\u00edsticas adicionales como cremalleras resistentes, bolsillos internos y externos, y materiales impermeables agregan versatilidad y protecci\u00f3n contra las inclemencias del tiempo. Adem\u00e1s, su dise\u00f1o unisex y variedad de colores disponibles permiten que esta mochila se adapte a cualquier estilo personal, ampliando sus opciones para todos los gustos y preferencias. Esta mochila Adidas es una inversi\u00f3n que combina calidad, innovaci\u00f3n y estilo, posicion\u00e1ndola como un accesorio indispensable para quienes buscan destacar con funcionalidad y buen gusto. Al elegir una mochila Adidas, est\u00e1s optando por un producto respaldado por a\u00f1os de experiencia en la industria deportiva y de moda, garantizando una experiencia superior en cada uso.<\/p>\n<\/p><\/div>\n","protected":false},"excerpt":{"rendered":"<p>\ud83d\udfe5 EXCLUSIVO \ud83d\udfe5 #Publicidad #Amazon #16 \ud83d\udd34 Mochila Adidas \u2705 AHORA 19.99 \u20ac \u2714\ufe0f\ud83d\udfe1 \u274c Antes 22.39 \u20ac \ud83d\uded2: https:\/\/btz.es\/4UXK4ZZ La mochila Adidas es la elecci\u00f3n ideal para quienes buscan combinar estilo, funcionalidad y durabilidad en un solo accesorio. Fabricada con materiales de alta calidad, esta mochila est\u00e1 dise\u00f1ada para soportar el uso diario, ideal [&hellip;]<\/p>\n","protected":false},"featured_media":7275,"template":"","meta":{"_gspb_post_css":""},"store":[],"product_brand":[],"product_cat":[16],"product_tag":[],"class_list":{"0":"post-7276","1":"product","2":"type-product","3":"status-publish","4":"has-post-thumbnail","6":"product_cat-sin-categorizar","8":"first","9":"instock","10":"sale","11":"shipping-taxable","12":"product-type-external"},"jetpack_sharing_enabled":true,"_links":{"self":[{"href":"https:\/\/ofertacular.com\/index.php\/wp-json\/wp\/v2\/product\/7276","targetHints":{"allow":["GET"]}}],"collection":[{"href":"https:\/\/ofertacular.com\/index.php\/wp-json\/wp\/v2\/product"}],"about":[{"href":"https:\/\/ofertacular.com\/index.php\/wp-json\/wp\/v2\/types\/product"}],"wp:featuredmedia":[{"embeddable":true,"href":"https:\/\/ofertacular.com\/index.php\/wp-json\/wp\/v2\/media\/7275"}],"wp:attachment":[{"href":"https:\/\/ofertacular.com\/index.php\/wp-json\/wp\/v2\/media?parent=7276"}],"wp:term":[{"taxonomy":"store","embeddable":true,"href":"https:\/\/ofertacular.com\/index.php\/wp-json\/wp\/v2\/store?post=7276"},{"taxonomy":"product_brand","embeddable":true,"href":"https:\/\/ofertacular.com\/index.php\/wp-json\/wp\/v2\/product_brand?post=7276"},{"taxonomy":"product_cat","embeddable":true,"href":"https:\/\/ofertacular.com\/index.php\/wp-json\/wp\/v2\/product_cat?post=7276"},{"taxonomy":"product_tag","embeddable":true,"href":"https:\/\/ofertacular.com\/index.php\/wp-json\/wp\/v2\/product_tag?post=7276"}],"curies":[{"name":"wp","href":"https:\/\/api.w.org\/{rel}","templated":true}]}}