{"id":7300,"date":"2025-08-27T12:36:23","date_gmt":"2025-08-27T10:36:23","guid":{"rendered":"https:\/\/ofertacular.com\/index.php\/producto\/columbia-zapatillas-3\/"},"modified":"2025-08-27T12:36:23","modified_gmt":"2025-08-27T10:36:23","slug":"columbia-zapatillas-3","status":"publish","type":"product","link":"https:\/\/ofertacular.com\/index.php\/producto\/columbia-zapatillas-3\/","title":{"rendered":"Columbia Zapatillas"},"content":{"rendered":"<div class=\"oferta-container\">\n<p>\ud83d\udfe5 <b>ES UN CHOLL\u00d3N<\/b> \ud83d\udfe5 #Publicidad #Amazon #16<\/p>\n<p>\ud83d\udd34 <b>Zapatillas Columbia <\/b><\/p>\n<p>\u2705 <b>AHORA 49.99 \u20ac<\/b> \u2714\ufe0f\ud83d\udfe1<\/p>\n<p>\u274c Antes 100.00 \u20ac<\/p>\n<p>\ud83d\uded2: <a href=\"https:\/\/btz.es\/4VevXMx\" target=\"_blank\" rel=\"nofollow noopener\">https:\/\/btz.es\/4VevXMx<\/a><\/p>\n<p>Las Zapatillas Columbia representan la perfecta combinaci\u00f3n de estilo, comodidad y durabilidad, ideales para quienes buscan un calzado vers\u00e1til y de alta calidad para sus actividades diarias y al aire libre. Reconocidas por su innovaci\u00f3n en tecnolog\u00eda de calzado, Columbia ha dise\u00f1ado estas zapatillas pensando en el usuario activo que desea un par que soporte caminatas largas, entrenamiento en el gimnasio o simplemente un look casual y moderno. Fabricadas con materiales resistentes, transpirable y con una suela antideslizante, ofrecen un excelente agarre y comodidad durante todo el d\u00eda. Su dise\u00f1o ergon\u00f3mico garantiza un soporte \u00f3ptimo para el pie, contribuyendo a prevenir lesiones y fatiga, lo que es esencial para deportistas y amantes del aire libre. Adem\u00e1s, su est\u00e9tica moderna y atractiva permite combinarlas f\u00e1cilmente con cualquier outfit, convirti\u00e9ndolas en un elemento clave de tu guardarropa. Columbia, una marca l\u00edder en equipamiento deportivo, asegura la calidad y funcionalidad en cada par, utilizando tecnolog\u00edas como Omni-Grip para mejor tracci\u00f3n y Omni-Tech para resistencia al agua, manteniendo siempre tus pies secos y protegidos. Estas Zapatillas Columbia son perfectas para senderismo, running, caminatas urbanas y actividades recreativas, siendo una elecci\u00f3n confiable para aquellos que buscan rendimiento y estilo. No solo ofrecen confort, sino tambi\u00e9n durabilidad, gracias a sus materiales de primera calidad y un dise\u00f1o resistente al desgaste, lo que las hace una inversi\u00f3n inteligente a largo plazo. Con un enfoque en la tecnolog\u00eda aplicada al calzado, Columbia se destaca por brindar productos que mejoran tu experiencia al aire libre, cuidando cada detalle desde la amortiguaci\u00f3n hasta el soporte del arco, facilitando una pisada natural y confortable. Al elegir las Zapatillas Columbia, est\u00e1s optando por un calzado que acompa\u00f1a tu estilo de vida activo, brind\u00e1ndote seguridad y confianza en cada paso. Siente la diferencia que ofrece una marca comprometida con la innovaci\u00f3n y la calidad, y disfruta de un producto dise\u00f1ado para maximizar tu rendimiento y comodidad. Estas zapatillas no solo cumplen con las expectativas de deportistas exigentes, sino que tambi\u00e9n se adaptan a quienes buscan un calzado casual con un toque deportivo, convirti\u00e9ndose en la opci\u00f3n ideal para cualquier ocasi\u00f3n. Descubre el equilibrio perfecto entre funcionalidad y estilo con las Zapatillas Columbia, el calzado que marca la diferencia en cada aventura y en tu d\u00eda a d\u00eda.<\/p>\n<\/p><\/div>\n","protected":false},"excerpt":{"rendered":"<p>\ud83d\udfe5 ES UN CHOLL\u00d3N \ud83d\udfe5 #Publicidad #Amazon #16 \ud83d\udd34 Zapatillas Columbia \u2705 AHORA 49.99 \u20ac \u2714\ufe0f\ud83d\udfe1 \u274c Antes 100.00 \u20ac \ud83d\uded2: https:\/\/btz.es\/4VevXMx Las Zapatillas Columbia representan la perfecta combinaci\u00f3n de estilo, comodidad y durabilidad, ideales para quienes buscan un calzado vers\u00e1til y de alta calidad para sus actividades diarias y al aire libre. Reconocidas por [&hellip;]<\/p>\n","protected":false},"featured_media":7299,"template":"","meta":{"_gspb_post_css":""},"store":[],"product_brand":[],"product_cat":[16],"product_tag":[],"class_list":{"0":"post-7300","1":"product","2":"type-product","3":"status-publish","4":"has-post-thumbnail","6":"product_cat-sin-categorizar","8":"first","9":"instock","10":"sale","11":"shipping-taxable","12":"product-type-external"},"jetpack_sharing_enabled":true,"_links":{"self":[{"href":"https:\/\/ofertacular.com\/index.php\/wp-json\/wp\/v2\/product\/7300","targetHints":{"allow":["GET"]}}],"collection":[{"href":"https:\/\/ofertacular.com\/index.php\/wp-json\/wp\/v2\/product"}],"about":[{"href":"https:\/\/ofertacular.com\/index.php\/wp-json\/wp\/v2\/types\/product"}],"wp:featuredmedia":[{"embeddable":true,"href":"https:\/\/ofertacular.com\/index.php\/wp-json\/wp\/v2\/media\/7299"}],"wp:attachment":[{"href":"https:\/\/ofertacular.com\/index.php\/wp-json\/wp\/v2\/media?parent=7300"}],"wp:term":[{"taxonomy":"store","embeddable":true,"href":"https:\/\/ofertacular.com\/index.php\/wp-json\/wp\/v2\/store?post=7300"},{"taxonomy":"product_brand","embeddable":true,"href":"https:\/\/ofertacular.com\/index.php\/wp-json\/wp\/v2\/product_brand?post=7300"},{"taxonomy":"product_cat","embeddable":true,"href":"https:\/\/ofertacular.com\/index.php\/wp-json\/wp\/v2\/product_cat?post=7300"},{"taxonomy":"product_tag","embeddable":true,"href":"https:\/\/ofertacular.com\/index.php\/wp-json\/wp\/v2\/product_tag?post=7300"}],"curies":[{"name":"wp","href":"https:\/\/api.w.org\/{rel}","templated":true}]}}