{"id":7316,"date":"2025-08-28T09:13:43","date_gmt":"2025-08-28T07:13:43","guid":{"rendered":"https:\/\/ofertacular.com\/index.php\/producto\/1005007373128219-2\/"},"modified":"2025-08-28T09:13:43","modified_gmt":"2025-08-28T07:13:43","slug":"1005007373128219-2","status":"publish","type":"product","link":"https:\/\/ofertacular.com\/index.php\/producto\/1005007373128219-2\/","title":{"rendered":"Ciclismo Casco"},"content":{"rendered":"<div class=\"oferta-container\">\n<p>\ud83d\udfe5 <b>ES UN CHOLL\u00d3N<\/b> \ud83d\udfe5 #Publicidad #Amazon #<\/p>\n<p>\ud83d\udd34 <b>Casco Ciclismo <\/b><\/p>\n<p>\u2705 <b>AHORA 15.75\u20ac \u20ac<\/b> \u2714\ufe0f\ud83d\udfe1<\/p>\n<p>\u274c Antes 42.22 \u20ac<\/p>\n<p>\ud83d\uded2: <a href=\"https:\/\/btz.es\/4Vjx2IH\" target=\"_blank\" rel=\"nofollow noopener\">https:\/\/btz.es\/4Vjx2IH<\/a><\/p>\n<p>Casco ciclismo de alta calidad dise\u00f1ado para ofrecer m\u00e1xima seguridad y comodidad durante tus rutas en bicicleta. Este casco cuenta con un dise\u00f1o aerodin\u00e1mico y ventilaci\u00f3n avanzada que mantiene la cabeza fresca y protegida. Ideal para ciclistas profesionales y aficionados que buscan protegerse con estilo y rendimiento.<\/p>\n<\/p><\/div>\n","protected":false},"excerpt":{"rendered":"<p>\ud83d\udfe5 ES UN CHOLL\u00d3N \ud83d\udfe5 #Publicidad #Amazon # \ud83d\udd34 Casco Ciclismo \u2705 AHORA 15.75\u20ac \u20ac \u2714\ufe0f\ud83d\udfe1 \u274c Antes 42.22 \u20ac \ud83d\uded2: https:\/\/btz.es\/4Vjx2IH Casco ciclismo de alta calidad dise\u00f1ado para ofrecer m\u00e1xima seguridad y comodidad durante tus rutas en bicicleta. Este casco cuenta con un dise\u00f1o aerodin\u00e1mico y ventilaci\u00f3n avanzada que mantiene la cabeza fresca y [&hellip;]<\/p>\n","protected":false},"featured_media":7315,"template":"","meta":{"_gspb_post_css":""},"store":[],"product_brand":[],"product_cat":[16],"product_tag":[],"class_list":{"0":"post-7316","1":"product","2":"type-product","3":"status-publish","4":"has-post-thumbnail","6":"product_cat-sin-categorizar","8":"first","9":"instock","10":"shipping-taxable","11":"product-type-external"},"jetpack_sharing_enabled":true,"_links":{"self":[{"href":"https:\/\/ofertacular.com\/index.php\/wp-json\/wp\/v2\/product\/7316","targetHints":{"allow":["GET"]}}],"collection":[{"href":"https:\/\/ofertacular.com\/index.php\/wp-json\/wp\/v2\/product"}],"about":[{"href":"https:\/\/ofertacular.com\/index.php\/wp-json\/wp\/v2\/types\/product"}],"wp:featuredmedia":[{"embeddable":true,"href":"https:\/\/ofertacular.com\/index.php\/wp-json\/wp\/v2\/media\/7315"}],"wp:attachment":[{"href":"https:\/\/ofertacular.com\/index.php\/wp-json\/wp\/v2\/media?parent=7316"}],"wp:term":[{"taxonomy":"store","embeddable":true,"href":"https:\/\/ofertacular.com\/index.php\/wp-json\/wp\/v2\/store?post=7316"},{"taxonomy":"product_brand","embeddable":true,"href":"https:\/\/ofertacular.com\/index.php\/wp-json\/wp\/v2\/product_brand?post=7316"},{"taxonomy":"product_cat","embeddable":true,"href":"https:\/\/ofertacular.com\/index.php\/wp-json\/wp\/v2\/product_cat?post=7316"},{"taxonomy":"product_tag","embeddable":true,"href":"https:\/\/ofertacular.com\/index.php\/wp-json\/wp\/v2\/product_tag?post=7316"}],"curies":[{"name":"wp","href":"https:\/\/api.w.org\/{rel}","templated":true}]}}