{"id":7322,"date":"2025-08-28T09:27:45","date_gmt":"2025-08-28T07:27:45","guid":{"rendered":"https:\/\/ofertacular.com\/index.php\/producto\/1005007039370652\/"},"modified":"2025-08-28T09:27:45","modified_gmt":"2025-08-28T07:27:45","slug":"1005007039370652","status":"publish","type":"product","link":"https:\/\/ofertacular.com\/index.php\/producto\/1005007039370652\/","title":{"rendered":"Cepillo El\u00e9ctrico"},"content":{"rendered":"<div class=\"oferta-container\">\n<p>\ud83d\udfe5 <b>EXCLUSIVO<\/b> \ud83d\udfe5 #Publicidad #Amazon #<\/p>\n<p>\ud83d\udd34 <b>Cepillo El\u00e9ctrico <\/b><\/p>\n<p>\u2705 <b>AHORA 12.25\u20ac \u20ac<\/b> \u2714\ufe0f\ud83d\udfe1<\/p>\n<p>\u274c Antes 45.64 \u20ac<\/p>\n<p>\ud83d\uded2: <a href=\"https:\/\/btz.es\/4Vj0ZSt\" target=\"_blank\" rel=\"nofollow noopener\">https:\/\/btz.es\/4Vj0ZSt<\/a><\/p>\n<p>Cepillo el\u00e9ctrico de alta calidad para una limpieza dental profunda y eficaz. Ideal para eliminar la placa y mantener una higiene bucal \u00f3ptima, este cepillo es compatible con m\u00faltiples cabezales y cuenta con tecnolog\u00eda avanzada que garantiza una experiencia c\u00f3moda y eficiente. Perfecto para uso diario, mejora la salud de tus enc\u00edas y blanquea tus dientes gradualmente. Su dise\u00f1o ergon\u00f3mico y bater\u00eda de larga duraci\u00f3n lo convierten en un producto imprescindible para tu cuidado oral.<\/p>\n<\/p><\/div>\n","protected":false},"excerpt":{"rendered":"<p>\ud83d\udfe5 EXCLUSIVO \ud83d\udfe5 #Publicidad #Amazon # \ud83d\udd34 Cepillo El\u00e9ctrico \u2705 AHORA 12.25\u20ac \u20ac \u2714\ufe0f\ud83d\udfe1 \u274c Antes 45.64 \u20ac \ud83d\uded2: https:\/\/btz.es\/4Vj0ZSt Cepillo el\u00e9ctrico de alta calidad para una limpieza dental profunda y eficaz. Ideal para eliminar la placa y mantener una higiene bucal \u00f3ptima, este cepillo es compatible con m\u00faltiples cabezales y cuenta con tecnolog\u00eda avanzada [&hellip;]<\/p>\n","protected":false},"featured_media":7321,"template":"","meta":{"_gspb_post_css":""},"store":[],"product_brand":[],"product_cat":[16],"product_tag":[],"class_list":{"0":"post-7322","1":"product","2":"type-product","3":"status-publish","4":"has-post-thumbnail","6":"product_cat-sin-categorizar","8":"first","9":"instock","10":"shipping-taxable","11":"product-type-external"},"jetpack_sharing_enabled":true,"_links":{"self":[{"href":"https:\/\/ofertacular.com\/index.php\/wp-json\/wp\/v2\/product\/7322","targetHints":{"allow":["GET"]}}],"collection":[{"href":"https:\/\/ofertacular.com\/index.php\/wp-json\/wp\/v2\/product"}],"about":[{"href":"https:\/\/ofertacular.com\/index.php\/wp-json\/wp\/v2\/types\/product"}],"wp:featuredmedia":[{"embeddable":true,"href":"https:\/\/ofertacular.com\/index.php\/wp-json\/wp\/v2\/media\/7321"}],"wp:attachment":[{"href":"https:\/\/ofertacular.com\/index.php\/wp-json\/wp\/v2\/media?parent=7322"}],"wp:term":[{"taxonomy":"store","embeddable":true,"href":"https:\/\/ofertacular.com\/index.php\/wp-json\/wp\/v2\/store?post=7322"},{"taxonomy":"product_brand","embeddable":true,"href":"https:\/\/ofertacular.com\/index.php\/wp-json\/wp\/v2\/product_brand?post=7322"},{"taxonomy":"product_cat","embeddable":true,"href":"https:\/\/ofertacular.com\/index.php\/wp-json\/wp\/v2\/product_cat?post=7322"},{"taxonomy":"product_tag","embeddable":true,"href":"https:\/\/ofertacular.com\/index.php\/wp-json\/wp\/v2\/product_tag?post=7322"}],"curies":[{"name":"wp","href":"https:\/\/api.w.org\/{rel}","templated":true}]}}