{"id":7326,"date":"2025-08-28T13:09:52","date_gmt":"2025-08-28T11:09:52","guid":{"rendered":"https:\/\/ofertacular.com\/index.php\/producto\/1005007419949523\/"},"modified":"2025-08-28T13:09:52","modified_gmt":"2025-08-28T11:09:52","slug":"1005007419949523","status":"publish","type":"product","link":"https:\/\/ofertacular.com\/index.php\/producto\/1005007419949523\/","title":{"rendered":"CURREN Reloj"},"content":{"rendered":"<div class=\"oferta-container\">\n<p>\ud83d\udfe5 <b>\u00a1APROVECHA!<\/b> \ud83d\udfe5 #Publicidad #Amazon #<\/p>\n<p>\ud83d\udd34 <b>Reloj CURREN <\/b><\/p>\n<p>\u2705 <b>AHORA 9.29\u20ac \u20ac<\/b> \u2714\ufe0f\ud83d\udfe1<\/p>\n<p>\u274c Antes  \u20ac<\/p>\n<p>\ud83d\uded2: <a href=\"https:\/\/btz.es\/4VkuUWc\" target=\"_blank\" rel=\"nofollow noopener\">https:\/\/btz.es\/4VkuUWc<\/a><\/p>\n<p>Descubre la elegancia y funcionalidad del reloj CURREN, un accesorio imprescindible para quienes buscan estilo y precisi\u00f3n en su d\u00eda a d\u00eda. Fabricado con materiales de alta calidad, este reloj combina un dise\u00f1o sofisticado con tecnolog\u00eda avanzada para ofrecer un rendimiento excepcional. Ideal para cualquier ocasi\u00f3n, desde eventos formales hasta actividades casuales, el reloj CURREN se adapta perfectamente a tu estilo personal, brind\u00e1ndote comodidad y durabilidad. Con caracter\u00edsticas como resistencia al agua, cron\u00f3grafo y una esfera clara y f\u00e1cil de leer, este reloj no solo es una herramienta pr\u00e1ctica sino tambi\u00e9n un complemento de moda que realza tu presencia. A\u00f1ade un toque de distinci\u00f3n y confianza a tu outfit con el reloj CURREN, que adem\u00e1s es un regalo perfecto para tus seres queridos. No pierdas la oportunidad de destacar con un accesorio que refleja tu personalidad y buen gusto.<\/p>\n<\/p><\/div>\n","protected":false},"excerpt":{"rendered":"<p>\ud83d\udfe5 \u00a1APROVECHA! \ud83d\udfe5 #Publicidad #Amazon # \ud83d\udd34 Reloj CURREN \u2705 AHORA 9.29\u20ac \u20ac \u2714\ufe0f\ud83d\udfe1 \u274c Antes \u20ac \ud83d\uded2: https:\/\/btz.es\/4VkuUWc Descubre la elegancia y funcionalidad del reloj CURREN, un accesorio imprescindible para quienes buscan estilo y precisi\u00f3n en su d\u00eda a d\u00eda. Fabricado con materiales de alta calidad, este reloj combina un dise\u00f1o sofisticado con tecnolog\u00eda [&hellip;]<\/p>\n","protected":false},"featured_media":7325,"template":"","meta":{"_gspb_post_css":""},"store":[],"product_brand":[],"product_cat":[16],"product_tag":[],"class_list":{"0":"post-7326","1":"product","2":"type-product","3":"status-publish","4":"has-post-thumbnail","6":"product_cat-sin-categorizar","8":"first","9":"instock","10":"shipping-taxable","11":"product-type-external"},"jetpack_sharing_enabled":true,"_links":{"self":[{"href":"https:\/\/ofertacular.com\/index.php\/wp-json\/wp\/v2\/product\/7326","targetHints":{"allow":["GET"]}}],"collection":[{"href":"https:\/\/ofertacular.com\/index.php\/wp-json\/wp\/v2\/product"}],"about":[{"href":"https:\/\/ofertacular.com\/index.php\/wp-json\/wp\/v2\/types\/product"}],"wp:featuredmedia":[{"embeddable":true,"href":"https:\/\/ofertacular.com\/index.php\/wp-json\/wp\/v2\/media\/7325"}],"wp:attachment":[{"href":"https:\/\/ofertacular.com\/index.php\/wp-json\/wp\/v2\/media?parent=7326"}],"wp:term":[{"taxonomy":"store","embeddable":true,"href":"https:\/\/ofertacular.com\/index.php\/wp-json\/wp\/v2\/store?post=7326"},{"taxonomy":"product_brand","embeddable":true,"href":"https:\/\/ofertacular.com\/index.php\/wp-json\/wp\/v2\/product_brand?post=7326"},{"taxonomy":"product_cat","embeddable":true,"href":"https:\/\/ofertacular.com\/index.php\/wp-json\/wp\/v2\/product_cat?post=7326"},{"taxonomy":"product_tag","embeddable":true,"href":"https:\/\/ofertacular.com\/index.php\/wp-json\/wp\/v2\/product_tag?post=7326"}],"curies":[{"name":"wp","href":"https:\/\/api.w.org\/{rel}","templated":true}]}}