{"id":7330,"date":"2025-08-29T11:32:40","date_gmt":"2025-08-29T09:32:40","guid":{"rendered":"https:\/\/ofertacular.com\/index.php\/producto\/nike-revolution-6\/"},"modified":"2025-08-29T11:32:40","modified_gmt":"2025-08-29T09:32:40","slug":"nike-revolution-6","status":"publish","type":"product","link":"https:\/\/ofertacular.com\/index.php\/producto\/nike-revolution-6\/","title":{"rendered":"Nike Revolution"},"content":{"rendered":"<div class=\"oferta-container\">\n<p>\ud83d\udfe5 <b>AHORRA AQU\u00cd<\/b> \ud83d\udfe5 #Publicidad #Amazon #16<\/p>\n<p>\ud83d\udd34 <b>Zapatillas Nike <\/b><\/p>\n<p>\u2705 <b>AHORA 34.99 \u20ac<\/b> \u2714\ufe0f\ud83d\udfe1<\/p>\n<p>\u274c Antes 64.99 \u20ac<\/p>\n<p>\ud83d\uded2: <a href=\"https:\/\/btz.es\/4VpMYFC\" target=\"_blank\" rel=\"nofollow noopener\">https:\/\/btz.es\/4VpMYFC<\/a><\/p>\n<p>Descubre las Zapatillas Nike Revolution, dise\u00f1adas para ofrecer confort y rendimiento en cada paso. Estas zapatillas combinan un dise\u00f1o moderno con tecnolog\u00eda avanzada para garantizar una experiencia \u00f3ptima tanto para corredores principiantes como para atletas experimentados. Fabricadas con materiales de alta calidad, las Nike Revolution proporcionan una amortiguaci\u00f3n excepcional y una sujeci\u00f3n segura que cuida tu pie durante cualquier actividad deportiva. Su suela de goma resistente ofrece una tracci\u00f3n superior en diferentes tipos de superficies, mientras que su estructura ligera permite una libertad de movimiento incomparable. Ideales para running, entrenamiento en el gimnasio o uso diario, estas zapatillas destacan por su durabilidad y estilo contempor\u00e1neo que se adapta f\u00e1cilmente a cualquier outfit deportivo o casual. Con las Zapatillas Nike Revolution, cada carrera es un paso hacia la superaci\u00f3n personal y el bienestar. Incorp\u00f3ralas a tu armario deportivo y siente la diferencia en tu rendimiento y comodidad gracias a la excelencia y confianza que solo Nike puede ofrecer.<\/p>\n<\/p><\/div>\n","protected":false},"excerpt":{"rendered":"<p>\ud83d\udfe5 AHORRA AQU\u00cd \ud83d\udfe5 #Publicidad #Amazon #16 \ud83d\udd34 Zapatillas Nike \u2705 AHORA 34.99 \u20ac \u2714\ufe0f\ud83d\udfe1 \u274c Antes 64.99 \u20ac \ud83d\uded2: https:\/\/btz.es\/4VpMYFC Descubre las Zapatillas Nike Revolution, dise\u00f1adas para ofrecer confort y rendimiento en cada paso. Estas zapatillas combinan un dise\u00f1o moderno con tecnolog\u00eda avanzada para garantizar una experiencia \u00f3ptima tanto para corredores principiantes como para [&hellip;]<\/p>\n","protected":false},"featured_media":7329,"template":"","meta":{"_gspb_post_css":""},"store":[],"product_brand":[],"product_cat":[16],"product_tag":[],"class_list":{"0":"post-7330","1":"product","2":"type-product","3":"status-publish","4":"has-post-thumbnail","6":"product_cat-sin-categorizar","8":"first","9":"instock","10":"sale","11":"shipping-taxable","12":"product-type-external"},"jetpack_sharing_enabled":true,"_links":{"self":[{"href":"https:\/\/ofertacular.com\/index.php\/wp-json\/wp\/v2\/product\/7330","targetHints":{"allow":["GET"]}}],"collection":[{"href":"https:\/\/ofertacular.com\/index.php\/wp-json\/wp\/v2\/product"}],"about":[{"href":"https:\/\/ofertacular.com\/index.php\/wp-json\/wp\/v2\/types\/product"}],"wp:featuredmedia":[{"embeddable":true,"href":"https:\/\/ofertacular.com\/index.php\/wp-json\/wp\/v2\/media\/7329"}],"wp:attachment":[{"href":"https:\/\/ofertacular.com\/index.php\/wp-json\/wp\/v2\/media?parent=7330"}],"wp:term":[{"taxonomy":"store","embeddable":true,"href":"https:\/\/ofertacular.com\/index.php\/wp-json\/wp\/v2\/store?post=7330"},{"taxonomy":"product_brand","embeddable":true,"href":"https:\/\/ofertacular.com\/index.php\/wp-json\/wp\/v2\/product_brand?post=7330"},{"taxonomy":"product_cat","embeddable":true,"href":"https:\/\/ofertacular.com\/index.php\/wp-json\/wp\/v2\/product_cat?post=7330"},{"taxonomy":"product_tag","embeddable":true,"href":"https:\/\/ofertacular.com\/index.php\/wp-json\/wp\/v2\/product_tag?post=7330"}],"curies":[{"name":"wp","href":"https:\/\/api.w.org\/{rel}","templated":true}]}}