{"id":7338,"date":"2025-08-29T11:52:43","date_gmt":"2025-08-29T09:52:43","guid":{"rendered":"https:\/\/ofertacular.com\/index.php\/producto\/1005007805547921-2\/"},"modified":"2025-08-29T11:52:43","modified_gmt":"2025-08-29T09:52:43","slug":"1005007805547921-2","status":"publish","type":"product","link":"https:\/\/ofertacular.com\/index.php\/producto\/1005007805547921-2\/","title":{"rendered":"Mini Medidor"},"content":{"rendered":"<div class=\"oferta-container\">\n<p>\ud83d\udfe5 <b>\u00a1NO TE LA PIERDAS!<\/b> \ud83d\udfe5 #Publicidad #Amazon #<\/p>\n<p>\ud83d\udd34 <b>Mini Medidor <\/b><\/p>\n<p>\u2705 <b>AHORA 1.59\u20ac \u20ac<\/b> \u2714\ufe0f\ud83d\udfe1<\/p>\n<p>\u274c Antes 3.82 \u20ac<\/p>\n<p>\ud83d\uded2: <a href=\"https:\/\/btz.es\/4VpSbzk\" target=\"_blank\" rel=\"nofollow noopener\">https:\/\/btz.es\/4VpSbzk<\/a><\/p>\n<p>Mini medidor de precisi\u00f3n ideal para profesionales y aficionados que requieren exactitud en sus mediciones diarias. Esta herramienta compacta y f\u00e1cil de usar es perfecta para tareas de bricolaje, ingenier\u00eda y proyectos t\u00e9cnicos. Fabricado con materiales duraderos para garantizar una larga vida \u00fatil y resistencia al desgaste. Su dise\u00f1o ergon\u00f3mico permite una manipulaci\u00f3n c\u00f3moda y resultados fiables en cada uso. Gracias a su tama\u00f1o reducido, es f\u00e1cil de transportar y almacenar, adapt\u00e1ndose a cualquier espacio de trabajo. Con capacidad para medir distintos par\u00e1metros con alta precisi\u00f3n, es el complemento ideal para cualquier caja de herramientas. Descubre c\u00f3mo este mini medidor puede mejorar la eficiencia y precisi\u00f3n de tus proyectos, convirti\u00e9ndose en un aliado imprescindible para profesionales de la construcci\u00f3n, t\u00e9cnicos y entusiastas del modelismo. No comprometas la calidad ni la exactitud en tus mediciones, elige un mini medidor fiable y vers\u00e1til que te brinde resultados consistentes y profesionales. Aprovecha esta herramienta para optimizar tus procesos de medici\u00f3n y garantizar resultados de alta calidad en cada tarea que emprendas.<\/p>\n<\/p><\/div>\n","protected":false},"excerpt":{"rendered":"<p>\ud83d\udfe5 \u00a1NO TE LA PIERDAS! \ud83d\udfe5 #Publicidad #Amazon # \ud83d\udd34 Mini Medidor \u2705 AHORA 1.59\u20ac \u20ac \u2714\ufe0f\ud83d\udfe1 \u274c Antes 3.82 \u20ac \ud83d\uded2: https:\/\/btz.es\/4VpSbzk Mini medidor de precisi\u00f3n ideal para profesionales y aficionados que requieren exactitud en sus mediciones diarias. Esta herramienta compacta y f\u00e1cil de usar es perfecta para tareas de bricolaje, ingenier\u00eda y proyectos [&hellip;]<\/p>\n","protected":false},"featured_media":7337,"template":"","meta":{"_gspb_post_css":""},"store":[],"product_brand":[],"product_cat":[16],"product_tag":[],"class_list":{"0":"post-7338","1":"product","2":"type-product","3":"status-publish","4":"has-post-thumbnail","6":"product_cat-sin-categorizar","8":"first","9":"instock","10":"shipping-taxable","11":"product-type-external"},"jetpack_sharing_enabled":true,"_links":{"self":[{"href":"https:\/\/ofertacular.com\/index.php\/wp-json\/wp\/v2\/product\/7338","targetHints":{"allow":["GET"]}}],"collection":[{"href":"https:\/\/ofertacular.com\/index.php\/wp-json\/wp\/v2\/product"}],"about":[{"href":"https:\/\/ofertacular.com\/index.php\/wp-json\/wp\/v2\/types\/product"}],"wp:featuredmedia":[{"embeddable":true,"href":"https:\/\/ofertacular.com\/index.php\/wp-json\/wp\/v2\/media\/7337"}],"wp:attachment":[{"href":"https:\/\/ofertacular.com\/index.php\/wp-json\/wp\/v2\/media?parent=7338"}],"wp:term":[{"taxonomy":"store","embeddable":true,"href":"https:\/\/ofertacular.com\/index.php\/wp-json\/wp\/v2\/store?post=7338"},{"taxonomy":"product_brand","embeddable":true,"href":"https:\/\/ofertacular.com\/index.php\/wp-json\/wp\/v2\/product_brand?post=7338"},{"taxonomy":"product_cat","embeddable":true,"href":"https:\/\/ofertacular.com\/index.php\/wp-json\/wp\/v2\/product_cat?post=7338"},{"taxonomy":"product_tag","embeddable":true,"href":"https:\/\/ofertacular.com\/index.php\/wp-json\/wp\/v2\/product_tag?post=7338"}],"curies":[{"name":"wp","href":"https:\/\/api.w.org\/{rel}","templated":true}]}}