{"id":7346,"date":"2025-08-29T12:32:17","date_gmt":"2025-08-29T10:32:17","guid":{"rendered":"https:\/\/ofertacular.com\/index.php\/producto\/lamborghini-lego\/"},"modified":"2025-08-29T12:32:17","modified_gmt":"2025-08-29T10:32:17","slug":"lamborghini-lego","status":"publish","type":"product","link":"https:\/\/ofertacular.com\/index.php\/producto\/lamborghini-lego\/","title":{"rendered":"Lamborghini LEGO"},"content":{"rendered":"<div class=\"oferta-container\">\n<p>\ud83d\udfe5 <b>\u00a1NO TE LA PIERDAS!<\/b> \ud83d\udfe5 #Publicidad #Amazon #16<\/p>\n<p>\ud83d\udd34 <b>Lamborghini LEGO <\/b><\/p>\n<p>\u2705 <b>AHORA 18.79 \u20ac<\/b> \u2714\ufe0f\ud83d\udfe1<\/p>\n<p>\u274c Antes 26.99 \u20ac<\/p>\n<p>\ud83d\uded2: <a href=\"https:\/\/btz.es\/4VqbXNv\" target=\"_blank\" rel=\"nofollow noopener\">https:\/\/btz.es\/4VqbXNv<\/a><\/p>\n<p>Descubre la emocionante experiencia de construir tu propio Lamborghini con este set exclusivo de LEGO. Perfecto para fan\u00e1ticos de los autos deportivos y entusiastas de LEGO, este kit combina la creatividad del modelismo con la precisi\u00f3n y el estilo emblem\u00e1tico de Lamborghini. Cada pieza est\u00e1 dise\u00f1ada para encajar de manera perfecta, garantizando una construcci\u00f3n divertida y desafiante que culmina en un veh\u00edculo impresionante, digno de exhibirse. Fabricado con materiales de alta calidad, este set ofrece durabilidad y detalles realistas que capturan la esencia del dise\u00f1o italiano. Adem\u00e1s, es una excelente manera de desarrollar habilidades manuales, concentraci\u00f3n y paciencia en adultos y j\u00f3venes por igual. Ideal para regalar a coleccionistas y amantes de la ingenier\u00eda automotriz, este set de Lamborghini LEGO representa una fusi\u00f3n perfecta entre arte y tecnolog\u00eda. No pierdas la oportunidad de tener en tus manos una r\u00e9plica fiel, que no solo es un juguete, sino una pieza de exhibici\u00f3n que refleja lujo, velocidad y elegancia. Incorpora este espectacular modelo a tu colecci\u00f3n y disfruta horas de entretenimiento mientras creas una obra maestra \u00fanica. Aumenta tu pasi\u00f3n por los coches deportivos y el modelismo con este set imprescindible, pensado para quienes aprecian calidad, dise\u00f1o y la emoci\u00f3n de construir. \u00a1Haz que tu afici\u00f3n cobre vida con el Lamborghini LEGO!<\/p>\n<\/p><\/div>\n","protected":false},"excerpt":{"rendered":"<p>\ud83d\udfe5 \u00a1NO TE LA PIERDAS! \ud83d\udfe5 #Publicidad #Amazon #16 \ud83d\udd34 Lamborghini LEGO \u2705 AHORA 18.79 \u20ac \u2714\ufe0f\ud83d\udfe1 \u274c Antes 26.99 \u20ac \ud83d\uded2: https:\/\/btz.es\/4VqbXNv Descubre la emocionante experiencia de construir tu propio Lamborghini con este set exclusivo de LEGO. Perfecto para fan\u00e1ticos de los autos deportivos y entusiastas de LEGO, este kit combina la creatividad del [&hellip;]<\/p>\n","protected":false},"featured_media":7345,"template":"","meta":{"_gspb_post_css":""},"store":[],"product_brand":[],"product_cat":[16],"product_tag":[],"class_list":{"0":"post-7346","1":"product","2":"type-product","3":"status-publish","4":"has-post-thumbnail","6":"product_cat-sin-categorizar","8":"first","9":"instock","10":"sale","11":"shipping-taxable","12":"product-type-external"},"jetpack_sharing_enabled":true,"_links":{"self":[{"href":"https:\/\/ofertacular.com\/index.php\/wp-json\/wp\/v2\/product\/7346","targetHints":{"allow":["GET"]}}],"collection":[{"href":"https:\/\/ofertacular.com\/index.php\/wp-json\/wp\/v2\/product"}],"about":[{"href":"https:\/\/ofertacular.com\/index.php\/wp-json\/wp\/v2\/types\/product"}],"wp:featuredmedia":[{"embeddable":true,"href":"https:\/\/ofertacular.com\/index.php\/wp-json\/wp\/v2\/media\/7345"}],"wp:attachment":[{"href":"https:\/\/ofertacular.com\/index.php\/wp-json\/wp\/v2\/media?parent=7346"}],"wp:term":[{"taxonomy":"store","embeddable":true,"href":"https:\/\/ofertacular.com\/index.php\/wp-json\/wp\/v2\/store?post=7346"},{"taxonomy":"product_brand","embeddable":true,"href":"https:\/\/ofertacular.com\/index.php\/wp-json\/wp\/v2\/product_brand?post=7346"},{"taxonomy":"product_cat","embeddable":true,"href":"https:\/\/ofertacular.com\/index.php\/wp-json\/wp\/v2\/product_cat?post=7346"},{"taxonomy":"product_tag","embeddable":true,"href":"https:\/\/ofertacular.com\/index.php\/wp-json\/wp\/v2\/product_tag?post=7346"}],"curies":[{"name":"wp","href":"https:\/\/api.w.org\/{rel}","templated":true}]}}