{"id":7350,"date":"2025-09-01T07:03:36","date_gmt":"2025-09-01T05:03:36","guid":{"rendered":"https:\/\/ofertacular.com\/index.php\/producto\/asus-monitor-3\/"},"modified":"2025-09-01T07:03:36","modified_gmt":"2025-09-01T05:03:36","slug":"asus-monitor-3","status":"publish","type":"product","link":"https:\/\/ofertacular.com\/index.php\/producto\/asus-monitor-3\/","title":{"rendered":"ASUS Monitor"},"content":{"rendered":"<div class=\"oferta-container\">\n<p>\ud83d\udfe5 <b>SUPER OFERTA<\/b> \ud83d\udfe5 #Publicidad #Amazon #16<\/p>\n<p>\ud83d\udd34 <b>Monitor ASUS <\/b><\/p>\n<p>\u2705 <b>AHORA 66.5 \u20ac<\/b> \u2714\ufe0f\ud83d\udfe1<\/p>\n<p>\u274c Antes 149.00 \u20ac<\/p>\n<p>\ud83d\uded2: <a href=\"https:\/\/btz.es\/4V6oO2q\" target=\"_blank\" rel=\"nofollow noopener\">https:\/\/btz.es\/4V6oO2q<\/a><\/p>\n<p>Sum\u00e9rgete en una experiencia visual inigualable con el Monitor ASUS, dise\u00f1ado para ofrecer una calidad de imagen excepcional, ideal para profesionales y gamers exigentes. Este monitor destaca por su tecnolog\u00eda de pantalla avanzada que proporciona colores vibrantes y detalles n\u00edtidos, asegurando que cada imagen se vea con precisi\u00f3n y claridad. Con un dise\u00f1o ergon\u00f3mico y elegante, el Monitor ASUS se adapta perfectamente a cualquier espacio de trabajo o entretenimiento, permiti\u00e9ndote ajustar la pantalla a la posici\u00f3n m\u00e1s c\u00f3moda para largas horas de uso. Adem\u00e1s, cuenta con m\u00faltiples opciones de conectividad, facilitando la conexi\u00f3n con diversos dispositivos y mejorando la productividad. Su tiempo de respuesta r\u00e1pido y tasa de refresco elevada garantizan una experiencia fluida sin interrupciones ni desenfoques, perfecta para juegos y tareas que requieren movimientos r\u00e1pidos. La inclusi\u00f3n de tecnolog\u00edas de protecci\u00f3n ocular ayuda a reducir el cansancio visual, cuidando tu salud durante sesiones prolongadas frente a la pantalla. Elegir el Monitor ASUS es optar por calidad, rendimiento y estilo, elementos esenciales para quienes buscan un equipo confiable y de alto rendimiento que potencie sus capacidades creativas y de entretenimiento. No esperes m\u00e1s para actualizar tu espacio tecnol\u00f3gico con esta pieza indispensable que combina innovaci\u00f3n y dise\u00f1o sofisticado, haciendo de cada visualizaci\u00f3n un momento excepcional. Es la elecci\u00f3n perfecta para quienes valoran la est\u00e9tica, funcionalidad y durabilidad en un monitor moderno.<\/p>\n<\/p><\/div>\n","protected":false},"excerpt":{"rendered":"<p>\ud83d\udfe5 SUPER OFERTA \ud83d\udfe5 #Publicidad #Amazon #16 \ud83d\udd34 Monitor ASUS \u2705 AHORA 66.5 \u20ac \u2714\ufe0f\ud83d\udfe1 \u274c Antes 149.00 \u20ac \ud83d\uded2: https:\/\/btz.es\/4V6oO2q Sum\u00e9rgete en una experiencia visual inigualable con el Monitor ASUS, dise\u00f1ado para ofrecer una calidad de imagen excepcional, ideal para profesionales y gamers exigentes. Este monitor destaca por su tecnolog\u00eda de pantalla avanzada que [&hellip;]<\/p>\n","protected":false},"featured_media":7349,"template":"","meta":{"_gspb_post_css":""},"store":[],"product_brand":[],"product_cat":[16],"product_tag":[],"class_list":{"0":"post-7350","1":"product","2":"type-product","3":"status-publish","4":"has-post-thumbnail","6":"product_cat-sin-categorizar","8":"first","9":"instock","10":"sale","11":"shipping-taxable","12":"product-type-external"},"jetpack_sharing_enabled":true,"_links":{"self":[{"href":"https:\/\/ofertacular.com\/index.php\/wp-json\/wp\/v2\/product\/7350","targetHints":{"allow":["GET"]}}],"collection":[{"href":"https:\/\/ofertacular.com\/index.php\/wp-json\/wp\/v2\/product"}],"about":[{"href":"https:\/\/ofertacular.com\/index.php\/wp-json\/wp\/v2\/types\/product"}],"wp:featuredmedia":[{"embeddable":true,"href":"https:\/\/ofertacular.com\/index.php\/wp-json\/wp\/v2\/media\/7349"}],"wp:attachment":[{"href":"https:\/\/ofertacular.com\/index.php\/wp-json\/wp\/v2\/media?parent=7350"}],"wp:term":[{"taxonomy":"store","embeddable":true,"href":"https:\/\/ofertacular.com\/index.php\/wp-json\/wp\/v2\/store?post=7350"},{"taxonomy":"product_brand","embeddable":true,"href":"https:\/\/ofertacular.com\/index.php\/wp-json\/wp\/v2\/product_brand?post=7350"},{"taxonomy":"product_cat","embeddable":true,"href":"https:\/\/ofertacular.com\/index.php\/wp-json\/wp\/v2\/product_cat?post=7350"},{"taxonomy":"product_tag","embeddable":true,"href":"https:\/\/ofertacular.com\/index.php\/wp-json\/wp\/v2\/product_tag?post=7350"}],"curies":[{"name":"wp","href":"https:\/\/api.w.org\/{rel}","templated":true}]}}