{"id":7356,"date":"2025-09-01T10:55:22","date_gmt":"2025-09-01T08:55:22","guid":{"rendered":"https:\/\/ofertacular.com\/index.php\/producto\/levis-sneakers-4\/"},"modified":"2025-09-01T10:55:22","modified_gmt":"2025-09-01T08:55:22","slug":"levis-sneakers-4","status":"publish","type":"product","link":"https:\/\/ofertacular.com\/index.php\/producto\/levis-sneakers-4\/","title":{"rendered":"Levi&#8217;s Sneakers"},"content":{"rendered":"<div class=\"oferta-container\">\n<p>\ud83d\udfe5 <b>GRAN OFERTA<\/b> \ud83d\udfe5 #Publicidad #Amazon #16<\/p>\n<p>\ud83d\udd34 <b>Sneakers Levi&#8217;s <\/b><\/p>\n<p>\u2705 <b>AHORA 21.6 \u20ac<\/b> \u2714\ufe0f\ud83d\udfe1<\/p>\n<p>\u274c Antes 45.00 \u20ac<\/p>\n<p>\ud83d\uded2: <a href=\"https:\/\/btz.es\/4V7ljR4\" target=\"_blank\" rel=\"nofollow noopener\">https:\/\/btz.es\/4V7ljR4<\/a><\/p>\n<p>Descubre la fusi\u00f3n perfecta entre estilo urbano y comodidad con las Sneakers de Levi&#8217;s, una marca reconocida mundialmente por su calidad y dise\u00f1o innovador. Estas zapatillas est\u00e1n confeccionadas con materiales premium que garantizan durabilidad y un ajuste perfecto para tus pies, ideales para quienes buscan destacar su look diario con un toque aut\u00e9ntico y moderno.<\/p>\n<p>Levi&#8217;s, s\u00edmbolo de la cultura juvenil y la moda casual, presenta estas sneakers dise\u00f1adas para adaptarse a diversas ocasiones, desde paseos por la ciudad hasta eventos informales. Su dise\u00f1o vers\u00e1til combina l\u00edneas elegantes con detalles \u00fanicos que reflejan la esencia de la marca, haciendo de cada paso una declaraci\u00f3n de estilo.<\/p>\n<p>Elaboradas con una suela de goma resistente y un sistema de amortiguaci\u00f3n avanzado, estas zapatillas proporcionan una comodidad insuperable, permitiendo que tus pies respiren y se mantengan frescos durante todo el d\u00eda. Adem\u00e1s, su cierre de cordones asegura un ajuste personalizado y seguro, facilitando su uso diario.<\/p>\n<p>Las Sneakers Levi&#8217;s no s\u00f3lo destacan por su est\u00e9tica, sino tambi\u00e9n por su compromiso con la sostenibilidad, utilizando procesos de fabricaci\u00f3n responsables y materiales eco-amigables que reducen el impacto ambiental mientras te ofrecen un producto de primera calidad.<\/p>\n<p>Incorpora estas zapatillas a tu colecci\u00f3n y experimenta la combinaci\u00f3n ideal de funcionalidad y moda. Son perfectas para combinar con jeans, pantalones chinos o incluso outfits m\u00e1s deportivos, adapt\u00e1ndose a tu estilo y personalidad. Apuesta por Levi&#8217;s y lleva tu calzado a otro nivel, haciendo que cada paso cuente con estilo, confort y autenticidad en cada movimiento.<\/p>\n<\/p><\/div>\n","protected":false},"excerpt":{"rendered":"<p>\ud83d\udfe5 GRAN OFERTA \ud83d\udfe5 #Publicidad #Amazon #16 \ud83d\udd34 Sneakers Levi&#8217;s \u2705 AHORA 21.6 \u20ac \u2714\ufe0f\ud83d\udfe1 \u274c Antes 45.00 \u20ac \ud83d\uded2: https:\/\/btz.es\/4V7ljR4 Descubre la fusi\u00f3n perfecta entre estilo urbano y comodidad con las Sneakers de Levi&#8217;s, una marca reconocida mundialmente por su calidad y dise\u00f1o innovador. Estas zapatillas est\u00e1n confeccionadas con materiales premium que garantizan durabilidad [&hellip;]<\/p>\n","protected":false},"featured_media":7355,"template":"","meta":{"_gspb_post_css":""},"store":[],"product_brand":[],"product_cat":[16],"product_tag":[],"class_list":{"0":"post-7356","1":"product","2":"type-product","3":"status-publish","4":"has-post-thumbnail","6":"product_cat-sin-categorizar","8":"first","9":"instock","10":"sale","11":"shipping-taxable","12":"product-type-external"},"jetpack_sharing_enabled":true,"_links":{"self":[{"href":"https:\/\/ofertacular.com\/index.php\/wp-json\/wp\/v2\/product\/7356","targetHints":{"allow":["GET"]}}],"collection":[{"href":"https:\/\/ofertacular.com\/index.php\/wp-json\/wp\/v2\/product"}],"about":[{"href":"https:\/\/ofertacular.com\/index.php\/wp-json\/wp\/v2\/types\/product"}],"wp:featuredmedia":[{"embeddable":true,"href":"https:\/\/ofertacular.com\/index.php\/wp-json\/wp\/v2\/media\/7355"}],"wp:attachment":[{"href":"https:\/\/ofertacular.com\/index.php\/wp-json\/wp\/v2\/media?parent=7356"}],"wp:term":[{"taxonomy":"store","embeddable":true,"href":"https:\/\/ofertacular.com\/index.php\/wp-json\/wp\/v2\/store?post=7356"},{"taxonomy":"product_brand","embeddable":true,"href":"https:\/\/ofertacular.com\/index.php\/wp-json\/wp\/v2\/product_brand?post=7356"},{"taxonomy":"product_cat","embeddable":true,"href":"https:\/\/ofertacular.com\/index.php\/wp-json\/wp\/v2\/product_cat?post=7356"},{"taxonomy":"product_tag","embeddable":true,"href":"https:\/\/ofertacular.com\/index.php\/wp-json\/wp\/v2\/product_tag?post=7356"}],"curies":[{"name":"wp","href":"https:\/\/api.w.org\/{rel}","templated":true}]}}