{"id":7360,"date":"2025-09-01T11:01:43","date_gmt":"2025-09-01T09:01:43","guid":{"rendered":"https:\/\/ofertacular.com\/index.php\/producto\/pato-discos\/"},"modified":"2025-09-01T11:01:43","modified_gmt":"2025-09-01T09:01:43","slug":"pato-discos","status":"publish","type":"product","link":"https:\/\/ofertacular.com\/index.php\/producto\/pato-discos\/","title":{"rendered":"PATO Discos"},"content":{"rendered":"<div class=\"oferta-container\">\n<p>\ud83d\udfe5 <b>DESCUENTAZO<\/b> \ud83d\udfe5 #Publicidad #Amazon #16<\/p>\n<p>\ud83d\udd34 <b>Discos PATO <\/b><\/p>\n<p>\u2705 <b>AHORA 3.99 \u20ac<\/b> \u2714\ufe0f\ud83d\udfe1<\/p>\n<p>\u274c Antes 5.29 \u20ac<\/p>\n<p>\ud83d\uded2: <a href=\"https:\/\/btz.es\/4V7mLoM\" target=\"_blank\" rel=\"nofollow noopener\">https:\/\/btz.es\/4V7mLoM<\/a><\/p>\n<p>Los discos PATO son la soluci\u00f3n perfecta para quienes buscan calidad y durabilidad en herramientas para el corte y pulido. Reconocidos por su resistencia y precisi\u00f3n, estos discos ofrecen un rendimiento superior tanto para profesionales como para aficionados al bricolaje. Fabricados con materiales de alta calidad, los discos PATO garantizan un corte limpio y uniforme, facilitando trabajos en diversos materiales como metal, piedra y cer\u00e1mica. Su dise\u00f1o innovador proporciona un equilibrio \u00f3ptimo que reduce la vibraci\u00f3n y el desgaste, aumentando la seguridad y la comodidad durante su uso. Adem\u00e1s, la compatibilidad de los discos PATO con m\u00faltiples modelos de herramientas el\u00e9ctricas los convierte en una opci\u00f3n vers\u00e1til y confiable. Ya sea para cortar, lijar o dar acabado, estos discos aportan eficiencia y resultados profesionales en cada proyecto. No comprometa la calidad de sus herramientas, elija discos PATO para un acabado impecable y un rendimiento duradero, asegurando la m\u00e1xima satisfacci\u00f3n en sus trabajos de construcci\u00f3n, remodelaci\u00f3n o reparaci\u00f3n.<\/p>\n<\/p><\/div>\n","protected":false},"excerpt":{"rendered":"<p>\ud83d\udfe5 DESCUENTAZO \ud83d\udfe5 #Publicidad #Amazon #16 \ud83d\udd34 Discos PATO \u2705 AHORA 3.99 \u20ac \u2714\ufe0f\ud83d\udfe1 \u274c Antes 5.29 \u20ac \ud83d\uded2: https:\/\/btz.es\/4V7mLoM Los discos PATO son la soluci\u00f3n perfecta para quienes buscan calidad y durabilidad en herramientas para el corte y pulido. Reconocidos por su resistencia y precisi\u00f3n, estos discos ofrecen un rendimiento superior tanto para profesionales [&hellip;]<\/p>\n","protected":false},"featured_media":7359,"template":"","meta":{"_gspb_post_css":""},"store":[],"product_brand":[],"product_cat":[16],"product_tag":[],"class_list":{"0":"post-7360","1":"product","2":"type-product","3":"status-publish","4":"has-post-thumbnail","6":"product_cat-sin-categorizar","8":"first","9":"instock","10":"sale","11":"shipping-taxable","12":"product-type-external"},"jetpack_sharing_enabled":true,"_links":{"self":[{"href":"https:\/\/ofertacular.com\/index.php\/wp-json\/wp\/v2\/product\/7360","targetHints":{"allow":["GET"]}}],"collection":[{"href":"https:\/\/ofertacular.com\/index.php\/wp-json\/wp\/v2\/product"}],"about":[{"href":"https:\/\/ofertacular.com\/index.php\/wp-json\/wp\/v2\/types\/product"}],"wp:featuredmedia":[{"embeddable":true,"href":"https:\/\/ofertacular.com\/index.php\/wp-json\/wp\/v2\/media\/7359"}],"wp:attachment":[{"href":"https:\/\/ofertacular.com\/index.php\/wp-json\/wp\/v2\/media?parent=7360"}],"wp:term":[{"taxonomy":"store","embeddable":true,"href":"https:\/\/ofertacular.com\/index.php\/wp-json\/wp\/v2\/store?post=7360"},{"taxonomy":"product_brand","embeddable":true,"href":"https:\/\/ofertacular.com\/index.php\/wp-json\/wp\/v2\/product_brand?post=7360"},{"taxonomy":"product_cat","embeddable":true,"href":"https:\/\/ofertacular.com\/index.php\/wp-json\/wp\/v2\/product_cat?post=7360"},{"taxonomy":"product_tag","embeddable":true,"href":"https:\/\/ofertacular.com\/index.php\/wp-json\/wp\/v2\/product_tag?post=7360"}],"curies":[{"name":"wp","href":"https:\/\/api.w.org\/{rel}","templated":true}]}}