{"id":7362,"date":"2025-09-01T11:03:11","date_gmt":"2025-09-01T09:03:11","guid":{"rendered":"https:\/\/ofertacular.com\/index.php\/producto\/adidas-track\/"},"modified":"2025-09-01T11:03:11","modified_gmt":"2025-09-01T09:03:11","slug":"adidas-track","status":"publish","type":"product","link":"https:\/\/ofertacular.com\/index.php\/producto\/adidas-track\/","title":{"rendered":"adidas Track"},"content":{"rendered":"<div class=\"oferta-container\">\n<p>\ud83d\udfe5 <b>EXCLUSIVO<\/b> \ud83d\udfe5 #Publicidad #Amazon #16<\/p>\n<p>\ud83d\udd34 <b>Track adidas <\/b><\/p>\n<p>\u2705 <b>AHORA 19.49 \u20ac<\/b> \u2714\ufe0f\ud83d\udfe1<\/p>\n<p>\u274c Antes 35.00 \u20ac<\/p>\n<p>\ud83d\uded2: <a href=\"https:\/\/btz.es\/4V7nhYx\" target=\"_blank\" rel=\"nofollow noopener\">https:\/\/btz.es\/4V7nhYx<\/a><\/p>\n<p>Los Adidas Track son la elecci\u00f3n perfecta para quienes buscan combinar estilo y rendimiento en una sola prenda. Concebidos para brindar comodidad excepcional y durabilidad, estos pantalones deportivos se adaptan a diferentes estilos de vida, desde entrenamientos exigentes hasta un look casual en el d\u00eda a d\u00eda. Fabricados con materiales de alta calidad que permiten una gran transpirabilidad y libertad de movimiento, los Adidas Track destacan por su dise\u00f1o cl\u00e1sico y moderno a la vez, incorporando detalles ic\u00f3nicos de la marca que aseguran autenticidad y prestigio. Ideales para deportistas y entusiastas del fitness, as\u00ed como para aquellos que valoran la moda urbana funcional, estos pantalones son vers\u00e1tiles y f\u00e1ciles de combinar con camisetas, sudaderas y calzado deportivo. Adem\u00e1s, su corte ergon\u00f3mico y cintura ajustable proporcionan un ajuste personalizado que se mantiene c\u00f3modo durante largos periodos de uso. Gracias a su tecnolog\u00eda avanzada en tejido, los Adidas Track facilitan la evaporaci\u00f3n del sudor, manteniendo la piel seca incluso en las sesiones m\u00e1s intensas. Su dise\u00f1o incluye bolsillos pr\u00e1cticos para almacenamiento seguro de objetos personales, incrementando su funcionalidad. En resumen, los Adidas Track representan una inversi\u00f3n acertada para quienes buscan calidad, estilo y rendimiento en su ropa deportiva, siendo una pieza imprescindible en cualquier armario dedicado a la actividad f\u00edsica o al streetwear contempor\u00e1neo. Con estos pantalones deportivos podr\u00e1s experimentar la combinaci\u00f3n perfecta entre moda y tecnolog\u00eda textil, disfrutando de cada movimiento con total libertad y confianza en tu look.<\/p>\n<\/p><\/div>\n","protected":false},"excerpt":{"rendered":"<p>\ud83d\udfe5 EXCLUSIVO \ud83d\udfe5 #Publicidad #Amazon #16 \ud83d\udd34 Track adidas \u2705 AHORA 19.49 \u20ac \u2714\ufe0f\ud83d\udfe1 \u274c Antes 35.00 \u20ac \ud83d\uded2: https:\/\/btz.es\/4V7nhYx Los Adidas Track son la elecci\u00f3n perfecta para quienes buscan combinar estilo y rendimiento en una sola prenda. Concebidos para brindar comodidad excepcional y durabilidad, estos pantalones deportivos se adaptan a diferentes estilos de vida, [&hellip;]<\/p>\n","protected":false},"featured_media":7361,"template":"","meta":{"_gspb_post_css":""},"store":[],"product_brand":[],"product_cat":[16],"product_tag":[],"class_list":{"0":"post-7362","1":"product","2":"type-product","3":"status-publish","4":"has-post-thumbnail","6":"product_cat-sin-categorizar","8":"first","9":"instock","10":"sale","11":"shipping-taxable","12":"product-type-external"},"jetpack_sharing_enabled":true,"_links":{"self":[{"href":"https:\/\/ofertacular.com\/index.php\/wp-json\/wp\/v2\/product\/7362","targetHints":{"allow":["GET"]}}],"collection":[{"href":"https:\/\/ofertacular.com\/index.php\/wp-json\/wp\/v2\/product"}],"about":[{"href":"https:\/\/ofertacular.com\/index.php\/wp-json\/wp\/v2\/types\/product"}],"wp:featuredmedia":[{"embeddable":true,"href":"https:\/\/ofertacular.com\/index.php\/wp-json\/wp\/v2\/media\/7361"}],"wp:attachment":[{"href":"https:\/\/ofertacular.com\/index.php\/wp-json\/wp\/v2\/media?parent=7362"}],"wp:term":[{"taxonomy":"store","embeddable":true,"href":"https:\/\/ofertacular.com\/index.php\/wp-json\/wp\/v2\/store?post=7362"},{"taxonomy":"product_brand","embeddable":true,"href":"https:\/\/ofertacular.com\/index.php\/wp-json\/wp\/v2\/product_brand?post=7362"},{"taxonomy":"product_cat","embeddable":true,"href":"https:\/\/ofertacular.com\/index.php\/wp-json\/wp\/v2\/product_cat?post=7362"},{"taxonomy":"product_tag","embeddable":true,"href":"https:\/\/ofertacular.com\/index.php\/wp-json\/wp\/v2\/product_tag?post=7362"}],"curies":[{"name":"wp","href":"https:\/\/api.w.org\/{rel}","templated":true}]}}