{"id":7366,"date":"2025-09-01T12:24:50","date_gmt":"2025-09-01T10:24:50","guid":{"rendered":"https:\/\/ofertacular.com\/index.php\/producto\/eco-line-regleta\/"},"modified":"2025-09-01T12:24:50","modified_gmt":"2025-09-01T10:24:50","slug":"eco-line-regleta","status":"publish","type":"product","link":"https:\/\/ofertacular.com\/index.php\/producto\/eco-line-regleta\/","title":{"rendered":"Eco-Line Regleta"},"content":{"rendered":"<div class=\"oferta-container\">\n<p>\ud83d\udfe5 <b>INCRE\u00cdBLE<\/b> \ud83d\udfe5 #Publicidad #Amazon #16<\/p>\n<p>\ud83d\udd34 <b>Regleta Eco-Line <\/b><\/p>\n<p>\u2705 <b>AHORA 9.29 \u20ac<\/b> \u2714\ufe0f\ud83d\udfe1<\/p>\n<p>\u274c Antes 12.99 \u20ac<\/p>\n<p>\ud83d\uded2: <a href=\"https:\/\/btz.es\/4V77GpG\" target=\"_blank\" rel=\"nofollow noopener\">https:\/\/btz.es\/4V77GpG<\/a><\/p>\n<p>Descubre la Regleta Eco-Line, una soluci\u00f3n pr\u00e1ctica y eficiente para organizar y proteger tus conexiones el\u00e9ctricas en el hogar o la oficina. Esta regleta destaca por su dise\u00f1o moderno y compacto, que se adapta f\u00e1cilmente a cualquier espacio, adem\u00e1s de ofrecer m\u00faltiples tomas de corriente que permiten conectar varios dispositivos de manera segura y ordenada. Fabricada con materiales de alta calidad, la Regleta Eco-Line garantiza durabilidad y resistencia al uso diario, as\u00ed como una excelente protecci\u00f3n contra sobrecargas el\u00e9ctricas gracias a su sistema de seguridad integrado. Ideal para mejorar la gesti\u00f3n de cables y optimizar el espacio, esta regleta es perfecta para usuarios que buscan funcionalidad y estilo en un solo producto. Gracias a su f\u00e1cil instalaci\u00f3n y su dise\u00f1o vers\u00e1til, la Regleta Eco-Line se convierte en la opci\u00f3n preferida para quienes desean mantener sus dispositivos conectados de manera segura y organizada. No pierdas la oportunidad de adquirir esta regleta que combina eficiencia, tecnolog\u00eda y dise\u00f1o sostenible, contribuyendo adem\u00e1s a un consumo responsable de energ\u00eda.<\/p>\n<\/p><\/div>\n","protected":false},"excerpt":{"rendered":"<p>\ud83d\udfe5 INCRE\u00cdBLE \ud83d\udfe5 #Publicidad #Amazon #16 \ud83d\udd34 Regleta Eco-Line \u2705 AHORA 9.29 \u20ac \u2714\ufe0f\ud83d\udfe1 \u274c Antes 12.99 \u20ac \ud83d\uded2: https:\/\/btz.es\/4V77GpG Descubre la Regleta Eco-Line, una soluci\u00f3n pr\u00e1ctica y eficiente para organizar y proteger tus conexiones el\u00e9ctricas en el hogar o la oficina. Esta regleta destaca por su dise\u00f1o moderno y compacto, que se adapta f\u00e1cilmente [&hellip;]<\/p>\n","protected":false},"featured_media":7365,"template":"","meta":{"_gspb_post_css":""},"store":[],"product_brand":[],"product_cat":[16],"product_tag":[],"class_list":{"0":"post-7366","1":"product","2":"type-product","3":"status-publish","4":"has-post-thumbnail","6":"product_cat-sin-categorizar","8":"first","9":"instock","10":"sale","11":"shipping-taxable","12":"product-type-external"},"jetpack_sharing_enabled":true,"_links":{"self":[{"href":"https:\/\/ofertacular.com\/index.php\/wp-json\/wp\/v2\/product\/7366","targetHints":{"allow":["GET"]}}],"collection":[{"href":"https:\/\/ofertacular.com\/index.php\/wp-json\/wp\/v2\/product"}],"about":[{"href":"https:\/\/ofertacular.com\/index.php\/wp-json\/wp\/v2\/types\/product"}],"wp:featuredmedia":[{"embeddable":true,"href":"https:\/\/ofertacular.com\/index.php\/wp-json\/wp\/v2\/media\/7365"}],"wp:attachment":[{"href":"https:\/\/ofertacular.com\/index.php\/wp-json\/wp\/v2\/media?parent=7366"}],"wp:term":[{"taxonomy":"store","embeddable":true,"href":"https:\/\/ofertacular.com\/index.php\/wp-json\/wp\/v2\/store?post=7366"},{"taxonomy":"product_brand","embeddable":true,"href":"https:\/\/ofertacular.com\/index.php\/wp-json\/wp\/v2\/product_brand?post=7366"},{"taxonomy":"product_cat","embeddable":true,"href":"https:\/\/ofertacular.com\/index.php\/wp-json\/wp\/v2\/product_cat?post=7366"},{"taxonomy":"product_tag","embeddable":true,"href":"https:\/\/ofertacular.com\/index.php\/wp-json\/wp\/v2\/product_tag?post=7366"}],"curies":[{"name":"wp","href":"https:\/\/api.w.org\/{rel}","templated":true}]}}