{"id":7372,"date":"2025-09-01T13:29:34","date_gmt":"2025-09-01T11:29:34","guid":{"rendered":"https:\/\/ofertacular.com\/index.php\/producto\/bosch-destornillador\/"},"modified":"2025-09-01T13:29:34","modified_gmt":"2025-09-01T11:29:34","slug":"bosch-destornillador","status":"publish","type":"product","link":"https:\/\/ofertacular.com\/index.php\/producto\/bosch-destornillador\/","title":{"rendered":"Bosch Destornillador"},"content":{"rendered":"<div class=\"oferta-container\">\n<p>\ud83d\udfe5 <b>REBAJA<\/b> \ud83d\udfe5 #Publicidad #Amazon #16<\/p>\n<p>\ud83d\udd34 <b>Destornillador Bosch <\/b><\/p>\n<p>\u2705 <b>AHORA 9.99 \u20ac<\/b> \u2714\ufe0f\ud83d\udfe1<\/p>\n<p>\u274c Antes 13.79 \u20ac<\/p>\n<p>\ud83d\uded2: <a href=\"https:\/\/btz.es\/4V7NYTT\" target=\"_blank\" rel=\"nofollow noopener\">https:\/\/btz.es\/4V7NYTT<\/a><\/p>\n<p>El destornillador Bosch es una herramienta imprescindible para cualquier aficionado o profesional que busca calidad y eficiencia en sus proyectos. Este destornillador el\u00e9ctrico combina la potencia y la precisi\u00f3n que caracteriza a la marca Bosch con un dise\u00f1o ergon\u00f3mico que facilita su manejo incluso en trabajos prolongados. Fabricado con materiales duraderos, garantiza una larga vida \u00fatil y un rendimiento constante. Su bater\u00eda de alta capacidad ofrece una autonom\u00eda excelente para que puedas completar tus tareas sin interrupciones. Adem\u00e1s, su varilla magn\u00e9tica permite un ajuste sencillo y seguro de las puntas, mejorando la precisi\u00f3n y reduciendo el esfuerzo durante el uso. Ideal para tareas de montaje, reparaciones y bricolaje, este destornillador es vers\u00e1til y se adapta a una amplia variedad de tornillos. Con funciones inteligentes como control de torque ajustable y luz LED integrada, este producto asegura resultados profesionales y un manejo c\u00f3modo en espacios reducidos o con poca iluminaci\u00f3n. Bosch, reconocido l\u00edder en herramientas el\u00e9ctricas, ofrece con este destornillador un equilibrio perfecto entre potencia, dise\u00f1o compacto y facilidad de uso. Es una inversi\u00f3n confiable para quienes buscan un equipo duradero y eficiente. Aprovecha esta oportunidad para equiparte con una herramienta que potenciar\u00e1 tus proyectos y facilitar\u00e1 tu trabajo diario.<\/p>\n<\/p><\/div>\n","protected":false},"excerpt":{"rendered":"<p>\ud83d\udfe5 REBAJA \ud83d\udfe5 #Publicidad #Amazon #16 \ud83d\udd34 Destornillador Bosch \u2705 AHORA 9.99 \u20ac \u2714\ufe0f\ud83d\udfe1 \u274c Antes 13.79 \u20ac \ud83d\uded2: https:\/\/btz.es\/4V7NYTT El destornillador Bosch es una herramienta imprescindible para cualquier aficionado o profesional que busca calidad y eficiencia en sus proyectos. Este destornillador el\u00e9ctrico combina la potencia y la precisi\u00f3n que caracteriza a la marca Bosch [&hellip;]<\/p>\n","protected":false},"featured_media":7371,"template":"","meta":{"_gspb_post_css":""},"store":[],"product_brand":[],"product_cat":[16],"product_tag":[],"class_list":{"0":"post-7372","1":"product","2":"type-product","3":"status-publish","4":"has-post-thumbnail","6":"product_cat-sin-categorizar","8":"first","9":"instock","10":"sale","11":"shipping-taxable","12":"product-type-external"},"jetpack_sharing_enabled":true,"_links":{"self":[{"href":"https:\/\/ofertacular.com\/index.php\/wp-json\/wp\/v2\/product\/7372","targetHints":{"allow":["GET"]}}],"collection":[{"href":"https:\/\/ofertacular.com\/index.php\/wp-json\/wp\/v2\/product"}],"about":[{"href":"https:\/\/ofertacular.com\/index.php\/wp-json\/wp\/v2\/types\/product"}],"wp:featuredmedia":[{"embeddable":true,"href":"https:\/\/ofertacular.com\/index.php\/wp-json\/wp\/v2\/media\/7371"}],"wp:attachment":[{"href":"https:\/\/ofertacular.com\/index.php\/wp-json\/wp\/v2\/media?parent=7372"}],"wp:term":[{"taxonomy":"store","embeddable":true,"href":"https:\/\/ofertacular.com\/index.php\/wp-json\/wp\/v2\/store?post=7372"},{"taxonomy":"product_brand","embeddable":true,"href":"https:\/\/ofertacular.com\/index.php\/wp-json\/wp\/v2\/product_brand?post=7372"},{"taxonomy":"product_cat","embeddable":true,"href":"https:\/\/ofertacular.com\/index.php\/wp-json\/wp\/v2\/product_cat?post=7372"},{"taxonomy":"product_tag","embeddable":true,"href":"https:\/\/ofertacular.com\/index.php\/wp-json\/wp\/v2\/product_tag?post=7372"}],"curies":[{"name":"wp","href":"https:\/\/api.w.org\/{rel}","templated":true}]}}