{"id":7374,"date":"2025-09-01T13:32:47","date_gmt":"2025-09-01T11:32:47","guid":{"rendered":"https:\/\/ofertacular.com\/index.php\/producto\/geographical-norway-hoodie\/"},"modified":"2025-09-01T13:32:47","modified_gmt":"2025-09-01T11:32:47","slug":"geographical-norway-hoodie","status":"publish","type":"product","link":"https:\/\/ofertacular.com\/index.php\/producto\/geographical-norway-hoodie\/","title":{"rendered":"Geographical Norway Hoodie"},"content":{"rendered":"<div class=\"oferta-container\">\n<p>\ud83d\udfe5 <b>GRAN OFERTA<\/b> \ud83d\udfe5 #Publicidad #Amazon #16<\/p>\n<p>\ud83d\udd34 <b>Hoodie Geographical <\/b><\/p>\n<p>\u2705 <b>AHORA 20.3 \u20ac<\/b> \u2714\ufe0f\ud83d\udfe1<\/p>\n<p>\u274c Antes 49.90 \u20ac<\/p>\n<p>\ud83d\uded2: <a href=\"https:\/\/btz.es\/4V7ONkV\" target=\"_blank\" rel=\"nofollow noopener\">https:\/\/btz.es\/4V7ONkV<\/a><\/p>\n<p>Descubre la comodidad y el estilo \u00fanico de la Geographical Norway Hoodie, una prenda imprescindible para cualquier guardarropa. Este hoodie combina funcionalidad y dise\u00f1o moderno para ofrecerte una experiencia de uso excepcional, ideal para actividades al aire libre y el d\u00eda a d\u00eda. Fabricada con materiales de alta calidad, esta sudadera asegura durabilidad y confort, manteni\u00e9ndote abrigado incluso en los d\u00edas m\u00e1s fr\u00edos. Su dise\u00f1o distintivo refleja la esencia de la aventura y la exploraci\u00f3n, con detalles cuidadosamente elaborados que resaltan la marca Geographical Norway. Perfecta para quienes buscan una prenda vers\u00e1til que se adapte tanto a looks casuales como a necesidades pr\u00e1cticas de abrigo. Adem\u00e1s, su ajuste y corte est\u00e1n pensados para ofrecer libertad de movimiento sin sacrificar el estilo. El hoodie Geographical Norway es una apuesta segura para quienes valoran la combinaci\u00f3n de moda, funcionalidad y tradici\u00f3n. No dejes pasar la oportunidad de a\u00f1adir esta pieza \u00fanica a tu colecci\u00f3n, que se convertir\u00e1 en tu favorita durante todo el a\u00f1o.<\/p>\n<\/p><\/div>\n","protected":false},"excerpt":{"rendered":"<p>\ud83d\udfe5 GRAN OFERTA \ud83d\udfe5 #Publicidad #Amazon #16 \ud83d\udd34 Hoodie Geographical \u2705 AHORA 20.3 \u20ac \u2714\ufe0f\ud83d\udfe1 \u274c Antes 49.90 \u20ac \ud83d\uded2: https:\/\/btz.es\/4V7ONkV Descubre la comodidad y el estilo \u00fanico de la Geographical Norway Hoodie, una prenda imprescindible para cualquier guardarropa. Este hoodie combina funcionalidad y dise\u00f1o moderno para ofrecerte una experiencia de uso excepcional, ideal para [&hellip;]<\/p>\n","protected":false},"featured_media":7373,"template":"","meta":{"_gspb_post_css":""},"store":[],"product_brand":[],"product_cat":[16],"product_tag":[],"class_list":{"0":"post-7374","1":"product","2":"type-product","3":"status-publish","4":"has-post-thumbnail","6":"product_cat-sin-categorizar","8":"first","9":"instock","10":"sale","11":"shipping-taxable","12":"product-type-external"},"jetpack_sharing_enabled":true,"_links":{"self":[{"href":"https:\/\/ofertacular.com\/index.php\/wp-json\/wp\/v2\/product\/7374","targetHints":{"allow":["GET"]}}],"collection":[{"href":"https:\/\/ofertacular.com\/index.php\/wp-json\/wp\/v2\/product"}],"about":[{"href":"https:\/\/ofertacular.com\/index.php\/wp-json\/wp\/v2\/types\/product"}],"wp:featuredmedia":[{"embeddable":true,"href":"https:\/\/ofertacular.com\/index.php\/wp-json\/wp\/v2\/media\/7373"}],"wp:attachment":[{"href":"https:\/\/ofertacular.com\/index.php\/wp-json\/wp\/v2\/media?parent=7374"}],"wp:term":[{"taxonomy":"store","embeddable":true,"href":"https:\/\/ofertacular.com\/index.php\/wp-json\/wp\/v2\/store?post=7374"},{"taxonomy":"product_brand","embeddable":true,"href":"https:\/\/ofertacular.com\/index.php\/wp-json\/wp\/v2\/product_brand?post=7374"},{"taxonomy":"product_cat","embeddable":true,"href":"https:\/\/ofertacular.com\/index.php\/wp-json\/wp\/v2\/product_cat?post=7374"},{"taxonomy":"product_tag","embeddable":true,"href":"https:\/\/ofertacular.com\/index.php\/wp-json\/wp\/v2\/product_tag?post=7374"}],"curies":[{"name":"wp","href":"https:\/\/api.w.org\/{rel}","templated":true}]}}