{"id":7385,"date":"2025-09-02T08:20:18","date_gmt":"2025-09-02T06:20:18","guid":{"rendered":"https:\/\/ofertacular.com\/index.php\/producto\/sony-headphones-3\/"},"modified":"2025-09-02T08:20:18","modified_gmt":"2025-09-02T06:20:18","slug":"sony-headphones-3","status":"publish","type":"product","link":"https:\/\/ofertacular.com\/index.php\/producto\/sony-headphones-3\/","title":{"rendered":"Sony Headphones"},"content":{"rendered":"<div class=\"oferta-container\">\n<p>\ud83d\udfe5 <b>INCRE\u00cdBLE<\/b> \ud83d\udfe5 #Publicidad #Amazon #16<\/p>\n<p>\ud83d\udd34 <b>Auriculares Sony <\/b><\/p>\n<p>\u2705 <b>AHORA 6.69 \u20ac<\/b> \u2714\ufe0f\ud83d\udfe1<\/p>\n<p>\u274c Antes 30.00 \u20ac<\/p>\n<p>\ud83d\uded2: <a href=\"https:\/\/btz.es\/4VCyCUa\" target=\"_blank\" rel=\"nofollow noopener\">https:\/\/btz.es\/4VCyCUa<\/a><\/p>\n<p>Sum\u00e9rgete en una experiencia auditiva inigualable con los Auriculares Sony, dise\u00f1ados para ofrecer un sonido de alta fidelidad y comodidad excepcional. Ideales tanto para los amantes de la m\u00fasica como para profesionales que buscan calidad y funcionalidad en un solo dispositivo, estos auriculares combinan tecnolog\u00eda avanzada con un dise\u00f1o ergon\u00f3mico que garantiza horas de uso sin fatiga. Gracias a su cancelaci\u00f3n activa de ruido, podr\u00e1s aislarte del entorno y disfrutar cada detalle sonoro con claridad cristalina, ya sea en casa, en la oficina o durante tus desplazamientos. La conectividad inal\u00e1mbrica por Bluetooth permite emparejarlos f\u00e1cilmente con cualquier dispositivo compatible, proporcionando libertad de movimiento y una conectividad estable y r\u00e1pida. Adem\u00e1s, su bater\u00eda de larga duraci\u00f3n asegura que la m\u00fasica te acompa\u00f1e durante todo el d\u00eda sin interrupciones, mientras que su dise\u00f1o plegable facilita su transporte y almacenamiento. Perfectos para escuchar tus playlists favoritas, disfrutar de podcasts, videojuegos o atender llamadas con calidad profesional, los Auriculares Sony son una inversi\u00f3n imprescindible para quienes buscan excelencia y versatilidad en sonido. La calidad de construcci\u00f3n y los materiales premium garantizan durabilidad y resistencia, complementando as\u00ed una experiencia auditiva superior que solo Sony puede ofrecer. Actualiza tu equipo sonoro con estos auriculares que combinan estilo, tecnolog\u00eda y rendimiento para transformar cada momento en una experiencia sonora inolvidable.<\/p>\n<\/p><\/div>\n","protected":false},"excerpt":{"rendered":"<p>\ud83d\udfe5 INCRE\u00cdBLE \ud83d\udfe5 #Publicidad #Amazon #16 \ud83d\udd34 Auriculares Sony \u2705 AHORA 6.69 \u20ac \u2714\ufe0f\ud83d\udfe1 \u274c Antes 30.00 \u20ac \ud83d\uded2: https:\/\/btz.es\/4VCyCUa Sum\u00e9rgete en una experiencia auditiva inigualable con los Auriculares Sony, dise\u00f1ados para ofrecer un sonido de alta fidelidad y comodidad excepcional. Ideales tanto para los amantes de la m\u00fasica como para profesionales que buscan calidad [&hellip;]<\/p>\n","protected":false},"featured_media":7384,"template":"","meta":{"_gspb_post_css":""},"store":[],"product_brand":[],"product_cat":[16],"product_tag":[],"class_list":{"0":"post-7385","1":"product","2":"type-product","3":"status-publish","4":"has-post-thumbnail","6":"product_cat-sin-categorizar","8":"first","9":"instock","10":"sale","11":"shipping-taxable","12":"product-type-external"},"jetpack_sharing_enabled":true,"_links":{"self":[{"href":"https:\/\/ofertacular.com\/index.php\/wp-json\/wp\/v2\/product\/7385","targetHints":{"allow":["GET"]}}],"collection":[{"href":"https:\/\/ofertacular.com\/index.php\/wp-json\/wp\/v2\/product"}],"about":[{"href":"https:\/\/ofertacular.com\/index.php\/wp-json\/wp\/v2\/types\/product"}],"wp:featuredmedia":[{"embeddable":true,"href":"https:\/\/ofertacular.com\/index.php\/wp-json\/wp\/v2\/media\/7384"}],"wp:attachment":[{"href":"https:\/\/ofertacular.com\/index.php\/wp-json\/wp\/v2\/media?parent=7385"}],"wp:term":[{"taxonomy":"store","embeddable":true,"href":"https:\/\/ofertacular.com\/index.php\/wp-json\/wp\/v2\/store?post=7385"},{"taxonomy":"product_brand","embeddable":true,"href":"https:\/\/ofertacular.com\/index.php\/wp-json\/wp\/v2\/product_brand?post=7385"},{"taxonomy":"product_cat","embeddable":true,"href":"https:\/\/ofertacular.com\/index.php\/wp-json\/wp\/v2\/product_cat?post=7385"},{"taxonomy":"product_tag","embeddable":true,"href":"https:\/\/ofertacular.com\/index.php\/wp-json\/wp\/v2\/product_tag?post=7385"}],"curies":[{"name":"wp","href":"https:\/\/api.w.org\/{rel}","templated":true}]}}