{"id":7387,"date":"2025-09-02T09:15:24","date_gmt":"2025-09-02T07:15:24","guid":{"rendered":"https:\/\/ofertacular.com\/index.php\/producto\/cuaderno-enri\/"},"modified":"2025-09-02T09:15:24","modified_gmt":"2025-09-02T07:15:24","slug":"cuaderno-enri","status":"publish","type":"product","link":"https:\/\/ofertacular.com\/index.php\/producto\/cuaderno-enri\/","title":{"rendered":"Cuaderno Enri"},"content":{"rendered":"<div class=\"oferta-container\">\n<p>\ud83d\udfe5 <b>\u00a1OFERTA ESPECIAL!<\/b> \ud83d\udfe5 #Publicidad #Amazon #16<\/p>\n<p>\ud83d\udd34 <b>Cuaderno Enri <\/b><\/p>\n<p>\u2705 <b>AHORA 11.36 \u20ac<\/b> \u2714\ufe0f\ud83d\udfe1<\/p>\n<p>\u274c Antes 12.99 \u20ac<\/p>\n<p>\ud83d\uded2: <a href=\"https:\/\/btz.es\/4VCC5GG\" target=\"_blank\" rel=\"nofollow noopener\">https:\/\/btz.es\/4VCC5GG<\/a><\/p>\n<p>El Cuaderno Enri es la elecci\u00f3n perfecta para quienes buscan calidad y funcionalidad en su material de escritura. Este cuaderno est\u00e1 dise\u00f1ado pensando en estudiantes, profesionales y creativos que valoran una herramienta confiable para anotar ideas, tomar apuntes o realizar bocetos. Con una encuadernaci\u00f3n resistente y p\u00e1ginas de papel de alta gramaje, ofrece una experiencia de escritura suave y sin manchas, ideal para l\u00e1pices, bol\u00edgrafos y rotuladores. Adem\u00e1s, su dise\u00f1o compacto y elegante facilita su transporte y manejo en cualquier situaci\u00f3n, ya sea en la escuela, la oficina o en casa. La portada del Cuaderno Enri est\u00e1 fabricada con materiales duraderos que resisten el uso diario, manteniendo una apariencia impecable con el paso del tiempo. Este producto de la marca Enri asegura un equilibrio perfecto entre estilo y funcionalidad, convirti\u00e9ndolo en un imprescindible para cualquier persona que valore la organizaci\u00f3n y la creatividad. No pierdas la oportunidad de mejorar tu rutina diaria con un cuaderno que combina excelencia y practicidad.<\/p>\n<\/p><\/div>\n","protected":false},"excerpt":{"rendered":"<p>\ud83d\udfe5 \u00a1OFERTA ESPECIAL! \ud83d\udfe5 #Publicidad #Amazon #16 \ud83d\udd34 Cuaderno Enri \u2705 AHORA 11.36 \u20ac \u2714\ufe0f\ud83d\udfe1 \u274c Antes 12.99 \u20ac \ud83d\uded2: https:\/\/btz.es\/4VCC5GG El Cuaderno Enri es la elecci\u00f3n perfecta para quienes buscan calidad y funcionalidad en su material de escritura. Este cuaderno est\u00e1 dise\u00f1ado pensando en estudiantes, profesionales y creativos que valoran una herramienta confiable para [&hellip;]<\/p>\n","protected":false},"featured_media":7386,"template":"","meta":{"_gspb_post_css":""},"store":[],"product_brand":[],"product_cat":[16],"product_tag":[],"class_list":{"0":"post-7387","1":"product","2":"type-product","3":"status-publish","4":"has-post-thumbnail","6":"product_cat-sin-categorizar","8":"first","9":"instock","10":"sale","11":"shipping-taxable","12":"product-type-external"},"jetpack_sharing_enabled":true,"_links":{"self":[{"href":"https:\/\/ofertacular.com\/index.php\/wp-json\/wp\/v2\/product\/7387","targetHints":{"allow":["GET"]}}],"collection":[{"href":"https:\/\/ofertacular.com\/index.php\/wp-json\/wp\/v2\/product"}],"about":[{"href":"https:\/\/ofertacular.com\/index.php\/wp-json\/wp\/v2\/types\/product"}],"wp:featuredmedia":[{"embeddable":true,"href":"https:\/\/ofertacular.com\/index.php\/wp-json\/wp\/v2\/media\/7386"}],"wp:attachment":[{"href":"https:\/\/ofertacular.com\/index.php\/wp-json\/wp\/v2\/media?parent=7387"}],"wp:term":[{"taxonomy":"store","embeddable":true,"href":"https:\/\/ofertacular.com\/index.php\/wp-json\/wp\/v2\/store?post=7387"},{"taxonomy":"product_brand","embeddable":true,"href":"https:\/\/ofertacular.com\/index.php\/wp-json\/wp\/v2\/product_brand?post=7387"},{"taxonomy":"product_cat","embeddable":true,"href":"https:\/\/ofertacular.com\/index.php\/wp-json\/wp\/v2\/product_cat?post=7387"},{"taxonomy":"product_tag","embeddable":true,"href":"https:\/\/ofertacular.com\/index.php\/wp-json\/wp\/v2\/product_tag?post=7387"}],"curies":[{"name":"wp","href":"https:\/\/api.w.org\/{rel}","templated":true}]}}