{"id":7391,"date":"2025-09-02T09:17:51","date_gmt":"2025-09-02T07:17:51","guid":{"rendered":"https:\/\/ofertacular.com\/index.php\/producto\/cecotec-barbero\/"},"modified":"2025-09-02T09:17:51","modified_gmt":"2025-09-02T07:17:51","slug":"cecotec-barbero","status":"publish","type":"product","link":"https:\/\/ofertacular.com\/index.php\/producto\/cecotec-barbero\/","title":{"rendered":"Cecotec Barbero"},"content":{"rendered":"<div class=\"oferta-container\">\n<p>\ud83d\udfe5 <b>\u00a1OFERT\u00d3N!<\/b> \ud83d\udfe5 #Publicidad #Amazon #16<\/p>\n<p>\ud83d\udd34 <b>Barbero Cecotec <\/b><\/p>\n<p>\u2705 <b>AHORA 10.9 \u20ac<\/b> \u2714\ufe0f\ud83d\udfe1<\/p>\n<p>\u274c Antes 19.92 \u20ac<\/p>\n<p>\ud83d\uded2: <a href=\"https:\/\/btz.es\/4VCDi9k\" target=\"_blank\" rel=\"nofollow noopener\">https:\/\/btz.es\/4VCDi9k<\/a><\/p>\n<p>Descubre el Barbero Cecotec, una herramienta imprescindible para el cuidado personal masculino. Este dispositivo combina dise\u00f1o ergon\u00f3mico con tecnolog\u00eda avanzada para ofrecer un afeitado preciso y c\u00f3modo. Ideal para recortar barba, bigote y patillas, este barbero est\u00e1 equipado con cuchillas de acero inoxidable de alta calidad que aseguran un corte limpio y duradero. Su bater\u00eda recargable proporciona autonom\u00eda para m\u00faltiples usos, permiti\u00e9ndote mantener tu estilo en cualquier lugar y momento.<\/p>\n<p>El Barbero Cecotec se adapta a diferentes longitudes de vello gracias a sus m\u00faltiples peines ajustables, facilitando estilos desde el afeitado apurado hasta looks m\u00e1s definidos y modernos. Su manejo intuitivo y ligero lo hace perfecto tanto para usuarios principiantes como para expertos en grooming. Adem\u00e1s, cuenta con un dise\u00f1o f\u00e1cil de limpiar y resistente al agua, lo que garantiza higiene y durabilidad.<\/p>\n<p>Este barbero es una soluci\u00f3n vers\u00e1til y eficiente para hombres que buscan optimizar su rutina diaria de cuidado facial. Su motor silencioso permite un uso discreto sin comprometer la potencia, asegurando un rendimiento \u00f3ptimo en cada pasada.<\/p>\n<p>Palabras clave relacionadas: barbero el\u00e9ctrico, afeitadora masculina, recortadora de barba, cuidado personal hombre, cuchillas acero inoxidable, bater\u00eda recargable, peines ajustables, barbero resistente agua, grooming masculino, afeitado preciso.<\/p>\n<\/p><\/div>\n","protected":false},"excerpt":{"rendered":"<p>\ud83d\udfe5 \u00a1OFERT\u00d3N! \ud83d\udfe5 #Publicidad #Amazon #16 \ud83d\udd34 Barbero Cecotec \u2705 AHORA 10.9 \u20ac \u2714\ufe0f\ud83d\udfe1 \u274c Antes 19.92 \u20ac \ud83d\uded2: https:\/\/btz.es\/4VCDi9k Descubre el Barbero Cecotec, una herramienta imprescindible para el cuidado personal masculino. Este dispositivo combina dise\u00f1o ergon\u00f3mico con tecnolog\u00eda avanzada para ofrecer un afeitado preciso y c\u00f3modo. Ideal para recortar barba, bigote y patillas, este [&hellip;]<\/p>\n","protected":false},"featured_media":7390,"template":"","meta":{"_gspb_post_css":""},"store":[],"product_brand":[],"product_cat":[16],"product_tag":[],"class_list":{"0":"post-7391","1":"product","2":"type-product","3":"status-publish","4":"has-post-thumbnail","6":"product_cat-sin-categorizar","8":"first","9":"instock","10":"sale","11":"shipping-taxable","12":"product-type-external"},"jetpack_sharing_enabled":true,"_links":{"self":[{"href":"https:\/\/ofertacular.com\/index.php\/wp-json\/wp\/v2\/product\/7391","targetHints":{"allow":["GET"]}}],"collection":[{"href":"https:\/\/ofertacular.com\/index.php\/wp-json\/wp\/v2\/product"}],"about":[{"href":"https:\/\/ofertacular.com\/index.php\/wp-json\/wp\/v2\/types\/product"}],"wp:featuredmedia":[{"embeddable":true,"href":"https:\/\/ofertacular.com\/index.php\/wp-json\/wp\/v2\/media\/7390"}],"wp:attachment":[{"href":"https:\/\/ofertacular.com\/index.php\/wp-json\/wp\/v2\/media?parent=7391"}],"wp:term":[{"taxonomy":"store","embeddable":true,"href":"https:\/\/ofertacular.com\/index.php\/wp-json\/wp\/v2\/store?post=7391"},{"taxonomy":"product_brand","embeddable":true,"href":"https:\/\/ofertacular.com\/index.php\/wp-json\/wp\/v2\/product_brand?post=7391"},{"taxonomy":"product_cat","embeddable":true,"href":"https:\/\/ofertacular.com\/index.php\/wp-json\/wp\/v2\/product_cat?post=7391"},{"taxonomy":"product_tag","embeddable":true,"href":"https:\/\/ofertacular.com\/index.php\/wp-json\/wp\/v2\/product_tag?post=7391"}],"curies":[{"name":"wp","href":"https:\/\/api.w.org\/{rel}","templated":true}]}}