{"id":7397,"date":"2025-09-02T09:44:13","date_gmt":"2025-09-02T07:44:13","guid":{"rendered":"https:\/\/ofertacular.com\/index.php\/producto\/harry-broom\/"},"modified":"2025-09-02T09:44:13","modified_gmt":"2025-09-02T07:44:13","slug":"harry-broom","status":"publish","type":"product","link":"https:\/\/ofertacular.com\/index.php\/producto\/harry-broom\/","title":{"rendered":"Harry Broom"},"content":{"rendered":"<div class=\"oferta-container\">\ud83d\udfea <b>FUNKO PRECIO<\/b> \ud83d\udfea #Publicidad #Amazon<\/p>\n<p>\ud83d\udfe3 <b> Funko POP! Movies: Harry Potter Harry Broom<\/b> <\/p>\n<p>\u2705 <b>AHORA 13.21 \u20ac<\/b> \u2714\ufe0f\ud83d\udfe1<br \/>\n\u274c Antes 13.92 \u20ac \u20ac <\/p>\n<p>\ud83d\uded2: https:\/\/btz.es\/4VCJMl4\ud83d\udfe2 <\/p>\n<p>Ofertacular.com<\/p>\n<p>Descubre la exclusiva figura Funko POP! de Harry Broom, perfecta para los fan\u00e1ticos de Harry Potter y coleccionistas de figuras de vinilo. Esta detallada figura representa a Harry con su ic\u00f3nica escoba voladora, ideal para exhibir y ampliar tu colecci\u00f3n tem\u00e1tica de pel\u00edculas. Consigue esta pieza \u00fanica y aprovecha su dise\u00f1o oficial de alta calidad que captura la esencia del personaje en cada detalle, convirti\u00e9ndola en un regalo ideal para ni\u00f1os, adultos y entusiastas de la saga.<\/p>\n<\/div>\n","protected":false},"excerpt":{"rendered":"<p>\ud83d\udfea FUNKO PRECIO \ud83d\udfea #Publicidad #Amazon \ud83d\udfe3 Funko POP! Movies: Harry Potter Harry Broom \u2705 AHORA 13.21 \u20ac \u2714\ufe0f\ud83d\udfe1 \u274c Antes 13.92 \u20ac \u20ac \ud83d\uded2: https:\/\/btz.es\/4VCJMl4\ud83d\udfe2 Ofertacular.com Descubre la exclusiva figura Funko POP! de Harry Broom, perfecta para los fan\u00e1ticos de Harry Potter y coleccionistas de figuras de vinilo. Esta detallada figura representa a Harry [&hellip;]<\/p>\n","protected":false},"featured_media":7396,"template":"","meta":{"_gspb_post_css":""},"store":[],"product_brand":[],"product_cat":[16],"product_tag":[],"class_list":{"0":"post-7397","1":"product","2":"type-product","3":"status-publish","4":"has-post-thumbnail","6":"product_cat-sin-categorizar","8":"first","9":"instock","10":"sale","11":"shipping-taxable","12":"product-type-external"},"jetpack_sharing_enabled":true,"_links":{"self":[{"href":"https:\/\/ofertacular.com\/index.php\/wp-json\/wp\/v2\/product\/7397","targetHints":{"allow":["GET"]}}],"collection":[{"href":"https:\/\/ofertacular.com\/index.php\/wp-json\/wp\/v2\/product"}],"about":[{"href":"https:\/\/ofertacular.com\/index.php\/wp-json\/wp\/v2\/types\/product"}],"wp:featuredmedia":[{"embeddable":true,"href":"https:\/\/ofertacular.com\/index.php\/wp-json\/wp\/v2\/media\/7396"}],"wp:attachment":[{"href":"https:\/\/ofertacular.com\/index.php\/wp-json\/wp\/v2\/media?parent=7397"}],"wp:term":[{"taxonomy":"store","embeddable":true,"href":"https:\/\/ofertacular.com\/index.php\/wp-json\/wp\/v2\/store?post=7397"},{"taxonomy":"product_brand","embeddable":true,"href":"https:\/\/ofertacular.com\/index.php\/wp-json\/wp\/v2\/product_brand?post=7397"},{"taxonomy":"product_cat","embeddable":true,"href":"https:\/\/ofertacular.com\/index.php\/wp-json\/wp\/v2\/product_cat?post=7397"},{"taxonomy":"product_tag","embeddable":true,"href":"https:\/\/ofertacular.com\/index.php\/wp-json\/wp\/v2\/product_tag?post=7397"}],"curies":[{"name":"wp","href":"https:\/\/api.w.org\/{rel}","templated":true}]}}