{"id":7403,"date":"2025-09-02T10:15:57","date_gmt":"2025-09-02T08:15:57","guid":{"rendered":"https:\/\/ofertacular.com\/index.php\/producto\/voll-damm-cerveza-2\/"},"modified":"2025-09-02T10:15:57","modified_gmt":"2025-09-02T08:15:57","slug":"voll-damm-cerveza-2","status":"publish","type":"product","link":"https:\/\/ofertacular.com\/index.php\/producto\/voll-damm-cerveza-2\/","title":{"rendered":"Voll-Damm Cerveza"},"content":{"rendered":"<div class=\"oferta-container\">\n<p>\ud83d\udfe5 <b>INCRE\u00cdBLE<\/b> \ud83d\udfe5 #Publicidad #Amazon #16<\/p>\n<p>\ud83d\udd34 <b>Cerveza Voll-Damm <\/b><\/p>\n<p>\u2705 <b>AHORA 14.99 \u20ac<\/b> \u2714\ufe0f\ud83d\udfe1<\/p>\n<p>\u274c Antes 16.80 \u20ac<\/p>\n<p>\ud83d\uded2: <a href=\"https:\/\/btz.es\/4VCRLmw\" target=\"_blank\" rel=\"nofollow noopener\">https:\/\/btz.es\/4VCRLmw<\/a><\/p>\n<p>Voll-Damm es una cerveza de gran cuerpo y car\u00e1cter que destaca por su sabor intenso y calidad excepcional. Originaria de Espa\u00f1a, esta cerveza estilo Doble Malta es perfecta para los amantes de cervezas fuertes y robustas. Su elaboraci\u00f3n cuidadosa con l\u00fapulos seleccionados y maltas tostadas le confiere un equilibrio perfecto entre amargor y dulzura, proporcionando una experiencia \u00fanica en cada sorbo. Ideal para maridar con carnes, quesos curados y platos especiados, Voll-Damm es la elecci\u00f3n predilecta de quienes buscan una cerveza con personalidad y tradici\u00f3n. Su color \u00e1mbar oscuro y su espuma cremosa atraen primero por la vista, mientras su aroma intenso invita a degustar lentamente para apreciar todas sus notas arom\u00e1ticas. Disfruta de Voll-Damm en cualquier ocasi\u00f3n especial o como un placer para el d\u00eda a d\u00eda, su versatilidad y sabor fuerte la convierten en un producto imprescindible para los aficionados de la cerveza artesana. Este formato se adapta perfectamente a reuniones, eventos sociales o momentos para relajarte, consolidando su lugar en cualquier colecci\u00f3n cervecera. En definitiva, Voll-Damm es m\u00e1s que una bebida; es una experiencia sensorial que celebra la cultura cervecera espa\u00f1ola con calidad y sabor inigualable.<\/p>\n<\/p><\/div>\n","protected":false},"excerpt":{"rendered":"<p>\ud83d\udfe5 INCRE\u00cdBLE \ud83d\udfe5 #Publicidad #Amazon #16 \ud83d\udd34 Cerveza Voll-Damm \u2705 AHORA 14.99 \u20ac \u2714\ufe0f\ud83d\udfe1 \u274c Antes 16.80 \u20ac \ud83d\uded2: https:\/\/btz.es\/4VCRLmw Voll-Damm es una cerveza de gran cuerpo y car\u00e1cter que destaca por su sabor intenso y calidad excepcional. Originaria de Espa\u00f1a, esta cerveza estilo Doble Malta es perfecta para los amantes de cervezas fuertes y [&hellip;]<\/p>\n","protected":false},"featured_media":7402,"template":"","meta":{"_gspb_post_css":""},"store":[],"product_brand":[],"product_cat":[16],"product_tag":[],"class_list":{"0":"post-7403","1":"product","2":"type-product","3":"status-publish","4":"has-post-thumbnail","6":"product_cat-sin-categorizar","8":"first","9":"instock","10":"sale","11":"shipping-taxable","12":"product-type-external"},"jetpack_sharing_enabled":true,"_links":{"self":[{"href":"https:\/\/ofertacular.com\/index.php\/wp-json\/wp\/v2\/product\/7403","targetHints":{"allow":["GET"]}}],"collection":[{"href":"https:\/\/ofertacular.com\/index.php\/wp-json\/wp\/v2\/product"}],"about":[{"href":"https:\/\/ofertacular.com\/index.php\/wp-json\/wp\/v2\/types\/product"}],"wp:featuredmedia":[{"embeddable":true,"href":"https:\/\/ofertacular.com\/index.php\/wp-json\/wp\/v2\/media\/7402"}],"wp:attachment":[{"href":"https:\/\/ofertacular.com\/index.php\/wp-json\/wp\/v2\/media?parent=7403"}],"wp:term":[{"taxonomy":"store","embeddable":true,"href":"https:\/\/ofertacular.com\/index.php\/wp-json\/wp\/v2\/store?post=7403"},{"taxonomy":"product_brand","embeddable":true,"href":"https:\/\/ofertacular.com\/index.php\/wp-json\/wp\/v2\/product_brand?post=7403"},{"taxonomy":"product_cat","embeddable":true,"href":"https:\/\/ofertacular.com\/index.php\/wp-json\/wp\/v2\/product_cat?post=7403"},{"taxonomy":"product_tag","embeddable":true,"href":"https:\/\/ofertacular.com\/index.php\/wp-json\/wp\/v2\/product_tag?post=7403"}],"curies":[{"name":"wp","href":"https:\/\/api.w.org\/{rel}","templated":true}]}}