{"id":7415,"date":"2025-09-02T11:21:10","date_gmt":"2025-09-02T09:21:10","guid":{"rendered":"https:\/\/ofertacular.com\/index.php\/producto\/podcast-vlogging\/"},"modified":"2025-09-02T11:21:10","modified_gmt":"2025-09-02T09:21:10","slug":"podcast-vlogging","status":"publish","type":"product","link":"https:\/\/ofertacular.com\/index.php\/producto\/podcast-vlogging\/","title":{"rendered":"Podcast Vlogging"},"content":{"rendered":"<div class=\"oferta-container\">\n<p>\ud83d\udfe5 <b>ES UN CHOLL\u00d3N<\/b> \ud83d\udfe5 #Publicidad #Amazon #16<\/p>\n<p>\ud83d\udd34 <b>Podcast Vlogging <\/b><\/p>\n<p>\u2705 <b>AHORA 8.8 \u20ac<\/b> \u2714\ufe0f\ud83d\udfe1<\/p>\n<p>\u274c Antes 21.99 \u20ac<\/p>\n<p>\ud83d\uded2: <a href=\"https:\/\/btz.es\/4VDilvv\" target=\"_blank\" rel=\"nofollow noopener\">https:\/\/btz.es\/4VDilvv<\/a><\/p>\n<p>Descubre el mundo del podcast y el vlogging con este recurso imprescindible para creadores de contenido. Aprende a combinar el arte de la narraci\u00f3n en audio con el dinamismo del video para crear podcasts y vlogs irresistibles que atraer\u00e1n a tu audiencia. Este producto te gu\u00eda paso a paso en la planificaci\u00f3n, grabaci\u00f3n, edici\u00f3n y publicaci\u00f3n de contenido multimedia de alta calidad. Aprovecha las mejores herramientas y t\u00e9cnicas de producci\u00f3n para mejorar tu voz, optimizar la calidad del sonido, y editar videos de manera eficiente. Adem\u00e1s, explora estrategias de marketing digital dise\u00f1adas para crecer tu base de seguidores y aumentar la interacci\u00f3n en plataformas populares como YouTube, Spotify y m\u00e1s. No importa si eres principiante o profesional, este recurso te proporciona consejos expertos, trucos probados y ejemplos pr\u00e1cticos que te ayudar\u00e1n a destacarte en el competitivo mundo del podcasting y el vlogging. Sum\u00e9rgete en temas esenciales como SEO para podcasts, monetizaci\u00f3n, construcci\u00f3n de marca personal y edici\u00f3n avanzada, todo presentado con claridad y autoridad. Transforma tu pasi\u00f3n en una carrera exitosa y conecta con una comunidad global que comparte tus intereses.<\/p>\n<\/p><\/div>\n","protected":false},"excerpt":{"rendered":"<p>\ud83d\udfe5 ES UN CHOLL\u00d3N \ud83d\udfe5 #Publicidad #Amazon #16 \ud83d\udd34 Podcast Vlogging \u2705 AHORA 8.8 \u20ac \u2714\ufe0f\ud83d\udfe1 \u274c Antes 21.99 \u20ac \ud83d\uded2: https:\/\/btz.es\/4VDilvv Descubre el mundo del podcast y el vlogging con este recurso imprescindible para creadores de contenido. Aprende a combinar el arte de la narraci\u00f3n en audio con el dinamismo del video para crear [&hellip;]<\/p>\n","protected":false},"featured_media":7414,"template":"","meta":{"_gspb_post_css":""},"store":[],"product_brand":[],"product_cat":[16],"product_tag":[],"class_list":{"0":"post-7415","1":"product","2":"type-product","3":"status-publish","4":"has-post-thumbnail","6":"product_cat-sin-categorizar","8":"first","9":"instock","10":"sale","11":"shipping-taxable","12":"product-type-external"},"jetpack_sharing_enabled":true,"_links":{"self":[{"href":"https:\/\/ofertacular.com\/index.php\/wp-json\/wp\/v2\/product\/7415","targetHints":{"allow":["GET"]}}],"collection":[{"href":"https:\/\/ofertacular.com\/index.php\/wp-json\/wp\/v2\/product"}],"about":[{"href":"https:\/\/ofertacular.com\/index.php\/wp-json\/wp\/v2\/types\/product"}],"wp:featuredmedia":[{"embeddable":true,"href":"https:\/\/ofertacular.com\/index.php\/wp-json\/wp\/v2\/media\/7414"}],"wp:attachment":[{"href":"https:\/\/ofertacular.com\/index.php\/wp-json\/wp\/v2\/media?parent=7415"}],"wp:term":[{"taxonomy":"store","embeddable":true,"href":"https:\/\/ofertacular.com\/index.php\/wp-json\/wp\/v2\/store?post=7415"},{"taxonomy":"product_brand","embeddable":true,"href":"https:\/\/ofertacular.com\/index.php\/wp-json\/wp\/v2\/product_brand?post=7415"},{"taxonomy":"product_cat","embeddable":true,"href":"https:\/\/ofertacular.com\/index.php\/wp-json\/wp\/v2\/product_cat?post=7415"},{"taxonomy":"product_tag","embeddable":true,"href":"https:\/\/ofertacular.com\/index.php\/wp-json\/wp\/v2\/product_tag?post=7415"}],"curies":[{"name":"wp","href":"https:\/\/api.w.org\/{rel}","templated":true}]}}