{"id":7417,"date":"2025-09-02T11:23:36","date_gmt":"2025-09-02T09:23:36","guid":{"rendered":"https:\/\/ofertacular.com\/index.php\/producto\/gel-nail\/"},"modified":"2025-09-02T11:23:36","modified_gmt":"2025-09-02T09:23:36","slug":"gel-nail","status":"publish","type":"product","link":"https:\/\/ofertacular.com\/index.php\/producto\/gel-nail\/","title":{"rendered":"Gel Nail"},"content":{"rendered":"<div class=\"oferta-container\">\n<p>\ud83d\udfe5 <b>DESCUENTAZO<\/b> \ud83d\udfe5 #Publicidad #Amazon #16<\/p>\n<p>\ud83d\udd34 <b>Gel U\u00f1as <\/b><\/p>\n<p>\u2705 <b>AHORA 0.99 \u20ac<\/b> \u2714\ufe0f\ud83d\udfe1<\/p>\n<p>\u274c Antes 1.99 \u20ac<\/p>\n<p>\ud83d\uded2: <a href=\"https:\/\/btz.es\/4VDiMZ2\" target=\"_blank\" rel=\"nofollow noopener\">https:\/\/btz.es\/4VDiMZ2<\/a><\/p>\n<p>Descubre el Gel para u\u00f1as de alta calidad, dise\u00f1ado para proporcionar un acabado profesional y duradero en la comodidad de tu hogar. Este gel especial est\u00e1 formulado para ofrecer una gran adherencia, brillo intenso y resistencia al despostillado, garantizando que tus u\u00f1as luzcan impecables durante semanas. Ideal tanto para uso personal como para profesionales del nail art, este gel es f\u00e1cil de aplicar y curar bajo l\u00e1mparas UV o LED, facilitando un secado r\u00e1pido que establece una capa s\u00f3lida y flexible, sin amarillear con el tiempo. Adem\u00e1s, su f\u00f3rmula libre de t\u00f3xicos asegura el cuidado y la salud de tus u\u00f1as naturales, evitando da\u00f1os y promoviendo su fortalecimiento. Perfecto para crear dise\u00f1os elegantes y modernos, este gel para u\u00f1as se adapta a cualquier estilo y ocasi\u00f3n, desde manicuras sencillas hasta elaborados decorados con pedrer\u00eda o pinturas. Incluye instrucciones detalladas para una aplicaci\u00f3n precisa y resultados excelentes, convirti\u00e9ndose en un imprescindible en tu kit de belleza. Optimiza tu rutina de belleza con este Gel para u\u00f1as resistente, brillante y f\u00e1cil de remover, que junto con sus beneficios, hace que tus manos se vean siempre cuidadas y atractivas. No comprometas la calidad ni la apariencia de tus manicuras, elige este gel certificado y recomendado por expertos en el cuidado de u\u00f1as para realzar tu belleza natural.<\/p>\n<\/p><\/div>\n","protected":false},"excerpt":{"rendered":"<p>\ud83d\udfe5 DESCUENTAZO \ud83d\udfe5 #Publicidad #Amazon #16 \ud83d\udd34 Gel U\u00f1as \u2705 AHORA 0.99 \u20ac \u2714\ufe0f\ud83d\udfe1 \u274c Antes 1.99 \u20ac \ud83d\uded2: https:\/\/btz.es\/4VDiMZ2 Descubre el Gel para u\u00f1as de alta calidad, dise\u00f1ado para proporcionar un acabado profesional y duradero en la comodidad de tu hogar. Este gel especial est\u00e1 formulado para ofrecer una gran adherencia, brillo intenso y [&hellip;]<\/p>\n","protected":false},"featured_media":7416,"template":"","meta":{"_gspb_post_css":""},"store":[],"product_brand":[],"product_cat":[16],"product_tag":[],"class_list":{"0":"post-7417","1":"product","2":"type-product","3":"status-publish","4":"has-post-thumbnail","6":"product_cat-sin-categorizar","8":"first","9":"instock","10":"sale","11":"shipping-taxable","12":"product-type-external"},"jetpack_sharing_enabled":true,"_links":{"self":[{"href":"https:\/\/ofertacular.com\/index.php\/wp-json\/wp\/v2\/product\/7417","targetHints":{"allow":["GET"]}}],"collection":[{"href":"https:\/\/ofertacular.com\/index.php\/wp-json\/wp\/v2\/product"}],"about":[{"href":"https:\/\/ofertacular.com\/index.php\/wp-json\/wp\/v2\/types\/product"}],"wp:featuredmedia":[{"embeddable":true,"href":"https:\/\/ofertacular.com\/index.php\/wp-json\/wp\/v2\/media\/7416"}],"wp:attachment":[{"href":"https:\/\/ofertacular.com\/index.php\/wp-json\/wp\/v2\/media?parent=7417"}],"wp:term":[{"taxonomy":"store","embeddable":true,"href":"https:\/\/ofertacular.com\/index.php\/wp-json\/wp\/v2\/store?post=7417"},{"taxonomy":"product_brand","embeddable":true,"href":"https:\/\/ofertacular.com\/index.php\/wp-json\/wp\/v2\/product_brand?post=7417"},{"taxonomy":"product_cat","embeddable":true,"href":"https:\/\/ofertacular.com\/index.php\/wp-json\/wp\/v2\/product_cat?post=7417"},{"taxonomy":"product_tag","embeddable":true,"href":"https:\/\/ofertacular.com\/index.php\/wp-json\/wp\/v2\/product_tag?post=7417"}],"curies":[{"name":"wp","href":"https:\/\/api.w.org\/{rel}","templated":true}]}}