{"id":7421,"date":"2025-09-02T11:27:52","date_gmt":"2025-09-02T09:27:52","guid":{"rendered":"https:\/\/ofertacular.com\/index.php\/producto\/stanley-storage\/"},"modified":"2025-09-02T11:27:52","modified_gmt":"2025-09-02T09:27:52","slug":"stanley-storage","status":"publish","type":"product","link":"https:\/\/ofertacular.com\/index.php\/producto\/stanley-storage\/","title":{"rendered":"Stanley Storage"},"content":{"rendered":"<div class=\"oferta-container\">\n<p>\ud83d\udfe5 <b>DESCUENTO<\/b> \ud83d\udfe5 #Publicidad #Amazon #16<\/p>\n<p>\ud83d\udd34 <b>Almacenamiento Stanley <\/b><\/p>\n<p>\u2705 <b>AHORA 1 \u20ac<\/b> \u2714\ufe0f\ud83d\udfe1<\/p>\n<p>\u274c Antes 1.05 \u20ac<\/p>\n<p>\ud83d\uded2: <a href=\"https:\/\/btz.es\/4VDjRkD\" target=\"_blank\" rel=\"nofollow noopener\">https:\/\/btz.es\/4VDjRkD<\/a><\/p>\n<p>El almacenamiento es esencial para mantener cualquier espacio ordenado y funcional, y Stanley es una marca reconocida mundialmente por su calidad y durabilidad en soluciones de almacenamiento. Los productos de almacenamiento Stanley est\u00e1n dise\u00f1ados pensando en la eficiencia y la robustez, ofreciendo una amplia variedad de opciones que se adaptan a diferentes necesidades, desde herramientas y materiales hasta objetos personales. La resistencia y el dise\u00f1o ergon\u00f3mico de estos contenedores aseguran que puedas organizar tus pertenencias con facilidad y seguridad, ya sea en el hogar, el taller o el lugar de trabajo. Adem\u00e1s, Stanley utiliza materiales de alta calidad que garantizan una larga vida \u00fatil del producto, soportando condiciones adversas y el uso diario intensivo. La versatilidad de sus productos permite que encuentres desde cajas de almacenamiento compactas hasta sistemas modulares que optimizan el espacio, ayud\u00e1ndote a maximizar la eficiencia y mantener todo en su lugar. La marca Stanley se destaca por su compromiso con la innovaci\u00f3n, entregando soluciones que combinan funcionalidad y estilo. Si buscas una soluci\u00f3n de almacenamiento confiable, resistente y que se adapte a tus necesidades, los productos Stanley son una opci\u00f3n inmejorable. Con este almacenamiento Stanley, disfrutar\u00e1s de un espacio m\u00e1s organizado, seguro y accesible, facilitando tus actividades diarias y mejorando la productividad. Son perfectos tanto para profesionales como para usuarios dom\u00e9sticos que valoran la calidad y el orden. Adquiere hoy mismo almacenamiento Stanley y transforma tu espacio con caracter\u00edsticas que te sorprender\u00e1n, como cierres seguros, materiales polipropileno resistentes y una f\u00e1cil manipulaci\u00f3n, todo bajo la garant\u00eda de una marca de prestigio internacional. Optimiza tu entorno con almacenamiento Stanley, el aliado ideal para mantener todo en orden mientras cuidas tu inversi\u00f3n en productos duraderos y eficaces.<\/p>\n<\/p><\/div>\n","protected":false},"excerpt":{"rendered":"<p>\ud83d\udfe5 DESCUENTO \ud83d\udfe5 #Publicidad #Amazon #16 \ud83d\udd34 Almacenamiento Stanley \u2705 AHORA 1 \u20ac \u2714\ufe0f\ud83d\udfe1 \u274c Antes 1.05 \u20ac \ud83d\uded2: https:\/\/btz.es\/4VDjRkD El almacenamiento es esencial para mantener cualquier espacio ordenado y funcional, y Stanley es una marca reconocida mundialmente por su calidad y durabilidad en soluciones de almacenamiento. Los productos de almacenamiento Stanley est\u00e1n dise\u00f1ados pensando [&hellip;]<\/p>\n","protected":false},"featured_media":7420,"template":"","meta":{"_gspb_post_css":""},"store":[],"product_brand":[],"product_cat":[16],"product_tag":[],"class_list":{"0":"post-7421","1":"product","2":"type-product","3":"status-publish","4":"has-post-thumbnail","6":"product_cat-sin-categorizar","8":"first","9":"instock","10":"sale","11":"shipping-taxable","12":"product-type-external"},"jetpack_sharing_enabled":true,"_links":{"self":[{"href":"https:\/\/ofertacular.com\/index.php\/wp-json\/wp\/v2\/product\/7421","targetHints":{"allow":["GET"]}}],"collection":[{"href":"https:\/\/ofertacular.com\/index.php\/wp-json\/wp\/v2\/product"}],"about":[{"href":"https:\/\/ofertacular.com\/index.php\/wp-json\/wp\/v2\/types\/product"}],"wp:featuredmedia":[{"embeddable":true,"href":"https:\/\/ofertacular.com\/index.php\/wp-json\/wp\/v2\/media\/7420"}],"wp:attachment":[{"href":"https:\/\/ofertacular.com\/index.php\/wp-json\/wp\/v2\/media?parent=7421"}],"wp:term":[{"taxonomy":"store","embeddable":true,"href":"https:\/\/ofertacular.com\/index.php\/wp-json\/wp\/v2\/store?post=7421"},{"taxonomy":"product_brand","embeddable":true,"href":"https:\/\/ofertacular.com\/index.php\/wp-json\/wp\/v2\/product_brand?post=7421"},{"taxonomy":"product_cat","embeddable":true,"href":"https:\/\/ofertacular.com\/index.php\/wp-json\/wp\/v2\/product_cat?post=7421"},{"taxonomy":"product_tag","embeddable":true,"href":"https:\/\/ofertacular.com\/index.php\/wp-json\/wp\/v2\/product_tag?post=7421"}],"curies":[{"name":"wp","href":"https:\/\/api.w.org\/{rel}","templated":true}]}}