{"id":7433,"date":"2025-09-03T08:59:31","date_gmt":"2025-09-03T06:59:31","guid":{"rendered":"https:\/\/ofertacular.com\/index.php\/producto\/classic-backpack-2\/"},"modified":"2025-09-03T08:59:31","modified_gmt":"2025-09-03T06:59:31","slug":"classic-backpack-2","status":"publish","type":"product","link":"https:\/\/ofertacular.com\/index.php\/producto\/classic-backpack-2\/","title":{"rendered":"Classic Backpack"},"content":{"rendered":"<div class=\"oferta-container\">\n<p>\ud83d\udfe5 <b>UNA GANGA<\/b> \ud83d\udfe5 #Publicidad #Amazon #16<\/p>\n<p>\ud83d\udd34 <b>Mochila Cl\u00e1sica <\/b><\/p>\n<p>\u2705 <b>AHORA 22.39 \u20ac<\/b> \u2714\ufe0f\ud83d\udfe1<\/p>\n<p>\u274c Antes 28.00 \u20ac<\/p>\n<p>\ud83d\uded2: <a href=\"https:\/\/btz.es\/4VIzcHe\" target=\"_blank\" rel=\"nofollow noopener\">https:\/\/btz.es\/4VIzcHe<\/a><\/p>\n<p>Descubre la versatilidad y el estilo atemporal de la Mochila Cl\u00e1sica, un accesorio indispensable para quienes buscan combinar funcionalidad y dise\u00f1o en su d\u00eda a d\u00eda. Esta mochila ha sido dise\u00f1ada cuidadosamente para ofrecer una experiencia \u00fanica, perfecta para estudiantes, profesionales y aventureros urbanos que valoran la calidad y la practicidad.<\/p>\n<p>Fabricada con materiales de alta resistencia, la Mochila Cl\u00e1sica garantiza durabilidad y protecci\u00f3n para todas tus pertenencias. Su dise\u00f1o ergon\u00f3mico incluye compartimentos espaciosos y organizadores inteligentes que facilitan el almacenamiento de libros, dispositivos electr\u00f3nicos, documentos y accesorios personales. La espalda y las correas acolchadas proporcionan una comodidad \u00f3ptima, incluso durante largas jornadas de uso.<\/p>\n<p>Ideal para el uso diario, esta mochila no solo destaca por su robustez, sino tambi\u00e9n por su estilo elegante y discreto, que se adapta a cualquier look y ocasi\u00f3n. Ya sea para la universidad, la oficina o excursiones de fin de semana, este modelo cl\u00e1sico ofrece la combinaci\u00f3n perfecta entre funcionalidad y moda.<\/p>\n<p>Adem\u00e1s, la Mochila Cl\u00e1sica es f\u00e1cil de limpiar y mantener, conservando su apariencia impecable a lo largo del tiempo. Su dise\u00f1o minimalista y acabado de alta calidad la convierten en una inversi\u00f3n inteligente para quienes buscan un producto duradero y con estilo.<\/p>\n<p>En resumen, si buscas una mochila que ofrezca resistencia, comodidad y un dise\u00f1o atemporal, la Mochila Cl\u00e1sica es la elecci\u00f3n perfecta. No comprometas tu estilo ni la protecci\u00f3n de tus pertenencias; opta por un producto que se adapta a todas tus necesidades y resalta tu personalidad \u00fanica.<\/p>\n<\/p><\/div>\n","protected":false},"excerpt":{"rendered":"<p>\ud83d\udfe5 UNA GANGA \ud83d\udfe5 #Publicidad #Amazon #16 \ud83d\udd34 Mochila Cl\u00e1sica \u2705 AHORA 22.39 \u20ac \u2714\ufe0f\ud83d\udfe1 \u274c Antes 28.00 \u20ac \ud83d\uded2: https:\/\/btz.es\/4VIzcHe Descubre la versatilidad y el estilo atemporal de la Mochila Cl\u00e1sica, un accesorio indispensable para quienes buscan combinar funcionalidad y dise\u00f1o en su d\u00eda a d\u00eda. Esta mochila ha sido dise\u00f1ada cuidadosamente para ofrecer [&hellip;]<\/p>\n","protected":false},"featured_media":7432,"template":"","meta":{"_gspb_post_css":""},"store":[],"product_brand":[],"product_cat":[16],"product_tag":[],"class_list":{"0":"post-7433","1":"product","2":"type-product","3":"status-publish","4":"has-post-thumbnail","6":"product_cat-sin-categorizar","8":"first","9":"instock","10":"sale","11":"shipping-taxable","12":"product-type-external"},"jetpack_sharing_enabled":true,"_links":{"self":[{"href":"https:\/\/ofertacular.com\/index.php\/wp-json\/wp\/v2\/product\/7433","targetHints":{"allow":["GET"]}}],"collection":[{"href":"https:\/\/ofertacular.com\/index.php\/wp-json\/wp\/v2\/product"}],"about":[{"href":"https:\/\/ofertacular.com\/index.php\/wp-json\/wp\/v2\/types\/product"}],"wp:featuredmedia":[{"embeddable":true,"href":"https:\/\/ofertacular.com\/index.php\/wp-json\/wp\/v2\/media\/7432"}],"wp:attachment":[{"href":"https:\/\/ofertacular.com\/index.php\/wp-json\/wp\/v2\/media?parent=7433"}],"wp:term":[{"taxonomy":"store","embeddable":true,"href":"https:\/\/ofertacular.com\/index.php\/wp-json\/wp\/v2\/store?post=7433"},{"taxonomy":"product_brand","embeddable":true,"href":"https:\/\/ofertacular.com\/index.php\/wp-json\/wp\/v2\/product_brand?post=7433"},{"taxonomy":"product_cat","embeddable":true,"href":"https:\/\/ofertacular.com\/index.php\/wp-json\/wp\/v2\/product_cat?post=7433"},{"taxonomy":"product_tag","embeddable":true,"href":"https:\/\/ofertacular.com\/index.php\/wp-json\/wp\/v2\/product_tag?post=7433"}],"curies":[{"name":"wp","href":"https:\/\/api.w.org\/{rel}","templated":true}]}}