{"id":7437,"date":"2025-09-03T09:04:36","date_gmt":"2025-09-03T07:04:36","guid":{"rendered":"https:\/\/ofertacular.com\/index.php\/producto\/adidas-training-5\/"},"modified":"2025-09-03T09:04:36","modified_gmt":"2025-09-03T07:04:36","slug":"adidas-training-5","status":"publish","type":"product","link":"https:\/\/ofertacular.com\/index.php\/producto\/adidas-training-5\/","title":{"rendered":"adidas Training"},"content":{"rendered":"<div class=\"oferta-container\">\n<p>\ud83d\udfe5 <b>\u00a1DESCUENTO \u00daNICO!<\/b> \ud83d\udfe5 #Publicidad #Amazon #16<\/p>\n<p>\ud83d\udd34 <b>Entrenamiento adidas <\/b><\/p>\n<p>\u2705 <b>AHORA 12.99 \u20ac<\/b> \u2714\ufe0f\ud83d\udfe1<\/p>\n<p>\u274c Antes 23.00 \u20ac<\/p>\n<p>\ud83d\uded2: <a href=\"https:\/\/btz.es\/4VI0uxm\" target=\"_blank\" rel=\"nofollow noopener\">https:\/\/btz.es\/4VI0uxm<\/a><\/p>\n<p>Descubre el rendimiento excepcional con el producto de entrenamiento adidas, dise\u00f1ado para atletas y entusiastas del fitness que buscan calidad y tecnolog\u00eda avanzada. Este art\u00edculo combina materiales de alta durabilidad y un dise\u00f1o moderno para ofrecer comodidad y funcionalidad durante tus sesiones de entrenamiento. Ya sea para correr, hacer ejercicios de fuerza o practicar deportes, adidas Training garantiza una experiencia \u00f3ptima gracias a su tecnolog\u00eda de absorci\u00f3n de impacto y transpirabilidad superior. La marca adidas es sin\u00f3nimo de innovaci\u00f3n y compromiso con el deporte, lo que se refleja en cada detalle de este producto. Su dise\u00f1o ergon\u00f3mico se adapta perfectamente al cuerpo, permitiendo libertad de movimiento y soporte donde m\u00e1s se necesita. Adem\u00e1s, cuenta con acabados que aseguran resistencia al desgaste y facilidad de mantenimiento, ideales para uso frecuente. No importa si eres un principiante o un atleta profesional, este producto de adidas te ayudar\u00e1 a alcanzar tus objetivos deportivos, mejorando tu rendimiento y tu comodidad. Su estilo contempor\u00e1neo permite combinarlo f\u00e1cilmente con cualquier equipamiento deportivo o casual, aumentando su versatilidad. Incorpora este producto en tu rutina diaria y experimenta el equilibrio perfecto entre estilo, funcionalidad y calidad que solo adidas puede ofrecer.<\/p>\n<\/p><\/div>\n","protected":false},"excerpt":{"rendered":"<p>\ud83d\udfe5 \u00a1DESCUENTO \u00daNICO! \ud83d\udfe5 #Publicidad #Amazon #16 \ud83d\udd34 Entrenamiento adidas \u2705 AHORA 12.99 \u20ac \u2714\ufe0f\ud83d\udfe1 \u274c Antes 23.00 \u20ac \ud83d\uded2: https:\/\/btz.es\/4VI0uxm Descubre el rendimiento excepcional con el producto de entrenamiento adidas, dise\u00f1ado para atletas y entusiastas del fitness que buscan calidad y tecnolog\u00eda avanzada. Este art\u00edculo combina materiales de alta durabilidad y un dise\u00f1o moderno [&hellip;]<\/p>\n","protected":false},"featured_media":7436,"template":"","meta":{"_gspb_post_css":""},"store":[],"product_brand":[],"product_cat":[16],"product_tag":[],"class_list":{"0":"post-7437","1":"product","2":"type-product","3":"status-publish","4":"has-post-thumbnail","6":"product_cat-sin-categorizar","8":"first","9":"instock","10":"sale","11":"shipping-taxable","12":"product-type-external"},"jetpack_sharing_enabled":true,"_links":{"self":[{"href":"https:\/\/ofertacular.com\/index.php\/wp-json\/wp\/v2\/product\/7437","targetHints":{"allow":["GET"]}}],"collection":[{"href":"https:\/\/ofertacular.com\/index.php\/wp-json\/wp\/v2\/product"}],"about":[{"href":"https:\/\/ofertacular.com\/index.php\/wp-json\/wp\/v2\/types\/product"}],"wp:featuredmedia":[{"embeddable":true,"href":"https:\/\/ofertacular.com\/index.php\/wp-json\/wp\/v2\/media\/7436"}],"wp:attachment":[{"href":"https:\/\/ofertacular.com\/index.php\/wp-json\/wp\/v2\/media?parent=7437"}],"wp:term":[{"taxonomy":"store","embeddable":true,"href":"https:\/\/ofertacular.com\/index.php\/wp-json\/wp\/v2\/store?post=7437"},{"taxonomy":"product_brand","embeddable":true,"href":"https:\/\/ofertacular.com\/index.php\/wp-json\/wp\/v2\/product_brand?post=7437"},{"taxonomy":"product_cat","embeddable":true,"href":"https:\/\/ofertacular.com\/index.php\/wp-json\/wp\/v2\/product_cat?post=7437"},{"taxonomy":"product_tag","embeddable":true,"href":"https:\/\/ofertacular.com\/index.php\/wp-json\/wp\/v2\/product_tag?post=7437"}],"curies":[{"name":"wp","href":"https:\/\/api.w.org\/{rel}","templated":true}]}}