{"id":7449,"date":"2025-09-03T12:22:12","date_gmt":"2025-09-03T10:22:12","guid":{"rendered":"https:\/\/ofertacular.com\/index.php\/producto\/haribo-fresa\/"},"modified":"2025-09-03T12:22:12","modified_gmt":"2025-09-03T10:22:12","slug":"haribo-fresa","status":"publish","type":"product","link":"https:\/\/ofertacular.com\/index.php\/producto\/haribo-fresa\/","title":{"rendered":"HARIBO Fresa"},"content":{"rendered":"<div class=\"oferta-container\">\n<p>\ud83d\udfe5 <b>\u00a1OFERTA ESPECIAL!<\/b> \ud83d\udfe5 #Publicidad #Amazon #16<\/p>\n<p>\ud83d\udd34 <b>Golosinas Fresa <\/b><\/p>\n<p>\u2705 <b>AHORA 1.18 \u20ac<\/b> \u2714\ufe0f\ud83d\udfe1<\/p>\n<p>\u274c Antes 1.70 \u20ac<\/p>\n<p>\ud83d\uded2: <a href=\"https:\/\/btz.es\/4VJoeqS\" target=\"_blank\" rel=\"nofollow noopener\">https:\/\/btz.es\/4VJoeqS<\/a><\/p>\n<p>Descubre el delicioso sabor de las Golosinas Fresa HARIBO, un cl\u00e1sico irresistible para todos los amantes de las golosinas. Estos dulces cuentan con un sabor aut\u00e9ntico a fresa, que combina perfectamente con su textura suave y masticable, ofreciendo una experiencia de consumo placentera y dulce en cada bocado. Perfectos para compartir en reuniones familiares, fiestas o simplemente para disfrutar en cualquier momento del d\u00eda, estas golosinas son el complemento ideal para quienes buscan un dulce que despierte su paladar y fortalezca sus momentos de diversi\u00f3n. Elaboradas con ingredientes de alta calidad, las Golosinas Fresa HARIBO aseguran frescura y sabor duradero que las convierte en una de las elecciones favoritas del mercado. Gracias a su pr\u00e1ctico tama\u00f1o, son f\u00e1ciles de transportar y conservar, siendo una opci\u00f3n perfecta para regalar o para llevar contigo a dondequiera que vayas. Adem\u00e1s, su presentaci\u00f3n colorida y atractiva las hace muy llamativas para ni\u00f1os y adultos, aline\u00e1ndose con las tendencias actuales para snacks saludables y deliciosos. HARIBO, una marca reconocida mundialmente por su dedicaci\u00f3n a la calidad y satisfacci\u00f3n del cliente, garantiza que estas golosinas cumplen con estrictos est\u00e1ndares de producci\u00f3n y control de calidad.<\/p>\n<\/p><\/div>\n","protected":false},"excerpt":{"rendered":"<p>\ud83d\udfe5 \u00a1OFERTA ESPECIAL! \ud83d\udfe5 #Publicidad #Amazon #16 \ud83d\udd34 Golosinas Fresa \u2705 AHORA 1.18 \u20ac \u2714\ufe0f\ud83d\udfe1 \u274c Antes 1.70 \u20ac \ud83d\uded2: https:\/\/btz.es\/4VJoeqS Descubre el delicioso sabor de las Golosinas Fresa HARIBO, un cl\u00e1sico irresistible para todos los amantes de las golosinas. Estos dulces cuentan con un sabor aut\u00e9ntico a fresa, que combina perfectamente con su textura [&hellip;]<\/p>\n","protected":false},"featured_media":7448,"template":"","meta":{"_gspb_post_css":""},"store":[],"product_brand":[],"product_cat":[16],"product_tag":[],"class_list":{"0":"post-7449","1":"product","2":"type-product","3":"status-publish","4":"has-post-thumbnail","6":"product_cat-sin-categorizar","8":"first","9":"instock","10":"sale","11":"shipping-taxable","12":"product-type-external"},"jetpack_sharing_enabled":true,"_links":{"self":[{"href":"https:\/\/ofertacular.com\/index.php\/wp-json\/wp\/v2\/product\/7449","targetHints":{"allow":["GET"]}}],"collection":[{"href":"https:\/\/ofertacular.com\/index.php\/wp-json\/wp\/v2\/product"}],"about":[{"href":"https:\/\/ofertacular.com\/index.php\/wp-json\/wp\/v2\/types\/product"}],"wp:featuredmedia":[{"embeddable":true,"href":"https:\/\/ofertacular.com\/index.php\/wp-json\/wp\/v2\/media\/7448"}],"wp:attachment":[{"href":"https:\/\/ofertacular.com\/index.php\/wp-json\/wp\/v2\/media?parent=7449"}],"wp:term":[{"taxonomy":"store","embeddable":true,"href":"https:\/\/ofertacular.com\/index.php\/wp-json\/wp\/v2\/store?post=7449"},{"taxonomy":"product_brand","embeddable":true,"href":"https:\/\/ofertacular.com\/index.php\/wp-json\/wp\/v2\/product_brand?post=7449"},{"taxonomy":"product_cat","embeddable":true,"href":"https:\/\/ofertacular.com\/index.php\/wp-json\/wp\/v2\/product_cat?post=7449"},{"taxonomy":"product_tag","embeddable":true,"href":"https:\/\/ofertacular.com\/index.php\/wp-json\/wp\/v2\/product_tag?post=7449"}],"curies":[{"name":"wp","href":"https:\/\/api.w.org\/{rel}","templated":true}]}}