{"id":7451,"date":"2025-09-03T12:24:01","date_gmt":"2025-09-03T10:24:01","guid":{"rendered":"https:\/\/ofertacular.com\/index.php\/producto\/power-bank-5\/"},"modified":"2025-09-03T12:24:01","modified_gmt":"2025-09-03T10:24:01","slug":"power-bank-5","status":"publish","type":"product","link":"https:\/\/ofertacular.com\/index.php\/producto\/power-bank-5\/","title":{"rendered":"Power Bank"},"content":{"rendered":"<div class=\"oferta-container\">\n<p>\ud83d\udfe5 <b>CHOLLAZO<\/b> \ud83d\udfe5 #Publicidad #Amazon #16<\/p>\n<p>\ud83d\udd34 <b>Power Bank <\/b><\/p>\n<p>\u2705 <b>AHORA 11.99 \u20ac<\/b> \u2714\ufe0f\ud83d\udfe1<\/p>\n<p>\u274c Antes 25.00 \u20ac<\/p>\n<p>\ud83d\uded2: <a href=\"https:\/\/btz.es\/4VJo6Sg\" target=\"_blank\" rel=\"nofollow noopener\">https:\/\/btz.es\/4VJo6Sg<\/a><\/p>\n<p>Descubre el Power Bank, el accesorio imprescindible para mantener tus dispositivos electr\u00f3nicos cargados en cualquier lugar y momento. Este dispositivo port\u00e1til de alta capacidad garantiza que tu smartphone, tablet o cualquier otro gadget tenga energ\u00eda disponible cuando m\u00e1s lo necesites. Con un dise\u00f1o compacto y ligero, es f\u00e1cil de transportar en bolsos, mochilas o incluso en el bolsillo, lo que te brinda la comodidad de no depender de enchufes o cables. Adem\u00e1s, el Power Bank est\u00e1 equipado con tecnolog\u00eda avanzada para ofrecer una carga r\u00e1pida y segura, protegiendo tus dispositivos contra sobrecargas, cortocircuitos y sobrecalentamientos. Su compatibilidad universal con m\u00faltiples marcas y modelos convierte a este cargador port\u00e1til en un aliado vers\u00e1til para tu d\u00eda a d\u00eda, ya sea en viajes, salidas al aire libre, o simplemente para uso diario en la ciudad. Los materiales de alta calidad utilizados en su fabricaci\u00f3n aseguran durabilidad y resistencia al desgaste, permiti\u00e9ndote confiar en su rendimiento a largo plazo. No te quedes sin bater\u00eda y lleva siempre contigo este Power Bank, que combina funcionalidad, eficiencia y estilo para adaptarse a tu ritmo de vida moderno.<\/p>\n<\/p><\/div>\n","protected":false},"excerpt":{"rendered":"<p>\ud83d\udfe5 CHOLLAZO \ud83d\udfe5 #Publicidad #Amazon #16 \ud83d\udd34 Power Bank \u2705 AHORA 11.99 \u20ac \u2714\ufe0f\ud83d\udfe1 \u274c Antes 25.00 \u20ac \ud83d\uded2: https:\/\/btz.es\/4VJo6Sg Descubre el Power Bank, el accesorio imprescindible para mantener tus dispositivos electr\u00f3nicos cargados en cualquier lugar y momento. Este dispositivo port\u00e1til de alta capacidad garantiza que tu smartphone, tablet o cualquier otro gadget tenga energ\u00eda [&hellip;]<\/p>\n","protected":false},"featured_media":7450,"template":"","meta":{"_gspb_post_css":""},"store":[],"product_brand":[],"product_cat":[16],"product_tag":[],"class_list":{"0":"post-7451","1":"product","2":"type-product","3":"status-publish","4":"has-post-thumbnail","6":"product_cat-sin-categorizar","8":"first","9":"instock","10":"sale","11":"shipping-taxable","12":"product-type-external"},"jetpack_sharing_enabled":true,"_links":{"self":[{"href":"https:\/\/ofertacular.com\/index.php\/wp-json\/wp\/v2\/product\/7451","targetHints":{"allow":["GET"]}}],"collection":[{"href":"https:\/\/ofertacular.com\/index.php\/wp-json\/wp\/v2\/product"}],"about":[{"href":"https:\/\/ofertacular.com\/index.php\/wp-json\/wp\/v2\/types\/product"}],"wp:featuredmedia":[{"embeddable":true,"href":"https:\/\/ofertacular.com\/index.php\/wp-json\/wp\/v2\/media\/7450"}],"wp:attachment":[{"href":"https:\/\/ofertacular.com\/index.php\/wp-json\/wp\/v2\/media?parent=7451"}],"wp:term":[{"taxonomy":"store","embeddable":true,"href":"https:\/\/ofertacular.com\/index.php\/wp-json\/wp\/v2\/store?post=7451"},{"taxonomy":"product_brand","embeddable":true,"href":"https:\/\/ofertacular.com\/index.php\/wp-json\/wp\/v2\/product_brand?post=7451"},{"taxonomy":"product_cat","embeddable":true,"href":"https:\/\/ofertacular.com\/index.php\/wp-json\/wp\/v2\/product_cat?post=7451"},{"taxonomy":"product_tag","embeddable":true,"href":"https:\/\/ofertacular.com\/index.php\/wp-json\/wp\/v2\/product_tag?post=7451"}],"curies":[{"name":"wp","href":"https:\/\/api.w.org\/{rel}","templated":true}]}}