{"id":7453,"date":"2025-09-04T07:48:18","date_gmt":"2025-09-04T05:48:18","guid":{"rendered":"https:\/\/ofertacular.com\/index.php\/producto\/cecotec-batidora\/"},"modified":"2025-09-04T07:48:18","modified_gmt":"2025-09-04T05:48:18","slug":"cecotec-batidora","status":"publish","type":"product","link":"https:\/\/ofertacular.com\/index.php\/producto\/cecotec-batidora\/","title":{"rendered":"Cecotec Batidora"},"content":{"rendered":"<div class=\"oferta-container\">\n<p>\ud83d\udfe5 <b>\u00a1OFERT\u00d3N!<\/b> \ud83d\udfe5 #Publicidad #Amazon #16<\/p>\n<p>\ud83d\udd34 <b>Batidora Cecotec <\/b><\/p>\n<p>\u2705 <b>AHORA 24.9 \u20ac<\/b> \u2714\ufe0f\ud83d\udfe1<\/p>\n<p>\u274c Antes 34.06 \u20ac<\/p>\n<p>\ud83d\uded2: <a href=\"https:\/\/btz.es\/4VNXDw9\" target=\"_blank\" rel=\"nofollow noopener\">https:\/\/btz.es\/4VNXDw9<\/a><\/p>\n<p>Descubre la potencia y versatilidad de la Batidora Cecotec, el aliado ideal para lograr todas tus recetas con resultados profesionales. Este electrodom\u00e9stico destaca por su dise\u00f1o moderno y funcional, perfecto para cualquier cocina que busca eficiencia y estilo. La Batidora Cecotec est\u00e1 equipada con un motor de alta potencia que permite triturar, mezclar y batir todo tipo de ingredientes, desde frutas frescas hasta verduras, hielo y otros alimentos duros. Esto la convierte en una herramienta indispensable para preparar batidos, salsas, cremas y masas con facilidad y rapidez.<\/p>\n<p>Su tecnolog\u00eda avanzada garantiza un funcionamiento silencioso y seguro, mientras que sus m\u00faltiples velocidades y funciones permiten adaptar el uso seg\u00fan la consistencia deseada en tus preparaciones. Adem\u00e1s, su jarra resistente y de gran capacidad facilita la elaboraci\u00f3n de porciones grandes, ideal para familias o eventos sociales.<\/p>\n<p>La Batidora Cecotec tambi\u00e9n destaca por su f\u00e1cil limpieza, ya que sus componentes desmontables son aptos para lavavajillas, lo que ahorra tiempo y esfuerzo despu\u00e9s de cocinar. Su dise\u00f1o compacto y ergon\u00f3mico no solo ocupa poco espacio en la encimera, sino que tambi\u00e9n aporta un toque contempor\u00e1neo a la decoraci\u00f3n de tu cocina.<\/p>\n<p>Con esta batidora, no solo adquieres un electrodom\u00e9stico eficiente, sino tambi\u00e9n un aliado para fomentar un estilo de vida saludable, ya que preparar jugos naturales, batidos energ\u00e9ticos y comidas caseras nunca fue tan sencillo. Ideal tanto para quienes se inician en la cocina como para expertos gastron\u00f3micos, la Batidora Cecotec ofrece resultados profesionales sin la necesidad de grandes inversiones.<\/p>\n<p>Las palabras clave que marcan la confianza de este producto incluyen batidora de alta potencia, batidora eficiente, electrodom\u00e9stico para cocina, batidos saludables, batidora con m\u00faltiples velocidades, y dise\u00f1o funcional. Si buscas una batidora que combine rendimiento, durabilidad y est\u00e9tica, la Batidora Cecotec es tu mejor opci\u00f3n. Transforma tu experiencia culinaria y disfruta de cada preparaci\u00f3n con un equipo pensado para superar tus expectativas.<\/p>\n<\/p><\/div>\n","protected":false},"excerpt":{"rendered":"<p>\ud83d\udfe5 \u00a1OFERT\u00d3N! \ud83d\udfe5 #Publicidad #Amazon #16 \ud83d\udd34 Batidora Cecotec \u2705 AHORA 24.9 \u20ac \u2714\ufe0f\ud83d\udfe1 \u274c Antes 34.06 \u20ac \ud83d\uded2: https:\/\/btz.es\/4VNXDw9 Descubre la potencia y versatilidad de la Batidora Cecotec, el aliado ideal para lograr todas tus recetas con resultados profesionales. Este electrodom\u00e9stico destaca por su dise\u00f1o moderno y funcional, perfecto para cualquier cocina que busca [&hellip;]<\/p>\n","protected":false},"featured_media":7452,"template":"","meta":{"_gspb_post_css":""},"store":[],"product_brand":[],"product_cat":[16],"product_tag":[],"class_list":{"0":"post-7453","1":"product","2":"type-product","3":"status-publish","4":"has-post-thumbnail","6":"product_cat-sin-categorizar","8":"first","9":"instock","10":"sale","11":"shipping-taxable","12":"product-type-external"},"jetpack_sharing_enabled":true,"_links":{"self":[{"href":"https:\/\/ofertacular.com\/index.php\/wp-json\/wp\/v2\/product\/7453","targetHints":{"allow":["GET"]}}],"collection":[{"href":"https:\/\/ofertacular.com\/index.php\/wp-json\/wp\/v2\/product"}],"about":[{"href":"https:\/\/ofertacular.com\/index.php\/wp-json\/wp\/v2\/types\/product"}],"wp:featuredmedia":[{"embeddable":true,"href":"https:\/\/ofertacular.com\/index.php\/wp-json\/wp\/v2\/media\/7452"}],"wp:attachment":[{"href":"https:\/\/ofertacular.com\/index.php\/wp-json\/wp\/v2\/media?parent=7453"}],"wp:term":[{"taxonomy":"store","embeddable":true,"href":"https:\/\/ofertacular.com\/index.php\/wp-json\/wp\/v2\/store?post=7453"},{"taxonomy":"product_brand","embeddable":true,"href":"https:\/\/ofertacular.com\/index.php\/wp-json\/wp\/v2\/product_brand?post=7453"},{"taxonomy":"product_cat","embeddable":true,"href":"https:\/\/ofertacular.com\/index.php\/wp-json\/wp\/v2\/product_cat?post=7453"},{"taxonomy":"product_tag","embeddable":true,"href":"https:\/\/ofertacular.com\/index.php\/wp-json\/wp\/v2\/product_tag?post=7453"}],"curies":[{"name":"wp","href":"https:\/\/api.w.org\/{rel}","templated":true}]}}