{"id":7467,"date":"2025-09-04T10:50:48","date_gmt":"2025-09-04T08:50:48","guid":{"rendered":"https:\/\/ofertacular.com\/index.php\/producto\/lenovo-mochila\/"},"modified":"2025-09-04T10:50:48","modified_gmt":"2025-09-04T08:50:48","slug":"lenovo-mochila","status":"publish","type":"product","link":"https:\/\/ofertacular.com\/index.php\/producto\/lenovo-mochila\/","title":{"rendered":"Lenovo Mochila"},"content":{"rendered":"<div class=\"oferta-container\">\n<p>\ud83d\udfe5 <b>CHOLLAZO<\/b> \ud83d\udfe5 #Publicidad #Amazon #16<\/p>\n<p>\ud83d\udd34 <b>Mochila Lenovo <\/b><\/p>\n<p>\u2705 <b>AHORA 14 \u20ac<\/b> \u2714\ufe0f\ud83d\udfe1<\/p>\n<p>\u274c Antes 24.90 \u20ac<\/p>\n<p>\ud83d\uded2: <a href=\"https:\/\/btz.es\/4VOHA2B\" target=\"_blank\" rel=\"nofollow noopener\">https:\/\/btz.es\/4VOHA2B<\/a><\/p>\n<p>La Mochila Lenovo es el accesorio ideal para aquellos que buscan combinar funcionalidad, estilo y durabilidad en un solo producto. Dise\u00f1ada pensando en las necesidades del usuario moderno, esta mochila Lenovo ofrece m\u00faltiples compartimentos inteligentes que facilitan la organizaci\u00f3n y el transporte seguro de tus dispositivos electr\u00f3nicos, documentos y accesorios personales. Con un dise\u00f1o ergon\u00f3mico y materiales resistentes de alta calidad, garantiza comodidad durante todo el d\u00eda, incluso en jornadas largas o desplazamientos frecuentes. Su resistente tejido resistente al agua protege tus pertenencias frente a condiciones clim\u00e1ticas adversas, asegurando la integridad de tus objetos personales. Adem\u00e1s, su est\u00e9tica contempor\u00e1nea y elegante se adapta a diversos estilos, convirti\u00e9ndola en una opci\u00f3n vers\u00e1til tanto para estudiantes, profesionales o viajeros. Las correas acolchadas y el respaldo ventilado proporcionan un soporte \u00f3ptimo, minimizando la fatiga y mejorando la postura corporal. La Mochila Lenovo tambi\u00e9n cuenta con detalles reflectantes para mejorar la visibilidad y seguridad en ambientes poco iluminados. Gracias a su dise\u00f1o espacioso y compartimentos dedicados, es ideal para llevar laptops, tablets, cargadores, accesorios tecnol\u00f3gicos y otros objetos esenciales. Optimiza tu experiencia diaria con esta mochila Lenovo que combina practicidad, confort y dise\u00f1o, siendo un complemento indispensable para quienes valoran la calidad y el estilo en cada aspecto de su vida.<\/p>\n<\/p><\/div>\n","protected":false},"excerpt":{"rendered":"<p>\ud83d\udfe5 CHOLLAZO \ud83d\udfe5 #Publicidad #Amazon #16 \ud83d\udd34 Mochila Lenovo \u2705 AHORA 14 \u20ac \u2714\ufe0f\ud83d\udfe1 \u274c Antes 24.90 \u20ac \ud83d\uded2: https:\/\/btz.es\/4VOHA2B La Mochila Lenovo es el accesorio ideal para aquellos que buscan combinar funcionalidad, estilo y durabilidad en un solo producto. Dise\u00f1ada pensando en las necesidades del usuario moderno, esta mochila Lenovo ofrece m\u00faltiples compartimentos inteligentes [&hellip;]<\/p>\n","protected":false},"featured_media":7466,"template":"","meta":{"_gspb_post_css":""},"store":[],"product_brand":[],"product_cat":[16],"product_tag":[],"class_list":{"0":"post-7467","1":"product","2":"type-product","3":"status-publish","4":"has-post-thumbnail","6":"product_cat-sin-categorizar","8":"first","9":"instock","10":"sale","11":"shipping-taxable","12":"product-type-external"},"jetpack_sharing_enabled":true,"_links":{"self":[{"href":"https:\/\/ofertacular.com\/index.php\/wp-json\/wp\/v2\/product\/7467","targetHints":{"allow":["GET"]}}],"collection":[{"href":"https:\/\/ofertacular.com\/index.php\/wp-json\/wp\/v2\/product"}],"about":[{"href":"https:\/\/ofertacular.com\/index.php\/wp-json\/wp\/v2\/types\/product"}],"wp:featuredmedia":[{"embeddable":true,"href":"https:\/\/ofertacular.com\/index.php\/wp-json\/wp\/v2\/media\/7466"}],"wp:attachment":[{"href":"https:\/\/ofertacular.com\/index.php\/wp-json\/wp\/v2\/media?parent=7467"}],"wp:term":[{"taxonomy":"store","embeddable":true,"href":"https:\/\/ofertacular.com\/index.php\/wp-json\/wp\/v2\/store?post=7467"},{"taxonomy":"product_brand","embeddable":true,"href":"https:\/\/ofertacular.com\/index.php\/wp-json\/wp\/v2\/product_brand?post=7467"},{"taxonomy":"product_cat","embeddable":true,"href":"https:\/\/ofertacular.com\/index.php\/wp-json\/wp\/v2\/product_cat?post=7467"},{"taxonomy":"product_tag","embeddable":true,"href":"https:\/\/ofertacular.com\/index.php\/wp-json\/wp\/v2\/product_tag?post=7467"}],"curies":[{"name":"wp","href":"https:\/\/api.w.org\/{rel}","templated":true}]}}