{"id":7471,"date":"2025-09-04T11:10:00","date_gmt":"2025-09-04T09:10:00","guid":{"rendered":"https:\/\/ofertacular.com\/index.php\/producto\/geox-sneakers\/"},"modified":"2025-09-04T11:10:00","modified_gmt":"2025-09-04T09:10:00","slug":"geox-sneakers","status":"publish","type":"product","link":"https:\/\/ofertacular.com\/index.php\/producto\/geox-sneakers\/","title":{"rendered":"Geox Sneakers"},"content":{"rendered":"<div class=\"oferta-container\">\n<p>\ud83d\udfe5 <b>\u00a1NO TE LA PIERDAS!<\/b> \ud83d\udfe5 #Publicidad #Amazon #16<\/p>\n<p>\ud83d\udd34 <b>Sneakers Geox <\/b><\/p>\n<p>\u2705 <b>AHORA 22.25 \u20ac<\/b> \u2714\ufe0f\ud83d\udfe1<\/p>\n<p>\u274c Antes 32.43 \u20ac<\/p>\n<p>\ud83d\uded2: <a href=\"https:\/\/btz.es\/4VOM0r5\" target=\"_blank\" rel=\"nofollow noopener\">https:\/\/btz.es\/4VOM0r5<\/a><\/p>\n<p>Geox Sneakers son el ep\u00edtome de la comodidad y el estilo en calzado moderno. Dise\u00f1ados para quienes buscan un equilibrio perfecto entre elegancia y funcionalidad, estos sneakers incorporan la exclusiva tecnolog\u00eda de transpirabilidad de Geox, que permite mantener los pies frescos y secos durante todo el d\u00eda. Ideales para uso diario, ya sea para actividades urbanas, salidas casuales o incluso para un look m\u00e1s deportivo, estos zapatos ofrecen una sujeci\u00f3n y amortiguaci\u00f3n excepcionales gracias a sus materiales de alta calidad y su suela innovadora.<\/p>\n<p>Fabricados con una combinaci\u00f3n de materiales resistentes y transpirables, los sneakers Geox aseguran durabilidad y comodidad prolongada. Su dise\u00f1o ergon\u00f3mico se adapta perfectamente al pie, proporcionando soporte en todas las \u00e1reas clave para evitar molestias y fatiga. Adem\u00e1s, su est\u00e9tica moderna y vers\u00e1til permite que se combinen f\u00e1cilmente con diferentes estilos de ropa, desde jeans hasta ropa deportiva o casual.<\/p>\n<p>La tecnolog\u00eda patentada de Geox, que incluye membranas microporosas, permite la evacuaci\u00f3n del sudor sin dejar entrar el agua, haciendo estos sneakers aptos para diversas condiciones clim\u00e1ticas. Esto los convierte en una opci\u00f3n ideal para personas activas que buscan un calzado confiable durante todo el a\u00f1o. Tambi\u00e9n destacan por su ligereza, lo que a\u00f1ade un plus de confort durante largas jornadas o caminatas.<\/p>\n<p>En t\u00e9rminos de mantenimiento, estos zapatos son f\u00e1ciles de limpiar y conservar, manteniendo su aspecto nuevo por m\u00e1s tiempo. Est\u00e1n disponibles en una variedad de colores y tallas, adapt\u00e1ndose a diferentes gustos y necesidades. Geox Sneakers no solo son una inversi\u00f3n en estilo, sino tambi\u00e9n en salud podal, previniendo malos olores y humedad gracias a su ventilaci\u00f3n \u00f3ptima.<\/p>\n<p>Para aquellos que valoran la calidad y el dise\u00f1o innovador, los sneakers Geox representan la elecci\u00f3n perfecta. Gracias a su combinaci\u00f3n de tecnolog\u00eda avanzada y moda contempor\u00e1nea, estos zapatos elevan cualquier outfit, proporcionando confianza y comodidad en cada paso.<\/p>\n<\/p><\/div>\n","protected":false},"excerpt":{"rendered":"<p>\ud83d\udfe5 \u00a1NO TE LA PIERDAS! \ud83d\udfe5 #Publicidad #Amazon #16 \ud83d\udd34 Sneakers Geox \u2705 AHORA 22.25 \u20ac \u2714\ufe0f\ud83d\udfe1 \u274c Antes 32.43 \u20ac \ud83d\uded2: https:\/\/btz.es\/4VOM0r5 Geox Sneakers son el ep\u00edtome de la comodidad y el estilo en calzado moderno. Dise\u00f1ados para quienes buscan un equilibrio perfecto entre elegancia y funcionalidad, estos sneakers incorporan la exclusiva tecnolog\u00eda de [&hellip;]<\/p>\n","protected":false},"featured_media":7470,"template":"","meta":{"_gspb_post_css":""},"store":[],"product_brand":[],"product_cat":[16],"product_tag":[],"class_list":{"0":"post-7471","1":"product","2":"type-product","3":"status-publish","4":"has-post-thumbnail","6":"product_cat-sin-categorizar","8":"first","9":"instock","10":"sale","11":"shipping-taxable","12":"product-type-external"},"jetpack_sharing_enabled":true,"_links":{"self":[{"href":"https:\/\/ofertacular.com\/index.php\/wp-json\/wp\/v2\/product\/7471","targetHints":{"allow":["GET"]}}],"collection":[{"href":"https:\/\/ofertacular.com\/index.php\/wp-json\/wp\/v2\/product"}],"about":[{"href":"https:\/\/ofertacular.com\/index.php\/wp-json\/wp\/v2\/types\/product"}],"wp:featuredmedia":[{"embeddable":true,"href":"https:\/\/ofertacular.com\/index.php\/wp-json\/wp\/v2\/media\/7470"}],"wp:attachment":[{"href":"https:\/\/ofertacular.com\/index.php\/wp-json\/wp\/v2\/media?parent=7471"}],"wp:term":[{"taxonomy":"store","embeddable":true,"href":"https:\/\/ofertacular.com\/index.php\/wp-json\/wp\/v2\/store?post=7471"},{"taxonomy":"product_brand","embeddable":true,"href":"https:\/\/ofertacular.com\/index.php\/wp-json\/wp\/v2\/product_brand?post=7471"},{"taxonomy":"product_cat","embeddable":true,"href":"https:\/\/ofertacular.com\/index.php\/wp-json\/wp\/v2\/product_cat?post=7471"},{"taxonomy":"product_tag","embeddable":true,"href":"https:\/\/ofertacular.com\/index.php\/wp-json\/wp\/v2\/product_tag?post=7471"}],"curies":[{"name":"wp","href":"https:\/\/api.w.org\/{rel}","templated":true}]}}