{"id":7477,"date":"2025-09-05T09:14:17","date_gmt":"2025-09-05T07:14:17","guid":{"rendered":"https:\/\/ofertacular.com\/index.php\/producto\/gizmo-figure\/"},"modified":"2025-09-05T09:14:17","modified_gmt":"2025-09-05T07:14:17","slug":"gizmo-figure","status":"publish","type":"product","link":"https:\/\/ofertacular.com\/index.php\/producto\/gizmo-figure\/","title":{"rendered":"Gizmo Figure"},"content":{"rendered":"<div class=\"oferta-container\">\ud83d\udfea <b>FUNKO TOP<\/b> \ud83d\udfea #Publicidad #Amazon<\/p>\n<p>\ud83d\udfe3 <b> Funko POP! Movies Gizmo<\/b> <\/p>\n<p>\u2705 <b>AHORA 11.99 \u20ac<\/b> \u2714\ufe0f\ud83d\udfe1<br \/>\n\u274c Antes 16.00 \u20ac \u20ac <\/p>\n<p>\ud83d\uded2: https:\/\/btz.es\/4VUjOE3\ud83d\udfe2 <\/p>\n<p>Ofertacular.com<\/p>\n<p>Descubre el Funko POP! Movies: Gizmo, la figura esencial para coleccionistas y fan\u00e1ticos del cine ochentero. Este Funko POP! captura la esencia del cl\u00e1sico personaje de &#8216;Gremlins&#8217; con detalles excepcionales, perfecto para exhibir en tu colecci\u00f3n personal. Ideal para regalos a amantes del cine y objetos de merchandising oficial, este Funko ofrece calidad y autenticidad que no puede faltar en tu estanter\u00eda.<\/p>\n<\/div>\n","protected":false},"excerpt":{"rendered":"<p>\ud83d\udfea FUNKO TOP \ud83d\udfea #Publicidad #Amazon \ud83d\udfe3 Funko POP! Movies Gizmo \u2705 AHORA 11.99 \u20ac \u2714\ufe0f\ud83d\udfe1 \u274c Antes 16.00 \u20ac \u20ac \ud83d\uded2: https:\/\/btz.es\/4VUjOE3\ud83d\udfe2 Ofertacular.com Descubre el Funko POP! Movies: Gizmo, la figura esencial para coleccionistas y fan\u00e1ticos del cine ochentero. Este Funko POP! captura la esencia del cl\u00e1sico personaje de &#8216;Gremlins&#8217; con detalles excepcionales, perfecto [&hellip;]<\/p>\n","protected":false},"featured_media":7476,"template":"","meta":{"_gspb_post_css":""},"store":[],"product_brand":[],"product_cat":[16],"product_tag":[],"class_list":{"0":"post-7477","1":"product","2":"type-product","3":"status-publish","4":"has-post-thumbnail","6":"product_cat-sin-categorizar","8":"first","9":"instock","10":"sale","11":"shipping-taxable","12":"product-type-external"},"jetpack_sharing_enabled":true,"_links":{"self":[{"href":"https:\/\/ofertacular.com\/index.php\/wp-json\/wp\/v2\/product\/7477","targetHints":{"allow":["GET"]}}],"collection":[{"href":"https:\/\/ofertacular.com\/index.php\/wp-json\/wp\/v2\/product"}],"about":[{"href":"https:\/\/ofertacular.com\/index.php\/wp-json\/wp\/v2\/types\/product"}],"wp:featuredmedia":[{"embeddable":true,"href":"https:\/\/ofertacular.com\/index.php\/wp-json\/wp\/v2\/media\/7476"}],"wp:attachment":[{"href":"https:\/\/ofertacular.com\/index.php\/wp-json\/wp\/v2\/media?parent=7477"}],"wp:term":[{"taxonomy":"store","embeddable":true,"href":"https:\/\/ofertacular.com\/index.php\/wp-json\/wp\/v2\/store?post=7477"},{"taxonomy":"product_brand","embeddable":true,"href":"https:\/\/ofertacular.com\/index.php\/wp-json\/wp\/v2\/product_brand?post=7477"},{"taxonomy":"product_cat","embeddable":true,"href":"https:\/\/ofertacular.com\/index.php\/wp-json\/wp\/v2\/product_cat?post=7477"},{"taxonomy":"product_tag","embeddable":true,"href":"https:\/\/ofertacular.com\/index.php\/wp-json\/wp\/v2\/product_tag?post=7477"}],"curies":[{"name":"wp","href":"https:\/\/api.w.org\/{rel}","templated":true}]}}