{"id":7481,"date":"2025-09-05T09:19:46","date_gmt":"2025-09-05T07:19:46","guid":{"rendered":"https:\/\/ofertacular.com\/index.php\/producto\/lg-uhd-tv\/"},"modified":"2025-09-05T09:19:46","modified_gmt":"2025-09-05T07:19:46","slug":"lg-uhd-tv","status":"publish","type":"product","link":"https:\/\/ofertacular.com\/index.php\/producto\/lg-uhd-tv\/","title":{"rendered":"LG UHD TV"},"content":{"rendered":"<div class=\"oferta-container\">\n<p>\ud83d\udfe5 <b>EXCLUSIVO<\/b> \ud83d\udfe5 #Publicidad #Amazon #16<\/p>\n<p>\ud83d\udd34 <b>TV UHD <\/b><\/p>\n<p>\u2705 <b>AHORA 499 \u20ac<\/b> \u2714\ufe0f\ud83d\udfe1<\/p>\n<p>\u274c Antes 639.00 \u20ac<\/p>\n<p>\ud83d\uded2: <a href=\"https:\/\/btz.es\/4VUllUZ\" target=\"_blank\" rel=\"nofollow noopener\">https:\/\/btz.es\/4VUllUZ<\/a><\/p>\n<p>Descubre la excelencia visual con la TV UHD de LG, un televisor que redefine tu experiencia de entretenimiento en casa con una calidad de imagen superior y tecnolog\u00eda avanzada. Este modelo UHD de LG ofrece una resoluci\u00f3n ultra alta definici\u00f3n que te permite disfrutar de cada detalle con una claridad impresionante, colores vivos y contrastes profundos que transforman cualquier programa, pel\u00edcula o juego en una experiencia inmersiva. Equipado con funciones inteligentes y conectividad vers\u00e1til, este televisor LG UHD se adapta perfectamente a tu estilo de vida moderno, ofreciendo acceso a tus aplicaciones favoritas, streaming en 4K y control por voz para una navegaci\u00f3n sencilla y r\u00e1pida. Su dise\u00f1o elegante y minimalista se integra armoniosamente en cualquier espacio, convirti\u00e9ndose en el centro de atenci\u00f3n de tu sala de estar o habitaci\u00f3n. Adem\u00e1s, la tecnolog\u00eda de LG garantiza un rendimiento eficiente y duradero, asegurando que disfrutes de entretenimiento de alta calidad durante a\u00f1os. Ideal para quienes buscan una combinaci\u00f3n de innovaci\u00f3n, calidad y estilo, la TV UHD de LG es la elecci\u00f3n perfecta para elevar tu experiencia visual y sonora al m\u00e1ximo nivel. No pierdas la oportunidad de transformar tu hogar con este televisor que combina lo mejor de la tecnolog\u00eda y el dise\u00f1o en un producto accesible y fiable.<\/p>\n<\/p><\/div>\n","protected":false},"excerpt":{"rendered":"<p>\ud83d\udfe5 EXCLUSIVO \ud83d\udfe5 #Publicidad #Amazon #16 \ud83d\udd34 TV UHD \u2705 AHORA 499 \u20ac \u2714\ufe0f\ud83d\udfe1 \u274c Antes 639.00 \u20ac \ud83d\uded2: https:\/\/btz.es\/4VUllUZ Descubre la excelencia visual con la TV UHD de LG, un televisor que redefine tu experiencia de entretenimiento en casa con una calidad de imagen superior y tecnolog\u00eda avanzada. Este modelo UHD de LG ofrece [&hellip;]<\/p>\n","protected":false},"featured_media":7480,"template":"","meta":{"_gspb_post_css":""},"store":[],"product_brand":[],"product_cat":[16],"product_tag":[],"class_list":{"0":"post-7481","1":"product","2":"type-product","3":"status-publish","4":"has-post-thumbnail","6":"product_cat-sin-categorizar","8":"first","9":"instock","10":"sale","11":"shipping-taxable","12":"product-type-external"},"jetpack_sharing_enabled":true,"_links":{"self":[{"href":"https:\/\/ofertacular.com\/index.php\/wp-json\/wp\/v2\/product\/7481","targetHints":{"allow":["GET"]}}],"collection":[{"href":"https:\/\/ofertacular.com\/index.php\/wp-json\/wp\/v2\/product"}],"about":[{"href":"https:\/\/ofertacular.com\/index.php\/wp-json\/wp\/v2\/types\/product"}],"wp:featuredmedia":[{"embeddable":true,"href":"https:\/\/ofertacular.com\/index.php\/wp-json\/wp\/v2\/media\/7480"}],"wp:attachment":[{"href":"https:\/\/ofertacular.com\/index.php\/wp-json\/wp\/v2\/media?parent=7481"}],"wp:term":[{"taxonomy":"store","embeddable":true,"href":"https:\/\/ofertacular.com\/index.php\/wp-json\/wp\/v2\/store?post=7481"},{"taxonomy":"product_brand","embeddable":true,"href":"https:\/\/ofertacular.com\/index.php\/wp-json\/wp\/v2\/product_brand?post=7481"},{"taxonomy":"product_cat","embeddable":true,"href":"https:\/\/ofertacular.com\/index.php\/wp-json\/wp\/v2\/product_cat?post=7481"},{"taxonomy":"product_tag","embeddable":true,"href":"https:\/\/ofertacular.com\/index.php\/wp-json\/wp\/v2\/product_tag?post=7481"}],"curies":[{"name":"wp","href":"https:\/\/api.w.org\/{rel}","templated":true}]}}