{"id":7485,"date":"2025-09-05T09:59:15","date_gmt":"2025-09-05T07:59:15","guid":{"rendered":"https:\/\/ofertacular.com\/index.php\/producto\/victory-league\/"},"modified":"2025-09-05T09:59:15","modified_gmt":"2025-09-05T07:59:15","slug":"victory-league","status":"publish","type":"product","link":"https:\/\/ofertacular.com\/index.php\/producto\/victory-league\/","title":{"rendered":"Victory League"},"content":{"rendered":"<div class=\"oferta-container\">\n<p>\ud83d\udfe5 <b>DESCUENTO<\/b> \ud83d\udfe5 #Publicidad #Amazon #16<\/p>\n<p>\ud83d\udd34 <b>Liga Victory <\/b><\/p>\n<p>\u2705 <b>AHORA 6.95 \u20ac<\/b> \u2714\ufe0f\ud83d\udfe1<\/p>\n<p>\u274c Antes 10.99 \u20ac<\/p>\n<p>\ud83d\uded2: <a href=\"https:\/\/btz.es\/4VUvidv\" target=\"_blank\" rel=\"nofollow noopener\">https:\/\/btz.es\/4VUvidv<\/a><\/p>\n<p>Descubre la emoci\u00f3n y la competitividad de la Liga Victory, un evento deportivo que re\u00fane a los mejores equipos y talentos emergentes en un torneo apasionante que cautiva a aficionados de todas las edades. La Liga Victory se caracteriza por su alto nivel de juego, organizaci\u00f3n impecable y un ambiente vibrante que estimula la pasi\u00f3n por el deporte. Con enfrentamientos intensos y estrategias innovadoras, cada partido ofrece una experiencia \u00fanica y llena de adrenalina, ideal para quienes buscan disfrutar de un espect\u00e1culo deportivo de primera categor\u00eda. La Liga Victory no solo promueve el desarrollo del deporte a nivel regional y nacional, sino que tambi\u00e9n fomenta valores como el trabajo en equipo, la perseverancia y el esp\u00edritu competitivo saludable. Los aficionados pueden seguir de cerca el desempe\u00f1o de sus equipos favoritos, conocer a las figuras emergentes y participar en actividades relacionadas que enriquecen la experiencia deportiva. Adem\u00e1s, la cobertura medi\u00e1tica y las plataformas digitales oficiales garantizan un acceso f\u00e1cil y continuo a contenido relevante, estad\u00edsticas actualizadas y entrevistas exclusivas. La Liga Victory se posiciona como una referencia indispensable para los amantes del deporte, combinando tradici\u00f3n y modernidad en cada edici\u00f3n. No pierdas la oportunidad de ser parte de esta fiesta deportiva que impulsa la excelencia y la pasi\u00f3n en el \u00e1mbito competitivo.<\/p>\n<\/p><\/div>\n","protected":false},"excerpt":{"rendered":"<p>\ud83d\udfe5 DESCUENTO \ud83d\udfe5 #Publicidad #Amazon #16 \ud83d\udd34 Liga Victory \u2705 AHORA 6.95 \u20ac \u2714\ufe0f\ud83d\udfe1 \u274c Antes 10.99 \u20ac \ud83d\uded2: https:\/\/btz.es\/4VUvidv Descubre la emoci\u00f3n y la competitividad de la Liga Victory, un evento deportivo que re\u00fane a los mejores equipos y talentos emergentes en un torneo apasionante que cautiva a aficionados de todas las edades. La [&hellip;]<\/p>\n","protected":false},"featured_media":7484,"template":"","meta":{"_gspb_post_css":""},"store":[],"product_brand":[],"product_cat":[16],"product_tag":[],"class_list":{"0":"post-7485","1":"product","2":"type-product","3":"status-publish","4":"has-post-thumbnail","6":"product_cat-sin-categorizar","8":"first","9":"instock","10":"sale","11":"shipping-taxable","12":"product-type-external"},"jetpack_sharing_enabled":true,"_links":{"self":[{"href":"https:\/\/ofertacular.com\/index.php\/wp-json\/wp\/v2\/product\/7485","targetHints":{"allow":["GET"]}}],"collection":[{"href":"https:\/\/ofertacular.com\/index.php\/wp-json\/wp\/v2\/product"}],"about":[{"href":"https:\/\/ofertacular.com\/index.php\/wp-json\/wp\/v2\/types\/product"}],"wp:featuredmedia":[{"embeddable":true,"href":"https:\/\/ofertacular.com\/index.php\/wp-json\/wp\/v2\/media\/7484"}],"wp:attachment":[{"href":"https:\/\/ofertacular.com\/index.php\/wp-json\/wp\/v2\/media?parent=7485"}],"wp:term":[{"taxonomy":"store","embeddable":true,"href":"https:\/\/ofertacular.com\/index.php\/wp-json\/wp\/v2\/store?post=7485"},{"taxonomy":"product_brand","embeddable":true,"href":"https:\/\/ofertacular.com\/index.php\/wp-json\/wp\/v2\/product_brand?post=7485"},{"taxonomy":"product_cat","embeddable":true,"href":"https:\/\/ofertacular.com\/index.php\/wp-json\/wp\/v2\/product_cat?post=7485"},{"taxonomy":"product_tag","embeddable":true,"href":"https:\/\/ofertacular.com\/index.php\/wp-json\/wp\/v2\/product_tag?post=7485"}],"curies":[{"name":"wp","href":"https:\/\/api.w.org\/{rel}","templated":true}]}}