{"id":7493,"date":"2025-09-05T10:29:40","date_gmt":"2025-09-05T08:29:40","guid":{"rendered":"https:\/\/ofertacular.com\/index.php\/producto\/bach-vina-2\/"},"modified":"2025-09-05T10:29:40","modified_gmt":"2025-09-05T08:29:40","slug":"bach-vina-2","status":"publish","type":"product","link":"https:\/\/ofertacular.com\/index.php\/producto\/bach-vina-2\/","title":{"rendered":"BACH Vi\u00f1a"},"content":{"rendered":"<div class=\"oferta-container\">\n<p>\ud83d\udfe5 <b>ES UN CHOLL\u00d3N<\/b> \ud83d\udfe5 #Publicidad #Amazon #16<\/p>\n<p>\ud83d\udd34 <b>Vino Tinto <\/b><\/p>\n<p>\u2705 <b>AHORA 28.2 \u20ac<\/b> \u2714\ufe0f\ud83d\udfe1<\/p>\n<p>\u274c Antes 32.10 \u20ac<\/p>\n<p>\ud83d\uded2: <a href=\"https:\/\/btz.es\/4VU2MWC\" target=\"_blank\" rel=\"nofollow noopener\">https:\/\/btz.es\/4VU2MWC<\/a><\/p>\n<p>Descubre el exquisito Vino Tinto BACH Vi\u00f1a, una joya para los amantes del vino que buscan calidad y sabor inigualable. Este vino, cuidadosamente elaborado con uvas seleccionadas, ofrece una experiencia \u00fanica que deleitar\u00e1 tu paladar desde la primera copa. Su cuerpo equilibrado y sus notas frutales intensas convierten a este vino en la elecci\u00f3n perfecta para acompa\u00f1ar cenas elegantes, reuniones especiales o simplemente para disfrutar en un momento de relax. Adem\u00e1s, BACH Vi\u00f1a se destaca por su proceso de elaboraci\u00f3n tradicional combinado con t\u00e9cnicas modernas que garantizan un producto de alta calidad. La riqueza de sus aromas a frutos rojos maduros, acompa\u00f1ados de un toque sutil de madera, hacen de este vino una opci\u00f3n excepcional para cualquier ocasi\u00f3n. Ideal para maridar con carnes rojas, quesos curados y platos mediterr\u00e1neos, el Vino Tinto BACH Vi\u00f1a es sin\u00f3nimo de excelencia y sofisticaci\u00f3n en tu mesa. Aprovecha la oportunidad de experimentar un vino que combina tradici\u00f3n, sabor y exclusividad en cada botella. No pierdas la oportunidad de incluir en tu colecci\u00f3n este vino excepcional, que no solo satisface a los expertos sino tambi\u00e9n a quienes est\u00e1n inici\u00e1ndose en el mundo vin\u00edcola. Con BACH Vi\u00f1a, cada sorbo es una celebraci\u00f3n del buen gusto y la pasi\u00f3n por el vino. Perfecto para regalar o para compartir en momentos especiales, este vino promete elevar cualquier experiencia gastron\u00f3mica y crear recuerdos imborrables. Hazte con tu botella de Vino Tinto BACH Vi\u00f1a y disfruta del aut\u00e9ntico sabor de la calidad y la tradici\u00f3n vin\u00edcola.<\/p>\n<\/p><\/div>\n","protected":false},"excerpt":{"rendered":"<p>\ud83d\udfe5 ES UN CHOLL\u00d3N \ud83d\udfe5 #Publicidad #Amazon #16 \ud83d\udd34 Vino Tinto \u2705 AHORA 28.2 \u20ac \u2714\ufe0f\ud83d\udfe1 \u274c Antes 32.10 \u20ac \ud83d\uded2: https:\/\/btz.es\/4VU2MWC Descubre el exquisito Vino Tinto BACH Vi\u00f1a, una joya para los amantes del vino que buscan calidad y sabor inigualable. Este vino, cuidadosamente elaborado con uvas seleccionadas, ofrece una experiencia \u00fanica que deleitar\u00e1 [&hellip;]<\/p>\n","protected":false},"featured_media":7492,"template":"","meta":{"_gspb_post_css":""},"store":[],"product_brand":[],"product_cat":[16],"product_tag":[],"class_list":{"0":"post-7493","1":"product","2":"type-product","3":"status-publish","4":"has-post-thumbnail","6":"product_cat-sin-categorizar","8":"first","9":"instock","10":"sale","11":"shipping-taxable","12":"product-type-external"},"jetpack_sharing_enabled":true,"_links":{"self":[{"href":"https:\/\/ofertacular.com\/index.php\/wp-json\/wp\/v2\/product\/7493","targetHints":{"allow":["GET"]}}],"collection":[{"href":"https:\/\/ofertacular.com\/index.php\/wp-json\/wp\/v2\/product"}],"about":[{"href":"https:\/\/ofertacular.com\/index.php\/wp-json\/wp\/v2\/types\/product"}],"wp:featuredmedia":[{"embeddable":true,"href":"https:\/\/ofertacular.com\/index.php\/wp-json\/wp\/v2\/media\/7492"}],"wp:attachment":[{"href":"https:\/\/ofertacular.com\/index.php\/wp-json\/wp\/v2\/media?parent=7493"}],"wp:term":[{"taxonomy":"store","embeddable":true,"href":"https:\/\/ofertacular.com\/index.php\/wp-json\/wp\/v2\/store?post=7493"},{"taxonomy":"product_brand","embeddable":true,"href":"https:\/\/ofertacular.com\/index.php\/wp-json\/wp\/v2\/product_brand?post=7493"},{"taxonomy":"product_cat","embeddable":true,"href":"https:\/\/ofertacular.com\/index.php\/wp-json\/wp\/v2\/product_cat?post=7493"},{"taxonomy":"product_tag","embeddable":true,"href":"https:\/\/ofertacular.com\/index.php\/wp-json\/wp\/v2\/product_tag?post=7493"}],"curies":[{"name":"wp","href":"https:\/\/api.w.org\/{rel}","templated":true}]}}