{"id":7495,"date":"2025-09-05T10:30:21","date_gmt":"2025-09-05T08:30:21","guid":{"rendered":"https:\/\/ofertacular.com\/index.php\/producto\/lego-star-3\/"},"modified":"2025-09-05T10:30:21","modified_gmt":"2025-09-05T08:30:21","slug":"lego-star-3","status":"publish","type":"product","link":"https:\/\/ofertacular.com\/index.php\/producto\/lego-star-3\/","title":{"rendered":"LEGO Star"},"content":{"rendered":"<div class=\"oferta-container\">\n<p>\ud83d\udfe5 <b>INCRE\u00cdBLE<\/b> \ud83d\udfe5 #Publicidad #Amazon #16<\/p>\n<p>\ud83d\udd34 <b>Lego Star <\/b><\/p>\n<p>\u2705 <b>AHORA 45.5 \u20ac<\/b> \u2714\ufe0f\ud83d\udfe1<\/p>\n<p>\u274c Antes 64.99 \u20ac<\/p>\n<p>\ud83d\uded2: <a href=\"https:\/\/btz.es\/4VU2X9p\" target=\"_blank\" rel=\"nofollow noopener\">https:\/\/btz.es\/4VU2X9p<\/a><\/p>\n<p>Descubre la incre\u00edble experiencia de construir y jugar con el set LEGO Star, una colecci\u00f3n dise\u00f1ada especialmente para los amantes de la aventura y la creatividad. Este producto combina la calidad y fiabilidad de LEGO con temas emocionantes que capturan la imaginaci\u00f3n de ni\u00f1os y adultos por igual. Con piezas robustas y f\u00e1ciles de ensamblar, el set LEGO Star permite crear mundos fascinantes llenos de acci\u00f3n y diversi\u00f3n. Perfecto para desarrollar habilidades motoras, fomentar la paciencia y estimular la imaginaci\u00f3n, es un regalo ideal para cualquier ocasi\u00f3n. Ya sea para coleccionar, para un proyecto escolar o para simplemente pasar un buen rato, LEGO Star te ofrece horas interminables de entretenimiento. Adem\u00e1s, su dise\u00f1o detallado y la variedad de componentes aseguran que cada montaje sea \u00fanico y satisfactorio.<\/p>\n<\/p><\/div>\n","protected":false},"excerpt":{"rendered":"<p>\ud83d\udfe5 INCRE\u00cdBLE \ud83d\udfe5 #Publicidad #Amazon #16 \ud83d\udd34 Lego Star \u2705 AHORA 45.5 \u20ac \u2714\ufe0f\ud83d\udfe1 \u274c Antes 64.99 \u20ac \ud83d\uded2: https:\/\/btz.es\/4VU2X9p Descubre la incre\u00edble experiencia de construir y jugar con el set LEGO Star, una colecci\u00f3n dise\u00f1ada especialmente para los amantes de la aventura y la creatividad. Este producto combina la calidad y fiabilidad de LEGO [&hellip;]<\/p>\n","protected":false},"featured_media":7494,"template":"","meta":{"_gspb_post_css":""},"store":[],"product_brand":[],"product_cat":[16],"product_tag":[],"class_list":{"0":"post-7495","1":"product","2":"type-product","3":"status-publish","4":"has-post-thumbnail","6":"product_cat-sin-categorizar","8":"first","9":"instock","10":"sale","11":"shipping-taxable","12":"product-type-external"},"jetpack_sharing_enabled":true,"_links":{"self":[{"href":"https:\/\/ofertacular.com\/index.php\/wp-json\/wp\/v2\/product\/7495","targetHints":{"allow":["GET"]}}],"collection":[{"href":"https:\/\/ofertacular.com\/index.php\/wp-json\/wp\/v2\/product"}],"about":[{"href":"https:\/\/ofertacular.com\/index.php\/wp-json\/wp\/v2\/types\/product"}],"wp:featuredmedia":[{"embeddable":true,"href":"https:\/\/ofertacular.com\/index.php\/wp-json\/wp\/v2\/media\/7494"}],"wp:attachment":[{"href":"https:\/\/ofertacular.com\/index.php\/wp-json\/wp\/v2\/media?parent=7495"}],"wp:term":[{"taxonomy":"store","embeddable":true,"href":"https:\/\/ofertacular.com\/index.php\/wp-json\/wp\/v2\/store?post=7495"},{"taxonomy":"product_brand","embeddable":true,"href":"https:\/\/ofertacular.com\/index.php\/wp-json\/wp\/v2\/product_brand?post=7495"},{"taxonomy":"product_cat","embeddable":true,"href":"https:\/\/ofertacular.com\/index.php\/wp-json\/wp\/v2\/product_cat?post=7495"},{"taxonomy":"product_tag","embeddable":true,"href":"https:\/\/ofertacular.com\/index.php\/wp-json\/wp\/v2\/product_tag?post=7495"}],"curies":[{"name":"wp","href":"https:\/\/api.w.org\/{rel}","templated":true}]}}