{"id":7500,"date":"2025-09-05T11:23:00","date_gmt":"2025-09-05T09:23:00","guid":{"rendered":"https:\/\/ofertacular.com\/index.php\/producto\/gillette-facial-cream\/"},"modified":"2025-09-05T11:23:00","modified_gmt":"2025-09-05T09:23:00","slug":"gillette-facial-cream","status":"publish","type":"product","link":"https:\/\/ofertacular.com\/index.php\/producto\/gillette-facial-cream\/","title":{"rendered":"Gillette Facial Cream"},"content":{"rendered":"<div class=\"oferta-container\">\n<p>\ud83d\udfe5 <b>\u00a1APROVECHA!<\/b> \ud83d\udfe5 #Publicidad #Amazon #16<\/p>\n<p>\ud83d\udd34 <b>Crema Facial <\/b><\/p>\n<p>\u2705 <b>AHORA 7.95 \u20ac<\/b> \u2714\ufe0f\ud83d\udfe1<\/p>\n<p>\u274c Antes 8.94 \u20ac<\/p>\n<p>\ud83d\uded2: <a href=\"https:\/\/btz.es\/4VUGnEO\" target=\"_blank\" rel=\"nofollow noopener\">https:\/\/btz.es\/4VUGnEO<\/a><\/p>\n<p>Descubre la Crema Facial Gillette, dise\u00f1ada para proporcionar una hidrataci\u00f3n profunda y un cuidado suave para tu piel. Esta crema facial rehidrata, protege y mejora la textura de la piel, dejando un acabado fresco y natural. Ideal para el uso diario, combina ingredientes de alta calidad que garantizan una piel saludable y revitalizada. Optimizada para una absorci\u00f3n r\u00e1pida, es perfecta para hombres que buscan un cuidado facial eficiente y c\u00f3modo.<\/p>\n<\/p><\/div>\n","protected":false},"excerpt":{"rendered":"<p>\ud83d\udfe5 \u00a1APROVECHA! \ud83d\udfe5 #Publicidad #Amazon #16 \ud83d\udd34 Crema Facial \u2705 AHORA 7.95 \u20ac \u2714\ufe0f\ud83d\udfe1 \u274c Antes 8.94 \u20ac \ud83d\uded2: https:\/\/btz.es\/4VUGnEO Descubre la Crema Facial Gillette, dise\u00f1ada para proporcionar una hidrataci\u00f3n profunda y un cuidado suave para tu piel. Esta crema facial rehidrata, protege y mejora la textura de la piel, dejando un acabado fresco y [&hellip;]<\/p>\n","protected":false},"featured_media":7499,"template":"","meta":{"_gspb_post_css":""},"store":[],"product_brand":[],"product_cat":[16],"product_tag":[],"class_list":{"0":"post-7500","1":"product","2":"type-product","3":"status-publish","4":"has-post-thumbnail","6":"product_cat-sin-categorizar","8":"first","9":"instock","10":"sale","11":"shipping-taxable","12":"product-type-external"},"jetpack_sharing_enabled":true,"_links":{"self":[{"href":"https:\/\/ofertacular.com\/index.php\/wp-json\/wp\/v2\/product\/7500","targetHints":{"allow":["GET"]}}],"collection":[{"href":"https:\/\/ofertacular.com\/index.php\/wp-json\/wp\/v2\/product"}],"about":[{"href":"https:\/\/ofertacular.com\/index.php\/wp-json\/wp\/v2\/types\/product"}],"wp:featuredmedia":[{"embeddable":true,"href":"https:\/\/ofertacular.com\/index.php\/wp-json\/wp\/v2\/media\/7499"}],"wp:attachment":[{"href":"https:\/\/ofertacular.com\/index.php\/wp-json\/wp\/v2\/media?parent=7500"}],"wp:term":[{"taxonomy":"store","embeddable":true,"href":"https:\/\/ofertacular.com\/index.php\/wp-json\/wp\/v2\/store?post=7500"},{"taxonomy":"product_brand","embeddable":true,"href":"https:\/\/ofertacular.com\/index.php\/wp-json\/wp\/v2\/product_brand?post=7500"},{"taxonomy":"product_cat","embeddable":true,"href":"https:\/\/ofertacular.com\/index.php\/wp-json\/wp\/v2\/product_cat?post=7500"},{"taxonomy":"product_tag","embeddable":true,"href":"https:\/\/ofertacular.com\/index.php\/wp-json\/wp\/v2\/product_tag?post=7500"}],"curies":[{"name":"wp","href":"https:\/\/api.w.org\/{rel}","templated":true}]}}