{"id":7506,"date":"2025-09-08T07:11:58","date_gmt":"2025-09-08T05:11:58","guid":{"rendered":"https:\/\/ofertacular.com\/index.php\/producto\/poco-m7\/"},"modified":"2025-09-08T07:11:58","modified_gmt":"2025-09-08T05:11:58","slug":"poco-m7","status":"publish","type":"product","link":"https:\/\/ofertacular.com\/index.php\/producto\/poco-m7\/","title":{"rendered":"Poco M7"},"content":{"rendered":"<div class=\"oferta-container\">\n<p>\ud83d\udfe5 <b>UNA GANGA<\/b> \ud83d\udfe5 #Publicidad #Amazon #16<\/p>\n<p>\ud83d\udd34 <b>Smartphone M7 <\/b><\/p>\n<p>\u2705 <b>AHORA 199.99 \u20ac<\/b> \u2714\ufe0f\ud83d\udfe1<\/p>\n<p>\u274c Antes 259.90 \u20ac<\/p>\n<p>\ud83d\uded2: <a href=\"https:\/\/btz.es\/4WlmBjy\" target=\"_blank\" rel=\"nofollow noopener\">https:\/\/btz.es\/4WlmBjy<\/a><\/p>\n<p>Descubre el Poco M7, un smartphone que combina dise\u00f1o moderno y tecnolog\u00eda avanzada para ofrecer una experiencia m\u00f3vil excepcional. Equipado con caracter\u00edsticas innovadoras y un rendimiento potente, el Poco M7 es ideal para usuarios que buscan calidad y eficiencia. Optimizado para todas tus necesidades diarias, este dispositivo garantiza una conexi\u00f3n fluida y un entretenimiento sin l\u00edmites. \u00a1Consigue el Poco M7 y lleva tu comunicaci\u00f3n al siguiente nivel!<\/p>\n<\/p><\/div>\n","protected":false},"excerpt":{"rendered":"<p>\ud83d\udfe5 UNA GANGA \ud83d\udfe5 #Publicidad #Amazon #16 \ud83d\udd34 Smartphone M7 \u2705 AHORA 199.99 \u20ac \u2714\ufe0f\ud83d\udfe1 \u274c Antes 259.90 \u20ac \ud83d\uded2: https:\/\/btz.es\/4WlmBjy Descubre el Poco M7, un smartphone que combina dise\u00f1o moderno y tecnolog\u00eda avanzada para ofrecer una experiencia m\u00f3vil excepcional. Equipado con caracter\u00edsticas innovadoras y un rendimiento potente, el Poco M7 es ideal para usuarios [&hellip;]<\/p>\n","protected":false},"featured_media":7505,"template":"","meta":{"_gspb_post_css":""},"store":[],"product_brand":[],"product_cat":[16],"product_tag":[],"class_list":{"0":"post-7506","1":"product","2":"type-product","3":"status-publish","4":"has-post-thumbnail","6":"product_cat-sin-categorizar","8":"first","9":"instock","10":"sale","11":"shipping-taxable","12":"product-type-external"},"jetpack_sharing_enabled":true,"_links":{"self":[{"href":"https:\/\/ofertacular.com\/index.php\/wp-json\/wp\/v2\/product\/7506","targetHints":{"allow":["GET"]}}],"collection":[{"href":"https:\/\/ofertacular.com\/index.php\/wp-json\/wp\/v2\/product"}],"about":[{"href":"https:\/\/ofertacular.com\/index.php\/wp-json\/wp\/v2\/types\/product"}],"wp:featuredmedia":[{"embeddable":true,"href":"https:\/\/ofertacular.com\/index.php\/wp-json\/wp\/v2\/media\/7505"}],"wp:attachment":[{"href":"https:\/\/ofertacular.com\/index.php\/wp-json\/wp\/v2\/media?parent=7506"}],"wp:term":[{"taxonomy":"store","embeddable":true,"href":"https:\/\/ofertacular.com\/index.php\/wp-json\/wp\/v2\/store?post=7506"},{"taxonomy":"product_brand","embeddable":true,"href":"https:\/\/ofertacular.com\/index.php\/wp-json\/wp\/v2\/product_brand?post=7506"},{"taxonomy":"product_cat","embeddable":true,"href":"https:\/\/ofertacular.com\/index.php\/wp-json\/wp\/v2\/product_cat?post=7506"},{"taxonomy":"product_tag","embeddable":true,"href":"https:\/\/ofertacular.com\/index.php\/wp-json\/wp\/v2\/product_tag?post=7506"}],"curies":[{"name":"wp","href":"https:\/\/api.w.org\/{rel}","templated":true}]}}