{"id":7542,"date":"2025-09-09T07:58:55","date_gmt":"2025-09-09T05:58:55","guid":{"rendered":"https:\/\/ofertacular.com\/index.php\/producto\/matein-mochila\/"},"modified":"2025-09-09T07:58:55","modified_gmt":"2025-09-09T05:58:55","slug":"matein-mochila","status":"publish","type":"product","link":"https:\/\/ofertacular.com\/index.php\/producto\/matein-mochila\/","title":{"rendered":"MATEIN Mochila"},"content":{"rendered":"<div class=\"oferta-container\">\n<p>\ud83d\udfe5 <b>\u00a1S\u00d3LO HOY!<\/b> \ud83d\udfe5 #Publicidad #Amazon #16<\/p>\n<p>\ud83d\udd34 <b>Mochila Matein <\/b><\/p>\n<p>\u2705 <b>AHORA 29.99 \u20ac<\/b> \u2714\ufe0f\ud83d\udfe1<\/p>\n<p>\u274c Antes 35.99 \u20ac<\/p>\n<p>\ud83d\uded2: <a href=\"https:\/\/btz.es\/4WroVN5\" target=\"_blank\" rel=\"nofollow noopener\">https:\/\/btz.es\/4WroVN5<\/a><\/p>\n<p>Descubre la Mochila Matein, dise\u00f1ada para la m\u00e1xima funcionalidad y estilo. Perfecta para viajes, trabajo y uso diario, esta mochila cuenta con amplios compartimientos, puerto de carga USB integrado y materiales resistentes que garantizan durabilidad y comodidad. Optimizada para profesionales y estudiantes que buscan tecnolog\u00eda y elegancia, la Mochila Matein combina dise\u00f1o innovador con practicidad. Eleva tu experiencia de transporte y mant\u00e9n todos tus dispositivos seguros y organizados con esta mochila imprescindible.<\/p>\n<\/p><\/div>\n","protected":false},"excerpt":{"rendered":"<p>\ud83d\udfe5 \u00a1S\u00d3LO HOY! \ud83d\udfe5 #Publicidad #Amazon #16 \ud83d\udd34 Mochila Matein \u2705 AHORA 29.99 \u20ac \u2714\ufe0f\ud83d\udfe1 \u274c Antes 35.99 \u20ac \ud83d\uded2: https:\/\/btz.es\/4WroVN5 Descubre la Mochila Matein, dise\u00f1ada para la m\u00e1xima funcionalidad y estilo. Perfecta para viajes, trabajo y uso diario, esta mochila cuenta con amplios compartimientos, puerto de carga USB integrado y materiales resistentes que garantizan [&hellip;]<\/p>\n","protected":false},"featured_media":7541,"template":"","meta":{"_gspb_post_css":""},"store":[],"product_brand":[],"product_cat":[16],"product_tag":[],"class_list":{"0":"post-7542","1":"product","2":"type-product","3":"status-publish","4":"has-post-thumbnail","6":"product_cat-sin-categorizar","8":"first","9":"instock","10":"sale","11":"shipping-taxable","12":"product-type-external"},"jetpack_sharing_enabled":true,"_links":{"self":[{"href":"https:\/\/ofertacular.com\/index.php\/wp-json\/wp\/v2\/product\/7542","targetHints":{"allow":["GET"]}}],"collection":[{"href":"https:\/\/ofertacular.com\/index.php\/wp-json\/wp\/v2\/product"}],"about":[{"href":"https:\/\/ofertacular.com\/index.php\/wp-json\/wp\/v2\/types\/product"}],"wp:featuredmedia":[{"embeddable":true,"href":"https:\/\/ofertacular.com\/index.php\/wp-json\/wp\/v2\/media\/7541"}],"wp:attachment":[{"href":"https:\/\/ofertacular.com\/index.php\/wp-json\/wp\/v2\/media?parent=7542"}],"wp:term":[{"taxonomy":"store","embeddable":true,"href":"https:\/\/ofertacular.com\/index.php\/wp-json\/wp\/v2\/store?post=7542"},{"taxonomy":"product_brand","embeddable":true,"href":"https:\/\/ofertacular.com\/index.php\/wp-json\/wp\/v2\/product_brand?post=7542"},{"taxonomy":"product_cat","embeddable":true,"href":"https:\/\/ofertacular.com\/index.php\/wp-json\/wp\/v2\/product_cat?post=7542"},{"taxonomy":"product_tag","embeddable":true,"href":"https:\/\/ofertacular.com\/index.php\/wp-json\/wp\/v2\/product_tag?post=7542"}],"curies":[{"name":"wp","href":"https:\/\/api.w.org\/{rel}","templated":true}]}}