{"id":7546,"date":"2025-09-09T09:54:29","date_gmt":"2025-09-09T07:54:29","guid":{"rendered":"https:\/\/ofertacular.com\/index.php\/producto\/finish-powerball-4\/"},"modified":"2025-09-09T09:54:29","modified_gmt":"2025-09-09T07:54:29","slug":"finish-powerball-4","status":"publish","type":"product","link":"https:\/\/ofertacular.com\/index.php\/producto\/finish-powerball-4\/","title":{"rendered":"Finish Powerball"},"content":{"rendered":"<div class=\"oferta-container\">\n<p>\ud83d\udfe5 <b>SUPER OFERTA<\/b> \ud83d\udfe5 #Publicidad #Amazon #16<\/p>\n<p>\ud83d\udd34 <b>Powerball Completo <\/b><\/p>\n<p>\u2705 <b>AHORA 11.88 \u20ac<\/b> \u2714\ufe0f\ud83d\udfe1<\/p>\n<p>\u274c Antes 22.99 \u20ac<\/p>\n<p>\ud83d\uded2: <a href=\"https:\/\/btz.es\/4WrIcoD\" target=\"_blank\" rel=\"nofollow noopener\">https:\/\/btz.es\/4WrIcoD<\/a><\/p>\n<p>Disfruta de la emoci\u00f3n de Powerball con nuestro servicio completo para completar tu jugada. Accede a resultados fiables, estrategias ganadoras y consejos expertos para aumentar tus probabilidades de \u00e9xito. Ideal para jugadores que buscan maximizar su oportunidad en el popular juego de loter\u00eda Powerball. Mantente actualizado con los \u00faltimos sorteos y estad\u00edsticas para apostar con confianza y convertir tus sue\u00f1os en realidad.<\/p>\n<\/p><\/div>\n","protected":false},"excerpt":{"rendered":"<p>\ud83d\udfe5 SUPER OFERTA \ud83d\udfe5 #Publicidad #Amazon #16 \ud83d\udd34 Powerball Completo \u2705 AHORA 11.88 \u20ac \u2714\ufe0f\ud83d\udfe1 \u274c Antes 22.99 \u20ac \ud83d\uded2: https:\/\/btz.es\/4WrIcoD Disfruta de la emoci\u00f3n de Powerball con nuestro servicio completo para completar tu jugada. Accede a resultados fiables, estrategias ganadoras y consejos expertos para aumentar tus probabilidades de \u00e9xito. Ideal para jugadores que buscan [&hellip;]<\/p>\n","protected":false},"featured_media":7545,"template":"","meta":{"_gspb_post_css":""},"store":[],"product_brand":[],"product_cat":[16],"product_tag":[],"class_list":{"0":"post-7546","1":"product","2":"type-product","3":"status-publish","4":"has-post-thumbnail","6":"product_cat-sin-categorizar","8":"first","9":"instock","10":"sale","11":"shipping-taxable","12":"product-type-external"},"jetpack_sharing_enabled":true,"_links":{"self":[{"href":"https:\/\/ofertacular.com\/index.php\/wp-json\/wp\/v2\/product\/7546","targetHints":{"allow":["GET"]}}],"collection":[{"href":"https:\/\/ofertacular.com\/index.php\/wp-json\/wp\/v2\/product"}],"about":[{"href":"https:\/\/ofertacular.com\/index.php\/wp-json\/wp\/v2\/types\/product"}],"wp:featuredmedia":[{"embeddable":true,"href":"https:\/\/ofertacular.com\/index.php\/wp-json\/wp\/v2\/media\/7545"}],"wp:attachment":[{"href":"https:\/\/ofertacular.com\/index.php\/wp-json\/wp\/v2\/media?parent=7546"}],"wp:term":[{"taxonomy":"store","embeddable":true,"href":"https:\/\/ofertacular.com\/index.php\/wp-json\/wp\/v2\/store?post=7546"},{"taxonomy":"product_brand","embeddable":true,"href":"https:\/\/ofertacular.com\/index.php\/wp-json\/wp\/v2\/product_brand?post=7546"},{"taxonomy":"product_cat","embeddable":true,"href":"https:\/\/ofertacular.com\/index.php\/wp-json\/wp\/v2\/product_cat?post=7546"},{"taxonomy":"product_tag","embeddable":true,"href":"https:\/\/ofertacular.com\/index.php\/wp-json\/wp\/v2\/product_tag?post=7546"}],"curies":[{"name":"wp","href":"https:\/\/api.w.org\/{rel}","templated":true}]}}