{"id":7548,"date":"2025-09-09T09:57:07","date_gmt":"2025-09-09T07:57:07","guid":{"rendered":"https:\/\/ofertacular.com\/index.php\/producto\/cargador-electrico\/"},"modified":"2025-09-09T09:57:07","modified_gmt":"2025-09-09T07:57:07","slug":"cargador-electrico","status":"publish","type":"product","link":"https:\/\/ofertacular.com\/index.php\/producto\/cargador-electrico\/","title":{"rendered":"Cargador El\u00e9ctrico"},"content":{"rendered":"<div class=\"oferta-container\">\n<p>\ud83d\udfe5 <b>\u00a1S\u00d3LO HOY!<\/b> \ud83d\udfe5 #Publicidad #Amazon #16<\/p>\n<p>\ud83d\udd34 <b>Cargador el\u00e9ctrico <\/b><\/p>\n<p>\u2705 <b>AHORA 119.18 \u20ac<\/b> \u2714\ufe0f\ud83d\udfe1<\/p>\n<p>\u274c Antes 125.45 \u20ac<\/p>\n<p>\ud83d\uded2: <a href=\"https:\/\/btz.es\/4WrIHcu\" target=\"_blank\" rel=\"nofollow noopener\">https:\/\/btz.es\/4WrIHcu<\/a><\/p>\n<p>Potente y eficiente cargador el\u00e9ctrico dise\u00f1ado para ofrecer una carga r\u00e1pida y segura a tus dispositivos. Compatible con una amplia variedad de aparatos, este cargador garantiza durabilidad y m\u00e1ximo rendimiento, ideal para el hogar o la oficina. Optimiza la energ\u00eda y protege tus equipos con tecnolog\u00eda avanzada. \u00a1No te quedes sin bater\u00eda en ning\u00fan momento!<\/p>\n<\/p><\/div>\n","protected":false},"excerpt":{"rendered":"<p>\ud83d\udfe5 \u00a1S\u00d3LO HOY! \ud83d\udfe5 #Publicidad #Amazon #16 \ud83d\udd34 Cargador el\u00e9ctrico \u2705 AHORA 119.18 \u20ac \u2714\ufe0f\ud83d\udfe1 \u274c Antes 125.45 \u20ac \ud83d\uded2: https:\/\/btz.es\/4WrIHcu Potente y eficiente cargador el\u00e9ctrico dise\u00f1ado para ofrecer una carga r\u00e1pida y segura a tus dispositivos. Compatible con una amplia variedad de aparatos, este cargador garantiza durabilidad y m\u00e1ximo rendimiento, ideal para el hogar [&hellip;]<\/p>\n","protected":false},"featured_media":7547,"template":"","meta":{"_gspb_post_css":""},"store":[],"product_brand":[],"product_cat":[16],"product_tag":[],"class_list":{"0":"post-7548","1":"product","2":"type-product","3":"status-publish","4":"has-post-thumbnail","6":"product_cat-sin-categorizar","8":"first","9":"instock","10":"sale","11":"shipping-taxable","12":"product-type-external"},"jetpack_sharing_enabled":true,"_links":{"self":[{"href":"https:\/\/ofertacular.com\/index.php\/wp-json\/wp\/v2\/product\/7548","targetHints":{"allow":["GET"]}}],"collection":[{"href":"https:\/\/ofertacular.com\/index.php\/wp-json\/wp\/v2\/product"}],"about":[{"href":"https:\/\/ofertacular.com\/index.php\/wp-json\/wp\/v2\/types\/product"}],"wp:featuredmedia":[{"embeddable":true,"href":"https:\/\/ofertacular.com\/index.php\/wp-json\/wp\/v2\/media\/7547"}],"wp:attachment":[{"href":"https:\/\/ofertacular.com\/index.php\/wp-json\/wp\/v2\/media?parent=7548"}],"wp:term":[{"taxonomy":"store","embeddable":true,"href":"https:\/\/ofertacular.com\/index.php\/wp-json\/wp\/v2\/store?post=7548"},{"taxonomy":"product_brand","embeddable":true,"href":"https:\/\/ofertacular.com\/index.php\/wp-json\/wp\/v2\/product_brand?post=7548"},{"taxonomy":"product_cat","embeddable":true,"href":"https:\/\/ofertacular.com\/index.php\/wp-json\/wp\/v2\/product_cat?post=7548"},{"taxonomy":"product_tag","embeddable":true,"href":"https:\/\/ofertacular.com\/index.php\/wp-json\/wp\/v2\/product_tag?post=7548"}],"curies":[{"name":"wp","href":"https:\/\/api.w.org\/{rel}","templated":true}]}}