{"id":7552,"date":"2025-09-09T10:01:24","date_gmt":"2025-09-09T08:01:24","guid":{"rendered":"https:\/\/ofertacular.com\/index.php\/producto\/hombre-hidratante\/"},"modified":"2025-09-09T10:01:24","modified_gmt":"2025-09-09T08:01:24","slug":"hombre-hidratante","status":"publish","type":"product","link":"https:\/\/ofertacular.com\/index.php\/producto\/hombre-hidratante\/","title":{"rendered":"Hombre Hidratante"},"content":{"rendered":"<div class=\"oferta-container\">\n<p>\ud83d\udfe5 <b>\u00a1DESCUENTO \u00daNICO!<\/b> \ud83d\udfe5 #Publicidad #Amazon #16<\/p>\n<p>\ud83d\udd34 <b>Hidratante hombre <\/b><\/p>\n<p>\u2705 <b>AHORA 6.9 \u20ac<\/b> \u2714\ufe0f\ud83d\udfe1<\/p>\n<p>\u274c Antes 15.00 \u20ac<\/p>\n<p>\ud83d\uded2: <a href=\"https:\/\/btz.es\/4WrJMnn\" target=\"_blank\" rel=\"nofollow noopener\">https:\/\/btz.es\/4WrJMnn<\/a><\/p>\n<p>Descubre la mejor crema hidratante para hombre, formulada para cuidar y proteger la piel masculina. Esta hidratante proporciona una absorci\u00f3n r\u00e1pida y una hidrataci\u00f3n duradera, ideal para todo tipo de piel. Potencia tu rutina diaria con un producto de alta calidad que revitaliza y mantiene la piel fresca y saludable.<\/p>\n<\/p><\/div>\n","protected":false},"excerpt":{"rendered":"<p>\ud83d\udfe5 \u00a1DESCUENTO \u00daNICO! \ud83d\udfe5 #Publicidad #Amazon #16 \ud83d\udd34 Hidratante hombre \u2705 AHORA 6.9 \u20ac \u2714\ufe0f\ud83d\udfe1 \u274c Antes 15.00 \u20ac \ud83d\uded2: https:\/\/btz.es\/4WrJMnn Descubre la mejor crema hidratante para hombre, formulada para cuidar y proteger la piel masculina. Esta hidratante proporciona una absorci\u00f3n r\u00e1pida y una hidrataci\u00f3n duradera, ideal para todo tipo de piel. Potencia tu rutina [&hellip;]<\/p>\n","protected":false},"featured_media":7551,"template":"","meta":{"_gspb_post_css":""},"store":[],"product_brand":[],"product_cat":[16],"product_tag":[],"class_list":{"0":"post-7552","1":"product","2":"type-product","3":"status-publish","4":"has-post-thumbnail","6":"product_cat-sin-categorizar","8":"first","9":"instock","10":"sale","11":"shipping-taxable","12":"product-type-external"},"jetpack_sharing_enabled":true,"_links":{"self":[{"href":"https:\/\/ofertacular.com\/index.php\/wp-json\/wp\/v2\/product\/7552","targetHints":{"allow":["GET"]}}],"collection":[{"href":"https:\/\/ofertacular.com\/index.php\/wp-json\/wp\/v2\/product"}],"about":[{"href":"https:\/\/ofertacular.com\/index.php\/wp-json\/wp\/v2\/types\/product"}],"wp:featuredmedia":[{"embeddable":true,"href":"https:\/\/ofertacular.com\/index.php\/wp-json\/wp\/v2\/media\/7551"}],"wp:attachment":[{"href":"https:\/\/ofertacular.com\/index.php\/wp-json\/wp\/v2\/media?parent=7552"}],"wp:term":[{"taxonomy":"store","embeddable":true,"href":"https:\/\/ofertacular.com\/index.php\/wp-json\/wp\/v2\/store?post=7552"},{"taxonomy":"product_brand","embeddable":true,"href":"https:\/\/ofertacular.com\/index.php\/wp-json\/wp\/v2\/product_brand?post=7552"},{"taxonomy":"product_cat","embeddable":true,"href":"https:\/\/ofertacular.com\/index.php\/wp-json\/wp\/v2\/product_cat?post=7552"},{"taxonomy":"product_tag","embeddable":true,"href":"https:\/\/ofertacular.com\/index.php\/wp-json\/wp\/v2\/product_tag?post=7552"}],"curies":[{"name":"wp","href":"https:\/\/api.w.org\/{rel}","templated":true}]}}