{"id":7566,"date":"2025-09-09T11:03:41","date_gmt":"2025-09-09T09:03:41","guid":{"rendered":"https:\/\/ofertacular.com\/index.php\/producto\/mochila-viaje-4\/"},"modified":"2025-09-09T11:03:41","modified_gmt":"2025-09-09T09:03:41","slug":"mochila-viaje-4","status":"publish","type":"product","link":"https:\/\/ofertacular.com\/index.php\/producto\/mochila-viaje-4\/","title":{"rendered":"Mochila Viaje"},"content":{"rendered":"<div class=\"oferta-container\">\n<p>\ud83d\udfe5 <b>\u00a1APROVECHA!<\/b> \ud83d\udfe5 #Publicidad #Amazon #16<\/p>\n<p>\ud83d\udd34 <b>Mochila viaje <\/b><\/p>\n<p>\u2705 <b>AHORA 18.99 \u20ac<\/b> \u2714\ufe0f\ud83d\udfe1<\/p>\n<p>\u274c Antes 32.95 \u20ac<\/p>\n<p>\ud83d\uded2: <a href=\"https:\/\/btz.es\/4WrZ2Af\" target=\"_blank\" rel=\"nofollow noopener\">https:\/\/btz.es\/4WrZ2Af<\/a><\/p>\n<p>Descubre nuestra mochila de viaje dise\u00f1ada para viajeros exigentes que buscan comodidad y durabilidad. Fabricada con materiales resistentes, esta mochila es ideal para aventuras urbanas o escapadas al aire libre. Su dise\u00f1o ergon\u00f3mico y m\u00faltiples compartimentos permiten organizar todos tus objetos personales de manera eficiente. Perfecta para quienes valoran la calidad y el estilo en cada viaje.<\/p>\n<\/p><\/div>\n","protected":false},"excerpt":{"rendered":"<p>\ud83d\udfe5 \u00a1APROVECHA! \ud83d\udfe5 #Publicidad #Amazon #16 \ud83d\udd34 Mochila viaje \u2705 AHORA 18.99 \u20ac \u2714\ufe0f\ud83d\udfe1 \u274c Antes 32.95 \u20ac \ud83d\uded2: https:\/\/btz.es\/4WrZ2Af Descubre nuestra mochila de viaje dise\u00f1ada para viajeros exigentes que buscan comodidad y durabilidad. Fabricada con materiales resistentes, esta mochila es ideal para aventuras urbanas o escapadas al aire libre. Su dise\u00f1o ergon\u00f3mico y m\u00faltiples [&hellip;]<\/p>\n","protected":false},"featured_media":7565,"template":"","meta":{"_gspb_post_css":""},"store":[],"product_brand":[],"product_cat":[16],"product_tag":[],"class_list":{"0":"post-7566","1":"product","2":"type-product","3":"status-publish","4":"has-post-thumbnail","6":"product_cat-sin-categorizar","8":"first","9":"instock","10":"sale","11":"shipping-taxable","12":"product-type-external"},"jetpack_sharing_enabled":true,"_links":{"self":[{"href":"https:\/\/ofertacular.com\/index.php\/wp-json\/wp\/v2\/product\/7566","targetHints":{"allow":["GET"]}}],"collection":[{"href":"https:\/\/ofertacular.com\/index.php\/wp-json\/wp\/v2\/product"}],"about":[{"href":"https:\/\/ofertacular.com\/index.php\/wp-json\/wp\/v2\/types\/product"}],"wp:featuredmedia":[{"embeddable":true,"href":"https:\/\/ofertacular.com\/index.php\/wp-json\/wp\/v2\/media\/7565"}],"wp:attachment":[{"href":"https:\/\/ofertacular.com\/index.php\/wp-json\/wp\/v2\/media?parent=7566"}],"wp:term":[{"taxonomy":"store","embeddable":true,"href":"https:\/\/ofertacular.com\/index.php\/wp-json\/wp\/v2\/store?post=7566"},{"taxonomy":"product_brand","embeddable":true,"href":"https:\/\/ofertacular.com\/index.php\/wp-json\/wp\/v2\/product_brand?post=7566"},{"taxonomy":"product_cat","embeddable":true,"href":"https:\/\/ofertacular.com\/index.php\/wp-json\/wp\/v2\/product_cat?post=7566"},{"taxonomy":"product_tag","embeddable":true,"href":"https:\/\/ofertacular.com\/index.php\/wp-json\/wp\/v2\/product_tag?post=7566"}],"curies":[{"name":"wp","href":"https:\/\/api.w.org\/{rel}","templated":true}]}}