{"id":7570,"date":"2025-09-09T19:56:50","date_gmt":"2025-09-09T17:56:50","guid":{"rendered":"https:\/\/ofertacular.com\/index.php\/producto\/batman-figure-2\/"},"modified":"2025-09-09T19:56:50","modified_gmt":"2025-09-09T17:56:50","slug":"batman-figure-2","status":"publish","type":"product","link":"https:\/\/ofertacular.com\/index.php\/producto\/batman-figure-2\/","title":{"rendered":"Batman Figure"},"content":{"rendered":"<div class=\"oferta-container\">\n<p>\ud83d\udfe5 <b>UNA GANGA<\/b> \ud83d\udfe5 #Publicidad #Amazon #16<\/p>\n<p>\ud83d\udd34 <b>Figura Batman <\/b><\/p>\n<p>\u2705 <b>AHORA 9.55 \u20ac<\/b> \u2714\ufe0f\ud83d\udfe1<\/p>\n<p>\u274c Antes 16.00 \u20ac<\/p>\n<p>\ud83d\uded2: <a href=\"https:\/\/btz.es\/4WujGiY\" target=\"_blank\" rel=\"nofollow noopener\">https:\/\/btz.es\/4WujGiY<\/a><\/p>\n<p>Figura de colecci\u00f3n oficial de Batman, dise\u00f1ada con detalles realistas que capturan la esencia del ic\u00f3nico superh\u00e9roe de DC Comics. Ideal para fan\u00e1ticos y coleccionistas, esta figura es perfecta para exhibir y disfrutar. Fabricada con materiales de alta calidad, garantiza durabilidad y un acabado premium, convirti\u00e9ndola en un esencial para cualquier admirador del universo de Batman.<\/p>\n<\/p><\/div>\n","protected":false},"excerpt":{"rendered":"<p>\ud83d\udfe5 UNA GANGA \ud83d\udfe5 #Publicidad #Amazon #16 \ud83d\udd34 Figura Batman \u2705 AHORA 9.55 \u20ac \u2714\ufe0f\ud83d\udfe1 \u274c Antes 16.00 \u20ac \ud83d\uded2: https:\/\/btz.es\/4WujGiY Figura de colecci\u00f3n oficial de Batman, dise\u00f1ada con detalles realistas que capturan la esencia del ic\u00f3nico superh\u00e9roe de DC Comics. Ideal para fan\u00e1ticos y coleccionistas, esta figura es perfecta para exhibir y disfrutar. Fabricada [&hellip;]<\/p>\n","protected":false},"featured_media":7569,"template":"","meta":{"_gspb_post_css":""},"store":[],"product_brand":[],"product_cat":[16],"product_tag":[],"class_list":{"0":"post-7570","1":"product","2":"type-product","3":"status-publish","4":"has-post-thumbnail","6":"product_cat-sin-categorizar","8":"first","9":"instock","10":"sale","11":"shipping-taxable","12":"product-type-external"},"jetpack_sharing_enabled":true,"_links":{"self":[{"href":"https:\/\/ofertacular.com\/index.php\/wp-json\/wp\/v2\/product\/7570","targetHints":{"allow":["GET"]}}],"collection":[{"href":"https:\/\/ofertacular.com\/index.php\/wp-json\/wp\/v2\/product"}],"about":[{"href":"https:\/\/ofertacular.com\/index.php\/wp-json\/wp\/v2\/types\/product"}],"wp:featuredmedia":[{"embeddable":true,"href":"https:\/\/ofertacular.com\/index.php\/wp-json\/wp\/v2\/media\/7569"}],"wp:attachment":[{"href":"https:\/\/ofertacular.com\/index.php\/wp-json\/wp\/v2\/media?parent=7570"}],"wp:term":[{"taxonomy":"store","embeddable":true,"href":"https:\/\/ofertacular.com\/index.php\/wp-json\/wp\/v2\/store?post=7570"},{"taxonomy":"product_brand","embeddable":true,"href":"https:\/\/ofertacular.com\/index.php\/wp-json\/wp\/v2\/product_brand?post=7570"},{"taxonomy":"product_cat","embeddable":true,"href":"https:\/\/ofertacular.com\/index.php\/wp-json\/wp\/v2\/product_cat?post=7570"},{"taxonomy":"product_tag","embeddable":true,"href":"https:\/\/ofertacular.com\/index.php\/wp-json\/wp\/v2\/product_tag?post=7570"}],"curies":[{"name":"wp","href":"https:\/\/api.w.org\/{rel}","templated":true}]}}