{"id":7572,"date":"2025-09-10T07:52:07","date_gmt":"2025-09-10T05:52:07","guid":{"rendered":"https:\/\/ofertacular.com\/index.php\/producto\/android-proyector\/"},"modified":"2025-09-10T07:52:07","modified_gmt":"2025-09-10T05:52:07","slug":"android-proyector","status":"publish","type":"product","link":"https:\/\/ofertacular.com\/index.php\/producto\/android-proyector\/","title":{"rendered":"Android Proyector"},"content":{"rendered":"<div class=\"oferta-container\">\n<p>\ud83d\udfe5 <b>AHORRA AQU\u00cd<\/b> \ud83d\udfe5 #Publicidad #Amazon #16<\/p>\n<p>\ud83d\udd34 <b>Proyector Android <\/b><\/p>\n<p>\u2705 <b>AHORA 29.87 \u20ac<\/b> \u2714\ufe0f\ud83d\udfe1<\/p>\n<p>\u274c Antes 31.44 \u20ac<\/p>\n<p>\ud83d\uded2: <a href=\"https:\/\/btz.es\/4WxdKQX\" target=\"_blank\" rel=\"nofollow noopener\">https:\/\/btz.es\/4WxdKQX<\/a><\/p>\n<p>Descubre el Proyector Android, un dispositivo avanzado que combina tecnolog\u00eda de \u00faltima generaci\u00f3n y funcionalidad inteligente para transformar tu experiencia audiovisual. Perfecto para presentaciones, cine en casa y entretenimiento multimedia, este proyector ofrece im\u00e1genes n\u00edtidas y colores vibrantes gracias a su sistema operativo Android integrado, que permite acceder f\u00e1cilmente a aplicaciones y contenido en l\u00ednea. Optimizado para usuarios que buscan calidad y practicidad, este proyector es la soluci\u00f3n ideal para espacios peque\u00f1os y grandes, garantizando versatilidad y rendimiento superior.<\/p>\n<\/p><\/div>\n","protected":false},"excerpt":{"rendered":"<p>\ud83d\udfe5 AHORRA AQU\u00cd \ud83d\udfe5 #Publicidad #Amazon #16 \ud83d\udd34 Proyector Android \u2705 AHORA 29.87 \u20ac \u2714\ufe0f\ud83d\udfe1 \u274c Antes 31.44 \u20ac \ud83d\uded2: https:\/\/btz.es\/4WxdKQX Descubre el Proyector Android, un dispositivo avanzado que combina tecnolog\u00eda de \u00faltima generaci\u00f3n y funcionalidad inteligente para transformar tu experiencia audiovisual. Perfecto para presentaciones, cine en casa y entretenimiento multimedia, este proyector ofrece im\u00e1genes [&hellip;]<\/p>\n","protected":false},"featured_media":7571,"template":"","meta":{"_gspb_post_css":""},"store":[],"product_brand":[],"product_cat":[16],"product_tag":[],"class_list":{"0":"post-7572","1":"product","2":"type-product","3":"status-publish","4":"has-post-thumbnail","6":"product_cat-sin-categorizar","8":"first","9":"instock","10":"sale","11":"shipping-taxable","12":"product-type-external"},"jetpack_sharing_enabled":true,"_links":{"self":[{"href":"https:\/\/ofertacular.com\/index.php\/wp-json\/wp\/v2\/product\/7572","targetHints":{"allow":["GET"]}}],"collection":[{"href":"https:\/\/ofertacular.com\/index.php\/wp-json\/wp\/v2\/product"}],"about":[{"href":"https:\/\/ofertacular.com\/index.php\/wp-json\/wp\/v2\/types\/product"}],"wp:featuredmedia":[{"embeddable":true,"href":"https:\/\/ofertacular.com\/index.php\/wp-json\/wp\/v2\/media\/7571"}],"wp:attachment":[{"href":"https:\/\/ofertacular.com\/index.php\/wp-json\/wp\/v2\/media?parent=7572"}],"wp:term":[{"taxonomy":"store","embeddable":true,"href":"https:\/\/ofertacular.com\/index.php\/wp-json\/wp\/v2\/store?post=7572"},{"taxonomy":"product_brand","embeddable":true,"href":"https:\/\/ofertacular.com\/index.php\/wp-json\/wp\/v2\/product_brand?post=7572"},{"taxonomy":"product_cat","embeddable":true,"href":"https:\/\/ofertacular.com\/index.php\/wp-json\/wp\/v2\/product_cat?post=7572"},{"taxonomy":"product_tag","embeddable":true,"href":"https:\/\/ofertacular.com\/index.php\/wp-json\/wp\/v2\/product_tag?post=7572"}],"curies":[{"name":"wp","href":"https:\/\/api.w.org\/{rel}","templated":true}]}}