{"id":7574,"date":"2025-09-10T08:07:19","date_gmt":"2025-09-10T06:07:19","guid":{"rendered":"https:\/\/ofertacular.com\/index.php\/producto\/nike-revolution-7\/"},"modified":"2025-09-10T08:07:19","modified_gmt":"2025-09-10T06:07:19","slug":"nike-revolution-7","status":"publish","type":"product","link":"https:\/\/ofertacular.com\/index.php\/producto\/nike-revolution-7\/","title":{"rendered":"NIKE Revolution"},"content":{"rendered":"<div class=\"oferta-container\">\n<p>\ud83d\udfe5 <b>\u00a1DESCUENTO \u00daNICO!<\/b> \ud83d\udfe5 #Publicidad #Amazon #16<\/p>\n<p>\ud83d\udd34 <b>Zapatillas NIKE <\/b><\/p>\n<p>\u2705 <b>AHORA 39.99 \u20ac<\/b> \u2714\ufe0f\ud83d\udfe1<\/p>\n<p>\u274c Antes 59.99 \u20ac<\/p>\n<p>\ud83d\uded2: <a href=\"https:\/\/btz.es\/4WxhAoX\" target=\"_blank\" rel=\"nofollow noopener\">https:\/\/btz.es\/4WxhAoX<\/a><\/p>\n<p>Descubre las Zapatillas NIKE Revolution, dise\u00f1adas para ofrecerte comodidad y rendimiento superior en cada paso. Perfectas para correr o para tu d\u00eda a d\u00eda, estas zapatillas combinan estilo moderno con tecnolog\u00eda avanzada que garantiza durabilidad y soporte \u00f3ptimo. Eleva tu entrenamiento y destaca con la calidad l\u00edder de NIKE Revolution.<\/p>\n<\/p><\/div>\n","protected":false},"excerpt":{"rendered":"<p>\ud83d\udfe5 \u00a1DESCUENTO \u00daNICO! \ud83d\udfe5 #Publicidad #Amazon #16 \ud83d\udd34 Zapatillas NIKE \u2705 AHORA 39.99 \u20ac \u2714\ufe0f\ud83d\udfe1 \u274c Antes 59.99 \u20ac \ud83d\uded2: https:\/\/btz.es\/4WxhAoX Descubre las Zapatillas NIKE Revolution, dise\u00f1adas para ofrecerte comodidad y rendimiento superior en cada paso. Perfectas para correr o para tu d\u00eda a d\u00eda, estas zapatillas combinan estilo moderno con tecnolog\u00eda avanzada que garantiza [&hellip;]<\/p>\n","protected":false},"featured_media":7573,"template":"","meta":{"_gspb_post_css":""},"store":[],"product_brand":[],"product_cat":[16],"product_tag":[],"class_list":{"0":"post-7574","1":"product","2":"type-product","3":"status-publish","4":"has-post-thumbnail","6":"product_cat-sin-categorizar","8":"first","9":"instock","10":"sale","11":"shipping-taxable","12":"product-type-external"},"jetpack_sharing_enabled":true,"_links":{"self":[{"href":"https:\/\/ofertacular.com\/index.php\/wp-json\/wp\/v2\/product\/7574","targetHints":{"allow":["GET"]}}],"collection":[{"href":"https:\/\/ofertacular.com\/index.php\/wp-json\/wp\/v2\/product"}],"about":[{"href":"https:\/\/ofertacular.com\/index.php\/wp-json\/wp\/v2\/types\/product"}],"wp:featuredmedia":[{"embeddable":true,"href":"https:\/\/ofertacular.com\/index.php\/wp-json\/wp\/v2\/media\/7573"}],"wp:attachment":[{"href":"https:\/\/ofertacular.com\/index.php\/wp-json\/wp\/v2\/media?parent=7574"}],"wp:term":[{"taxonomy":"store","embeddable":true,"href":"https:\/\/ofertacular.com\/index.php\/wp-json\/wp\/v2\/store?post=7574"},{"taxonomy":"product_brand","embeddable":true,"href":"https:\/\/ofertacular.com\/index.php\/wp-json\/wp\/v2\/product_brand?post=7574"},{"taxonomy":"product_cat","embeddable":true,"href":"https:\/\/ofertacular.com\/index.php\/wp-json\/wp\/v2\/product_cat?post=7574"},{"taxonomy":"product_tag","embeddable":true,"href":"https:\/\/ofertacular.com\/index.php\/wp-json\/wp\/v2\/product_tag?post=7574"}],"curies":[{"name":"wp","href":"https:\/\/api.w.org\/{rel}","templated":true}]}}