{"id":7586,"date":"2025-09-10T09:49:13","date_gmt":"2025-09-10T07:49:13","guid":{"rendered":"https:\/\/ofertacular.com\/index.php\/producto\/elastigirl-figure\/"},"modified":"2025-09-10T09:49:13","modified_gmt":"2025-09-10T07:49:13","slug":"elastigirl-figure","status":"publish","type":"product","link":"https:\/\/ofertacular.com\/index.php\/producto\/elastigirl-figure\/","title":{"rendered":"Elastigirl Figure"},"content":{"rendered":"<div class=\"oferta-container\">\ud83d\udfea <b>FUNKO CHOLLO<\/b> \ud83d\udfea #Publicidad #Amazon\ud83d\udfe3 <b> Funko POP! Disney Elastigirl Figura<\/b> \u2705 <b>AHORA 14.99 \u20ac<\/b> \u2714\ufe0f\ud83d\udfe1\u274c Antes 16.00 \u20ac \u20ac \ud83d\uded2: https:\/\/btz.es\/4Wx7oJR\ud83d\udfe2 Ofertacular.com<\/p>\n<p>Descubre la figura Funko POP! Disney de Elastigirl, un imprescindible para los fans de Los Incre\u00edbles y coleccionistas de figuras de vinilo. Esta pieza destaca por su dise\u00f1o detallado y calidad premium, perfecta para exhibir en tu colecci\u00f3n o como un regalo ideal para amantes del cine animado. Compra ahora y a\u00f1ade a Elastigirl a tu set de Funko POP! Disney, garantizando un toque \u00fanico y divertido en tu espacio.<\/p>\n<\/div>\n","protected":false},"excerpt":{"rendered":"<p>\ud83d\udfea FUNKO CHOLLO \ud83d\udfea #Publicidad #Amazon\ud83d\udfe3 Funko POP! Disney Elastigirl Figura \u2705 AHORA 14.99 \u20ac \u2714\ufe0f\ud83d\udfe1\u274c Antes 16.00 \u20ac \u20ac \ud83d\uded2: https:\/\/btz.es\/4Wx7oJR\ud83d\udfe2 Ofertacular.com Descubre la figura Funko POP! Disney de Elastigirl, un imprescindible para los fans de Los Incre\u00edbles y coleccionistas de figuras de vinilo. Esta pieza destaca por su dise\u00f1o detallado y calidad premium, [&hellip;]<\/p>\n","protected":false},"featured_media":7585,"template":"","meta":{"_gspb_post_css":""},"store":[],"product_brand":[],"product_cat":[16],"product_tag":[],"class_list":{"0":"post-7586","1":"product","2":"type-product","3":"status-publish","4":"has-post-thumbnail","6":"product_cat-sin-categorizar","8":"first","9":"instock","10":"sale","11":"shipping-taxable","12":"product-type-external"},"jetpack_sharing_enabled":true,"_links":{"self":[{"href":"https:\/\/ofertacular.com\/index.php\/wp-json\/wp\/v2\/product\/7586","targetHints":{"allow":["GET"]}}],"collection":[{"href":"https:\/\/ofertacular.com\/index.php\/wp-json\/wp\/v2\/product"}],"about":[{"href":"https:\/\/ofertacular.com\/index.php\/wp-json\/wp\/v2\/types\/product"}],"wp:featuredmedia":[{"embeddable":true,"href":"https:\/\/ofertacular.com\/index.php\/wp-json\/wp\/v2\/media\/7585"}],"wp:attachment":[{"href":"https:\/\/ofertacular.com\/index.php\/wp-json\/wp\/v2\/media?parent=7586"}],"wp:term":[{"taxonomy":"store","embeddable":true,"href":"https:\/\/ofertacular.com\/index.php\/wp-json\/wp\/v2\/store?post=7586"},{"taxonomy":"product_brand","embeddable":true,"href":"https:\/\/ofertacular.com\/index.php\/wp-json\/wp\/v2\/product_brand?post=7586"},{"taxonomy":"product_cat","embeddable":true,"href":"https:\/\/ofertacular.com\/index.php\/wp-json\/wp\/v2\/product_cat?post=7586"},{"taxonomy":"product_tag","embeddable":true,"href":"https:\/\/ofertacular.com\/index.php\/wp-json\/wp\/v2\/product_tag?post=7586"}],"curies":[{"name":"wp","href":"https:\/\/api.w.org\/{rel}","templated":true}]}}