{"id":7598,"date":"2025-09-10T10:19:38","date_gmt":"2025-09-10T08:19:38","guid":{"rendered":"https:\/\/ofertacular.com\/index.php\/producto\/columbia-peakfreak\/"},"modified":"2025-09-10T10:19:38","modified_gmt":"2025-09-10T08:19:38","slug":"columbia-peakfreak","status":"publish","type":"product","link":"https:\/\/ofertacular.com\/index.php\/producto\/columbia-peakfreak\/","title":{"rendered":"Columbia Peakfreak"},"content":{"rendered":"<div class=\"oferta-container\">\n<p>\ud83d\udfe5 <b>ES UN CHOLL\u00d3N<\/b> \ud83d\udfe5 #Publicidad #Amazon #16<\/p>\n<p>\ud83d\udd34 <b>Botas Monta\u00f1a <\/b><\/p>\n<p>\u2705 <b>AHORA 64.99 \u20ac<\/b> \u2714\ufe0f\ud83d\udfe1<\/p>\n<p>\u274c Antes 130.00 \u20ac<\/p>\n<p>\ud83d\uded2: <a href=\"https:\/\/btz.es\/4WxET3U\" target=\"_blank\" rel=\"nofollow noopener\">https:\/\/btz.es\/4WxET3U<\/a><\/p>\n<p>Descubre las Botas Monta\u00f1a Columbia Peakfreak, dise\u00f1adas para ofrecer la m\u00e1xima comodidad y rendimiento en tus aventuras al aire libre. Fabricadas con materiales duraderos y tecnolog\u00eda avanzada que garantizan resistencia al agua y soporte \u00f3ptimo, estas botas son ideales para senderismo, trekking y actividades extremas. Su dise\u00f1o ergon\u00f3mico proporciona estabilidad en terrenos irregulares, manteniendo tus pies secos y protegidos. Columbia Peakfreak combina estilo y funcionalidad para que disfrutes cada paso con confianza.<\/p>\n<\/p><\/div>\n","protected":false},"excerpt":{"rendered":"<p>\ud83d\udfe5 ES UN CHOLL\u00d3N \ud83d\udfe5 #Publicidad #Amazon #16 \ud83d\udd34 Botas Monta\u00f1a \u2705 AHORA 64.99 \u20ac \u2714\ufe0f\ud83d\udfe1 \u274c Antes 130.00 \u20ac \ud83d\uded2: https:\/\/btz.es\/4WxET3U Descubre las Botas Monta\u00f1a Columbia Peakfreak, dise\u00f1adas para ofrecer la m\u00e1xima comodidad y rendimiento en tus aventuras al aire libre. Fabricadas con materiales duraderos y tecnolog\u00eda avanzada que garantizan resistencia al agua y [&hellip;]<\/p>\n","protected":false},"featured_media":7597,"template":"","meta":{"_gspb_post_css":""},"store":[],"product_brand":[],"product_cat":[16],"product_tag":[],"class_list":{"0":"post-7598","1":"product","2":"type-product","3":"status-publish","4":"has-post-thumbnail","6":"product_cat-sin-categorizar","8":"first","9":"instock","10":"sale","11":"shipping-taxable","12":"product-type-external"},"jetpack_sharing_enabled":true,"_links":{"self":[{"href":"https:\/\/ofertacular.com\/index.php\/wp-json\/wp\/v2\/product\/7598","targetHints":{"allow":["GET"]}}],"collection":[{"href":"https:\/\/ofertacular.com\/index.php\/wp-json\/wp\/v2\/product"}],"about":[{"href":"https:\/\/ofertacular.com\/index.php\/wp-json\/wp\/v2\/types\/product"}],"wp:featuredmedia":[{"embeddable":true,"href":"https:\/\/ofertacular.com\/index.php\/wp-json\/wp\/v2\/media\/7597"}],"wp:attachment":[{"href":"https:\/\/ofertacular.com\/index.php\/wp-json\/wp\/v2\/media?parent=7598"}],"wp:term":[{"taxonomy":"store","embeddable":true,"href":"https:\/\/ofertacular.com\/index.php\/wp-json\/wp\/v2\/store?post=7598"},{"taxonomy":"product_brand","embeddable":true,"href":"https:\/\/ofertacular.com\/index.php\/wp-json\/wp\/v2\/product_brand?post=7598"},{"taxonomy":"product_cat","embeddable":true,"href":"https:\/\/ofertacular.com\/index.php\/wp-json\/wp\/v2\/product_cat?post=7598"},{"taxonomy":"product_tag","embeddable":true,"href":"https:\/\/ofertacular.com\/index.php\/wp-json\/wp\/v2\/product_tag?post=7598"}],"curies":[{"name":"wp","href":"https:\/\/api.w.org\/{rel}","templated":true}]}}