{"id":7604,"date":"2025-09-10T11:28:46","date_gmt":"2025-09-10T09:28:46","guid":{"rendered":"https:\/\/ofertacular.com\/index.php\/producto\/eternity-eau\/"},"modified":"2025-09-10T11:28:46","modified_gmt":"2025-09-10T09:28:46","slug":"eternity-eau","status":"publish","type":"product","link":"https:\/\/ofertacular.com\/index.php\/producto\/eternity-eau\/","title":{"rendered":"Eternity Eau"},"content":{"rendered":"<div class=\"oferta-container\">\n<p>\ud83d\udfe5 <b>EXCLUSIVO<\/b> \ud83d\udfe5 #Publicidad #Amazon #16<\/p>\n<p>\ud83d\udd34 <b>Perfume Eternity <\/b><\/p>\n<p>\u2705 <b>AHORA 37.99 \u20ac<\/b> \u2714\ufe0f\ud83d\udfe1<\/p>\n<p>\u274c Antes 44.95 \u20ac<\/p>\n<p>\ud83d\uded2: <a href=\"https:\/\/btz.es\/4WxWs0N\" target=\"_blank\" rel=\"nofollow noopener\">https:\/\/btz.es\/4WxWs0N<\/a><\/p>\n<p>Descubre Eternity Eau, el ic\u00f3nico perfume que combina elegancia y frescura para un aroma inolvidable. Perfecto para quienes buscan una fragancia cl\u00e1sica y sofisticada que resalta la personalidad y estilo \u00fanico. Ideal para cualquier ocasi\u00f3n, Eternity Eau es la elecci\u00f3n premium que cautiva sentidos y deja una impresi\u00f3n duradera.<\/p>\n<\/p><\/div>\n","protected":false},"excerpt":{"rendered":"<p>\ud83d\udfe5 EXCLUSIVO \ud83d\udfe5 #Publicidad #Amazon #16 \ud83d\udd34 Perfume Eternity \u2705 AHORA 37.99 \u20ac \u2714\ufe0f\ud83d\udfe1 \u274c Antes 44.95 \u20ac \ud83d\uded2: https:\/\/btz.es\/4WxWs0N Descubre Eternity Eau, el ic\u00f3nico perfume que combina elegancia y frescura para un aroma inolvidable. Perfecto para quienes buscan una fragancia cl\u00e1sica y sofisticada que resalta la personalidad y estilo \u00fanico. Ideal para cualquier ocasi\u00f3n, [&hellip;]<\/p>\n","protected":false},"featured_media":7603,"template":"","meta":{"_gspb_post_css":""},"store":[],"product_brand":[],"product_cat":[16],"product_tag":[],"class_list":{"0":"post-7604","1":"product","2":"type-product","3":"status-publish","4":"has-post-thumbnail","6":"product_cat-sin-categorizar","8":"first","9":"instock","10":"sale","11":"shipping-taxable","12":"product-type-external"},"jetpack_sharing_enabled":true,"_links":{"self":[{"href":"https:\/\/ofertacular.com\/index.php\/wp-json\/wp\/v2\/product\/7604","targetHints":{"allow":["GET"]}}],"collection":[{"href":"https:\/\/ofertacular.com\/index.php\/wp-json\/wp\/v2\/product"}],"about":[{"href":"https:\/\/ofertacular.com\/index.php\/wp-json\/wp\/v2\/types\/product"}],"wp:featuredmedia":[{"embeddable":true,"href":"https:\/\/ofertacular.com\/index.php\/wp-json\/wp\/v2\/media\/7603"}],"wp:attachment":[{"href":"https:\/\/ofertacular.com\/index.php\/wp-json\/wp\/v2\/media?parent=7604"}],"wp:term":[{"taxonomy":"store","embeddable":true,"href":"https:\/\/ofertacular.com\/index.php\/wp-json\/wp\/v2\/store?post=7604"},{"taxonomy":"product_brand","embeddable":true,"href":"https:\/\/ofertacular.com\/index.php\/wp-json\/wp\/v2\/product_brand?post=7604"},{"taxonomy":"product_cat","embeddable":true,"href":"https:\/\/ofertacular.com\/index.php\/wp-json\/wp\/v2\/product_cat?post=7604"},{"taxonomy":"product_tag","embeddable":true,"href":"https:\/\/ofertacular.com\/index.php\/wp-json\/wp\/v2\/product_tag?post=7604"}],"curies":[{"name":"wp","href":"https:\/\/api.w.org\/{rel}","templated":true}]}}