{"id":7606,"date":"2025-09-10T11:29:39","date_gmt":"2025-09-10T09:29:39","guid":{"rendered":"https:\/\/ofertacular.com\/index.php\/producto\/mochila-dublin\/"},"modified":"2025-09-10T11:29:39","modified_gmt":"2025-09-10T09:29:39","slug":"mochila-dublin","status":"publish","type":"product","link":"https:\/\/ofertacular.com\/index.php\/producto\/mochila-dublin\/","title":{"rendered":"Mochila Dublin"},"content":{"rendered":"<div class=\"oferta-container\">\n<p>\ud83d\udfe5 <b>DESCUENTAZO<\/b> \ud83d\udfe5 #Publicidad #Amazon #16<\/p>\n<p>\ud83d\udd34 <b>Mochila Dublin <\/b><\/p>\n<p>\u2705 <b>AHORA 23.03 \u20ac<\/b> \u2714\ufe0f\ud83d\udfe1<\/p>\n<p>\u274c Antes 30.15 \u20ac<\/p>\n<p>\ud83d\uded2: <a href=\"https:\/\/btz.es\/4WxW6mM\" target=\"_blank\" rel=\"nofollow noopener\">https:\/\/btz.es\/4WxW6mM<\/a><\/p>\n<p>Descubre la Mochila Dublin, perfecta para combinar estilo y funcionalidad en tu d\u00eda a d\u00eda. Fabricada con materiales resistentes y un dise\u00f1o ergon\u00f3mico, esta mochila es ideal para estudiantes, trabajadores y viajeros que buscan comodidad y durabilidad. Con m\u00faltiples compartimentos organizativos, garantiza espacio para todos tus objetos esenciales. Aprovecha la calidad y el dise\u00f1o distintivo de Dublin que te acompa\u00f1ar\u00e1 en cada aventura urbana o excursi\u00f3n. \u00a1Obt\u00e9n ya la Mochila Dublin y lleva tus pertenencias con estilo!<\/p>\n<\/p><\/div>\n","protected":false},"excerpt":{"rendered":"<p>\ud83d\udfe5 DESCUENTAZO \ud83d\udfe5 #Publicidad #Amazon #16 \ud83d\udd34 Mochila Dublin \u2705 AHORA 23.03 \u20ac \u2714\ufe0f\ud83d\udfe1 \u274c Antes 30.15 \u20ac \ud83d\uded2: https:\/\/btz.es\/4WxW6mM Descubre la Mochila Dublin, perfecta para combinar estilo y funcionalidad en tu d\u00eda a d\u00eda. Fabricada con materiales resistentes y un dise\u00f1o ergon\u00f3mico, esta mochila es ideal para estudiantes, trabajadores y viajeros que buscan comodidad [&hellip;]<\/p>\n","protected":false},"featured_media":7605,"template":"","meta":{"_gspb_post_css":""},"store":[],"product_brand":[],"product_cat":[16],"product_tag":[],"class_list":{"0":"post-7606","1":"product","2":"type-product","3":"status-publish","4":"has-post-thumbnail","6":"product_cat-sin-categorizar","8":"first","9":"instock","10":"sale","11":"shipping-taxable","12":"product-type-external"},"jetpack_sharing_enabled":true,"_links":{"self":[{"href":"https:\/\/ofertacular.com\/index.php\/wp-json\/wp\/v2\/product\/7606","targetHints":{"allow":["GET"]}}],"collection":[{"href":"https:\/\/ofertacular.com\/index.php\/wp-json\/wp\/v2\/product"}],"about":[{"href":"https:\/\/ofertacular.com\/index.php\/wp-json\/wp\/v2\/types\/product"}],"wp:featuredmedia":[{"embeddable":true,"href":"https:\/\/ofertacular.com\/index.php\/wp-json\/wp\/v2\/media\/7605"}],"wp:attachment":[{"href":"https:\/\/ofertacular.com\/index.php\/wp-json\/wp\/v2\/media?parent=7606"}],"wp:term":[{"taxonomy":"store","embeddable":true,"href":"https:\/\/ofertacular.com\/index.php\/wp-json\/wp\/v2\/store?post=7606"},{"taxonomy":"product_brand","embeddable":true,"href":"https:\/\/ofertacular.com\/index.php\/wp-json\/wp\/v2\/product_brand?post=7606"},{"taxonomy":"product_cat","embeddable":true,"href":"https:\/\/ofertacular.com\/index.php\/wp-json\/wp\/v2\/product_cat?post=7606"},{"taxonomy":"product_tag","embeddable":true,"href":"https:\/\/ofertacular.com\/index.php\/wp-json\/wp\/v2\/product_tag?post=7606"}],"curies":[{"name":"wp","href":"https:\/\/api.w.org\/{rel}","templated":true}]}}